{"id":15858,"date":"2023-10-30T12:30:13","date_gmt":"2023-10-30T11:30:13","guid":{"rendered":"https:\/\/baralivres.ma\/?post_type=product&#038;p=15858"},"modified":"2023-10-31T09:53:37","modified_gmt":"2023-10-31T08:53:37","slug":"business-pour-tous-en-60-jours","status":"publish","type":"product","link":"https:\/\/baralivres.ma\/?product=business-pour-tous-en-60-jours","title":{"rendered":"BUSINESS POUR TOUS EN 60 JOURS"},"content":{"rendered":"<div class=\"group w-full text-token-text-primary border-b border-black\/10 gizmo:border-0 dark:border-gray-900\/50 gizmo:dark:border-0 bg-gray-50 gizmo:bg-transparent dark:bg-[#444654] gizmo:dark:bg-transparent\" data-testid=\"conversation-turn-103\">\n<div class=\"p-4 gizmo:py-2 justify-center text-base md:gap-6 md:py-6 m-auto\">\n<div class=\"flex flex-1 gap-4 text-base mx-auto md:gap-6 gizmo:gap-3 gizmo:md:px-5 gizmo:lg:px-1 gizmo:xl:px-5 md:max-w-2xl lg:max-w-[38rem] gizmo:md:max-w-3xl gizmo:lg:max-w-[40rem] gizmo:xl:max-w-[48rem] xl:max-w-3xl }\">\n<div class=\"relative flex w-[calc(100%-50px)] flex-col gizmo:w-full lg:w-[calc(100%-115px)] agent-turn\">\n<div class=\"flex-col gap-1 md:gap-3\">\n<div class=\"flex flex-grow flex-col gap-3 max-w-full\">\n<div class=\"min-h-[20px] flex flex-col items-start gap-3 whitespace-pre-wrap break-words overflow-x-auto\" data-message-author-role=\"assistant\" data-message-id=\"fea12c1e-224c-4271-8325-ce221b766b4f\">\n<div class=\"markdown prose w-full break-words dark:prose-invert light\">\n<p>D\u00e9couvrir les secrets de la r\u00e9ussite entrepreneuriale est essentiel pour faire prosp\u00e9rer son entreprise. Cet ouvrage, sign\u00e9 par un expert mondial en management et marketing, d\u00e9voile les neuf domaines essentiels o\u00f9 les gestionnaires et dirigeants doivent exceller pour atteindre la r\u00e9ussite. De la compr\u00e9hension des comportements au d\u00e9veloppement d&rsquo;une strat\u00e9gie commerciale solide, en passant par le leadership, la productivit\u00e9 personnelle, le marketing efficace, la r\u00e9alisation, la conclusion de ventes fructueuses, et le management de l&rsquo;entreprise, ce livre offre des conseils pratiques pour la croissance et la prosp\u00e9rit\u00e9 de votre entreprise.<\/p>\n<\/div>\n<\/div>\n<\/div>\n<div class=\"flex justify-between empty:hidden gizmo:justify-start gizmo:gap-3 lg:block gizmo:lg:flex\">\n<div class=\"text-gray-400 flex self-end lg:self-center justify-center gizmo:lg:justify-start mt-2 gizmo:mt-0 visible lg:gap-1 lg:absolute lg:top-0 lg:translate-x-full lg:right-0 lg:mt-0 lg:pl-2 gap-2 md:gap-3\">\n<p>&nbsp;<\/p>\n<div class=\"flex gap-1\"><\/div>\n<\/div>\n<\/div>\n<\/div>\n<\/div>\n<\/div>\n<\/div>\n<\/div>\n","protected":false},"excerpt":{"rendered":"<p>Comment d\u00e9velopper son entreprise avec succ\u00e8s ? Cet ouvrage, r\u00e9dig\u00e9 par un expert en management et marketing, identifie les neuf domaines cl\u00e9s pour la r\u00e9ussite : comportement, leadership, productivit\u00e9 personnelle, message, marketing, strat\u00e9gie business, r\u00e9alisation, ventes, et management. Il offre des conseils pratiques pour faire cro\u00eetre votre entreprise.<\/p>\n","protected":false},"featured_media":15864,"comment_status":"open","ping_status":"closed","template":"","meta":{"inline_featured_image":false},"product_cat":[204,91],"product_tag":[],"class_list":{"0":"post-15858","1":"product","2":"type-product","3":"status-publish","4":"has-post-thumbnail","6":"product_cat-francais","7":"product_cat-developpement","8":"pa_auteurs-donald-miller","10":"first","11":"instock","12":"shipping-taxable","13":"purchasable","14":"product-type-simple"},"_links":{"self":[{"href":"https:\/\/baralivres.ma\/index.php?rest_route=\/wp\/v2\/product\/15858","targetHints":{"allow":["GET"]}}],"collection":[{"href":"https:\/\/baralivres.ma\/index.php?rest_route=\/wp\/v2\/product"}],"about":[{"href":"https:\/\/baralivres.ma\/index.php?rest_route=\/wp\/v2\/types\/product"}],"replies":[{"embeddable":true,"href":"https:\/\/baralivres.ma\/index.php?rest_route=%2Fwp%2Fv2%2Fcomments&post=15858"}],"version-history":[{"count":2,"href":"https:\/\/baralivres.ma\/index.php?rest_route=\/wp\/v2\/product\/15858\/revisions"}],"predecessor-version":[{"id":16322,"href":"https:\/\/baralivres.ma\/index.php?rest_route=\/wp\/v2\/product\/15858\/revisions\/16322"}],"wp:featuredmedia":[{"embeddable":true,"href":"https:\/\/baralivres.ma\/index.php?rest_route=\/wp\/v2\/media\/15864"}],"wp:attachment":[{"href":"https:\/\/baralivres.ma\/index.php?rest_route=%2Fwp%2Fv2%2Fmedia&parent=15858"}],"wp:term":[{"taxonomy":"product_cat","embeddable":true,"href":"https:\/\/baralivres.ma\/index.php?rest_route=%2Fwp%2Fv2%2Fproduct_cat&post=15858"},{"taxonomy":"product_tag","embeddable":true,"href":"https:\/\/baralivres.ma\/index.php?rest_route=%2Fwp%2Fv2%2Fproduct_tag&post=15858"}],"curies":[{"name":"wp","href":"https:\/\/api.w.org\/{rel}","templated":true}]}}