{"id":15852,"date":"2023-10-30T12:28:51","date_gmt":"2023-10-30T11:28:51","guid":{"rendered":"https:\/\/baralivres.ma\/?post_type=product&#038;p=15852"},"modified":"2023-10-30T12:28:51","modified_gmt":"2023-10-30T11:28:51","slug":"les-funambules","status":"publish","type":"product","link":"https:\/\/baralivres.ma\/?product=les-funambules","title":{"rendered":"Les funambules"},"content":{"rendered":"<div class=\"group w-full text-token-text-primary border-b border-black\/10 gizmo:border-0 dark:border-gray-900\/50 gizmo:dark:border-0 gizmo:bg-transparent dark:bg-gray-800 gizmo:dark:bg-transparent\" data-testid=\"conversation-turn-2\">\n<div class=\"p-4 gizmo:py-2 justify-center text-base md:gap-6 md:py-6 m-auto\">\n<div class=\"flex flex-1 gap-4 text-base mx-auto md:gap-6 gizmo:gap-3 gizmo:md:px-5 gizmo:lg:px-1 gizmo:xl:px-5 md:max-w-2xl lg:max-w-[38rem] gizmo:md:max-w-3xl gizmo:lg:max-w-[40rem] gizmo:xl:max-w-[48rem] xl:max-w-3xl }\">\n<div class=\"relative flex w-[calc(100%-50px)] flex-col gizmo:w-full lg:w-[calc(100%-115px)]\">\n<div class=\"flex-col gap-1 md:gap-3\">\n<div class=\"flex flex-grow flex-col gap-3 max-w-full\">\n<div class=\"min-h-[20px] flex flex-col items-start gap-3 whitespace-pre-wrap break-words overflow-x-auto\" data-message-author-role=\"user\" data-message-id=\"aaa21b2c-d634-4cc6-a777-f7f3813a6237\">\n<div class=\"\">reforemuler<\/div>\n<\/div>\n<\/div>\n<div class=\"text-gray-400 flex self-end lg:self-center justify-center gizmo:lg:justify-start mt-2 gizmo:mt-0 visible lg:gap-1 lg:absolute lg:top-0 lg:translate-x-full lg:right-0 lg:mt-0 lg:pl-2 gap-2 md:gap-3 gizmo:absolute gizmo:right-0 gizmo:top-1\/2 gizmo:-translate-y-1\/2 gizmo:transform\"><\/div>\n<\/div>\n<\/div>\n<\/div>\n<\/div>\n<\/div>\n<div class=\"group w-full text-token-text-primary border-b border-black\/10 gizmo:border-0 dark:border-gray-900\/50 gizmo:dark:border-0 bg-gray-50 gizmo:bg-transparent dark:bg-[#444654] gizmo:dark:bg-transparent\" data-testid=\"conversation-turn-3\">\n<div class=\"p-4 gizmo:py-2 justify-center text-base md:gap-6 md:py-6 m-auto\">\n<div class=\"flex flex-1 gap-4 text-base mx-auto md:gap-6 gizmo:gap-3 gizmo:md:px-5 gizmo:lg:px-1 gizmo:xl:px-5 md:max-w-2xl lg:max-w-[38rem] gizmo:md:max-w-3xl gizmo:lg:max-w-[40rem] gizmo:xl:max-w-[48rem] xl:max-w-3xl }\">\n<div class=\"flex-shrink-0 flex flex-col relative items-end\">\n<div>\n<div class=\"relative p-1 rounded-sm h-9 w-9 text-white flex items-center justify-center\">ChatGPT<\/div>\n<\/div>\n<div class=\"text-xs flex items-center justify-center gap-1 absolute left-0 top-2 -ml-4 -translate-x-full gizmo:top-1 gizmo:-ml-6 invisible\"><\/div>\n<\/div>\n<div class=\"relative flex w-[calc(100%-50px)] flex-col gizmo:w-full lg:w-[calc(100%-115px)] agent-turn\">\n<div class=\"flex-col gap-1 md:gap-3\">\n<div class=\"flex flex-grow flex-col gap-3 max-w-full\">\n<div class=\"min-h-[20px] flex flex-col items-start gap-3 whitespace-pre-wrap break-words overflow-x-auto\" data-message-author-role=\"assistant\" data-message-id=\"cf9334df-2703-486b-86e1-2c794a39db56\">\n<div class=\"markdown prose w-full break-words dark:prose-invert light\">\n<p>\u00c0 un moment critique, le funambule de la vie perd son \u00e9quilibre et bascule. Le narrateur, qui est arriv\u00e9 en France \u00e0 l&rsquo;\u00e2ge de neuf ans avec une m\u00e8re analphab\u00e8te, se compare lui-m\u00eame \u00e0 un funambule. \u00c0 trente-quatre ans, bien qu&rsquo;il \u00e9crive sur la vie des autres en mettant en lumi\u00e8re leurs faiblesses, il \u00e9vite soigneusement de traiter des siennes : l&rsquo;indigence de son enfance, l&rsquo;absence de son p\u00e8re et la disparition de Nadia, son amour de jeunesse.<\/p>\n<p>C&rsquo;est en se lan\u00e7ant \u00e0 la recherche de Nadia qu&rsquo;il plonge profond\u00e9ment dans le monde associatif. Il rencontre des b\u00e9n\u00e9voles qui partagent leurs histoires, r\u00e9v\u00e9lant ce qui les motive \u00e0 tendre la main et \u00e0 prendre soin des plus d\u00e9munis. Ces individus, des h\u00e9ros m\u00e9connus, jouent un r\u00f4le fondamental dans le bon fonctionnement de la soci\u00e9t\u00e9 et aideront le narrateur \u00e0 entreprendre un voyage pour d\u00e9couvrir sa v\u00e9ritable identit\u00e9.<\/p>\n<\/div>\n<\/div>\n<\/div>\n<\/div>\n<\/div>\n<\/div>\n<\/div>\n<\/div>\n","protected":false},"excerpt":{"rendered":"<p>Narrateur confronte son pass\u00e9 en explorant b\u00e9n\u00e9volat, d\u00e9couvrant sa propre identit\u00e9 dans l&rsquo;engagement associatif.<\/p>\n","protected":false},"featured_media":15860,"comment_status":"open","ping_status":"closed","template":"","meta":{"inline_featured_image":false},"product_cat":[204,143],"product_tag":[],"class_list":{"0":"post-15852","1":"product","2":"type-product","3":"status-publish","4":"has-post-thumbnail","6":"product_cat-francais","7":"product_cat-roman","8":"pa_auteurs-mohammed-aissaoui","10":"first","11":"instock","12":"shipping-taxable","13":"purchasable","14":"product-type-simple"},"_links":{"self":[{"href":"https:\/\/baralivres.ma\/index.php?rest_route=\/wp\/v2\/product\/15852","targetHints":{"allow":["GET"]}}],"collection":[{"href":"https:\/\/baralivres.ma\/index.php?rest_route=\/wp\/v2\/product"}],"about":[{"href":"https:\/\/baralivres.ma\/index.php?rest_route=\/wp\/v2\/types\/product"}],"replies":[{"embeddable":true,"href":"https:\/\/baralivres.ma\/index.php?rest_route=%2Fwp%2Fv2%2Fcomments&post=15852"}],"version-history":[{"count":1,"href":"https:\/\/baralivres.ma\/index.php?rest_route=\/wp\/v2\/product\/15852\/revisions"}],"predecessor-version":[{"id":15861,"href":"https:\/\/baralivres.ma\/index.php?rest_route=\/wp\/v2\/product\/15852\/revisions\/15861"}],"wp:featuredmedia":[{"embeddable":true,"href":"https:\/\/baralivres.ma\/index.php?rest_route=\/wp\/v2\/media\/15860"}],"wp:attachment":[{"href":"https:\/\/baralivres.ma\/index.php?rest_route=%2Fwp%2Fv2%2Fmedia&parent=15852"}],"wp:term":[{"taxonomy":"product_cat","embeddable":true,"href":"https:\/\/baralivres.ma\/index.php?rest_route=%2Fwp%2Fv2%2Fproduct_cat&post=15852"},{"taxonomy":"product_tag","embeddable":true,"href":"https:\/\/baralivres.ma\/index.php?rest_route=%2Fwp%2Fv2%2Fproduct_tag&post=15852"}],"curies":[{"name":"wp","href":"https:\/\/api.w.org\/{rel}","templated":true}]}}