{"id":15843,"date":"2023-10-30T12:25:05","date_gmt":"2023-10-30T11:25:05","guid":{"rendered":"https:\/\/baralivres.ma\/?post_type=product&#038;p=15843"},"modified":"2023-10-30T12:25:06","modified_gmt":"2023-10-30T11:25:06","slug":"babylone","status":"publish","type":"product","link":"https:\/\/baralivres.ma\/?product=babylone","title":{"rendered":"Babylone"},"content":{"rendered":"<p>Tous \u00e9taient pris d&rsquo;un \u00e9lan de joie. Les Manoscrivi, \u00e9galement pris dans ce moment, demeurent fig\u00e9s dans mon esprit. Jean-Lino, v\u00eatu d&rsquo;une chemise parme, arborant ses nouvelles lunettes jaunes \u00e0 demi-cercl\u00e9es, se tenait debout derri\u00e8re le canap\u00e9, rayonnant soit par l&rsquo;effet du champagne soit par l&rsquo;excitation d&rsquo;\u00eatre en compagnie, affichant un large sourire d\u00e9voilant toutes ses dents. Lydie, assise en dessous, sa jupe s&rsquo;\u00e9talant de chaque c\u00f4t\u00e9, penchait son visage vers la gauche, \u00e9clatant de rire. Un rire qui semblait \u00eatre le tout dernier de sa vie. Un rire que j&rsquo;observe inlassablement. C&rsquo;\u00e9tait un rire d\u00e9nu\u00e9 de toute intention malicieuse, d\u00e9pourvu de toute forme de s\u00e9duction, un rire que j&rsquo;entends encore r\u00e9sonner avec une certaine na\u00efvet\u00e9, un rire qui ne pr\u00e9sageait rien, n&rsquo;anticipait rien. Nous n&rsquo;avions eu aucun avertissement de l&rsquo;in\u00e9vitable&#8230;<\/p>\n","protected":false},"excerpt":{"rendered":"<p>Famille Manoscrivi rit joyeusement, ignorante du destin tragique qui les attend, dans un portrait captivant.<\/p>\n","protected":false},"featured_media":15849,"comment_status":"open","ping_status":"closed","template":"","meta":{"inline_featured_image":false},"product_cat":[204,143],"product_tag":[],"class_list":{"0":"post-15843","1":"product","2":"type-product","3":"status-publish","4":"has-post-thumbnail","6":"product_cat-francais","7":"product_cat-roman","8":"pa_auteurs-yasmina-reza","10":"first","11":"instock","12":"shipping-taxable","13":"purchasable","14":"product-type-simple"},"_links":{"self":[{"href":"https:\/\/baralivres.ma\/index.php?rest_route=\/wp\/v2\/product\/15843","targetHints":{"allow":["GET"]}}],"collection":[{"href":"https:\/\/baralivres.ma\/index.php?rest_route=\/wp\/v2\/product"}],"about":[{"href":"https:\/\/baralivres.ma\/index.php?rest_route=\/wp\/v2\/types\/product"}],"replies":[{"embeddable":true,"href":"https:\/\/baralivres.ma\/index.php?rest_route=%2Fwp%2Fv2%2Fcomments&post=15843"}],"version-history":[{"count":1,"href":"https:\/\/baralivres.ma\/index.php?rest_route=\/wp\/v2\/product\/15843\/revisions"}],"predecessor-version":[{"id":15850,"href":"https:\/\/baralivres.ma\/index.php?rest_route=\/wp\/v2\/product\/15843\/revisions\/15850"}],"wp:featuredmedia":[{"embeddable":true,"href":"https:\/\/baralivres.ma\/index.php?rest_route=\/wp\/v2\/media\/15849"}],"wp:attachment":[{"href":"https:\/\/baralivres.ma\/index.php?rest_route=%2Fwp%2Fv2%2Fmedia&parent=15843"}],"wp:term":[{"taxonomy":"product_cat","embeddable":true,"href":"https:\/\/baralivres.ma\/index.php?rest_route=%2Fwp%2Fv2%2Fproduct_cat&post=15843"},{"taxonomy":"product_tag","embeddable":true,"href":"https:\/\/baralivres.ma\/index.php?rest_route=%2Fwp%2Fv2%2Fproduct_tag&post=15843"}],"curies":[{"name":"wp","href":"https:\/\/api.w.org\/{rel}","templated":true}]}}