{"id":15838,"date":"2023-10-30T12:23:44","date_gmt":"2023-10-30T11:23:44","guid":{"rendered":"https:\/\/baralivres.ma\/?post_type=product&#038;p=15838"},"modified":"2023-12-04T13:00:23","modified_gmt":"2023-12-04T12:00:23","slug":"souvrir-a-lamour-et-au-bonheur","status":"publish","type":"product","link":"https:\/\/baralivres.ma\/?product=souvrir-a-lamour-et-au-bonheur","title":{"rendered":"S&rsquo;ouvrir \u00e0 l&rsquo;amour et au bonheur"},"content":{"rendered":"<p>La pri\u00e8re constitue une union sacr\u00e9e entre l&rsquo;homme et le divin, que ce soit empreint d&rsquo;amour, de reconnaissance, d&rsquo;inspiration, ou dict\u00e9 par la peur et le d\u00e9sespoir. Quand nous prions, nos paroles humaines se fondent harmonieusement avec les \u00e9motions de notre c\u0153ur, cr\u00e9ant ainsi une force incommensurable. Au fil des pages de ce livre essentiel, don Miguel Ruiz vous guide sur un magnifique parcours vers la paix int\u00e9rieure, l&rsquo;extase, la gratitude profonde, et m\u00eame l&rsquo;\u00e9tat de gr\u00e2ce.<\/p>\n","protected":false},"excerpt":{"rendered":"<p>La pri\u00e8re unit l&rsquo;homme et le divin, transformant les \u00e9motions en une puissante force pour la paix int\u00e9rieure.<\/p>\n","protected":false},"featured_media":15846,"comment_status":"open","ping_status":"closed","template":"","meta":{"inline_featured_image":false},"product_cat":[204,91],"product_tag":[],"class_list":{"0":"post-15838","1":"product","2":"type-product","3":"status-publish","4":"has-post-thumbnail","6":"product_cat-francais","7":"product_cat-developpement","8":"pa_auteurs-miguel-ruiz-2","10":"first","11":"instock","12":"shipping-taxable","13":"purchasable","14":"product-type-simple"},"_links":{"self":[{"href":"https:\/\/baralivres.ma\/index.php?rest_route=\/wp\/v2\/product\/15838","targetHints":{"allow":["GET"]}}],"collection":[{"href":"https:\/\/baralivres.ma\/index.php?rest_route=\/wp\/v2\/product"}],"about":[{"href":"https:\/\/baralivres.ma\/index.php?rest_route=\/wp\/v2\/types\/product"}],"replies":[{"embeddable":true,"href":"https:\/\/baralivres.ma\/index.php?rest_route=%2Fwp%2Fv2%2Fcomments&post=15838"}],"version-history":[{"count":1,"href":"https:\/\/baralivres.ma\/index.php?rest_route=\/wp\/v2\/product\/15838\/revisions"}],"predecessor-version":[{"id":15847,"href":"https:\/\/baralivres.ma\/index.php?rest_route=\/wp\/v2\/product\/15838\/revisions\/15847"}],"wp:featuredmedia":[{"embeddable":true,"href":"https:\/\/baralivres.ma\/index.php?rest_route=\/wp\/v2\/media\/15846"}],"wp:attachment":[{"href":"https:\/\/baralivres.ma\/index.php?rest_route=%2Fwp%2Fv2%2Fmedia&parent=15838"}],"wp:term":[{"taxonomy":"product_cat","embeddable":true,"href":"https:\/\/baralivres.ma\/index.php?rest_route=%2Fwp%2Fv2%2Fproduct_cat&post=15838"},{"taxonomy":"product_tag","embeddable":true,"href":"https:\/\/baralivres.ma\/index.php?rest_route=%2Fwp%2Fv2%2Fproduct_tag&post=15838"}],"curies":[{"name":"wp","href":"https:\/\/api.w.org\/{rel}","templated":true}]}}