{"id":15836,"date":"2023-10-30T12:25:58","date_gmt":"2023-10-30T11:25:58","guid":{"rendered":"https:\/\/baralivres.ma\/?post_type=product&#038;p=15836"},"modified":"2023-10-30T12:25:59","modified_gmt":"2023-10-30T11:25:59","slug":"lautre-fille","status":"publish","type":"product","link":"https:\/\/baralivres.ma\/?product=lautre-fille","title":{"rendered":"L&rsquo;Autre Fille"},"content":{"rendered":"<p>\u00ab\u00a0J&rsquo;ai d\u00fb affronter cette \u00e9nigmatique contradiction : toi, la jeune fille mod\u00e8le, la petite sainte, n&rsquo;as pas surv\u00e9cu, tandis que moi, le d\u00e9mon, j&rsquo;\u00e9tais bel et bien en vie. Non seulement en vie, mais presque miraculeusement. Il semble que pour que je puisse na\u00eetre et \u00eatre sauv\u00e9e, il ait fallu que tu d\u00e9c\u00e8des \u00e0 l&rsquo;\u00e2ge de six ans.\u00a0\u00bb<\/p>\n","protected":false},"excerpt":{"rendered":"<p>La contradiction : Toi, la bonne fille d\u00e9c\u00e9d\u00e9e, moi, le d\u00e9mon vivant, sauv\u00e9, \u00e0 six ans.<\/p>\n","protected":false},"featured_media":15845,"comment_status":"open","ping_status":"closed","template":"","meta":{"inline_featured_image":false},"product_cat":[204,143],"product_tag":[],"class_list":{"0":"post-15836","1":"product","2":"type-product","3":"status-publish","4":"has-post-thumbnail","6":"product_cat-francais","7":"product_cat-roman","8":"pa_auteurs-annie-ernaux","10":"first","11":"instock","12":"shipping-taxable","13":"purchasable","14":"product-type-simple"},"_links":{"self":[{"href":"https:\/\/baralivres.ma\/index.php?rest_route=\/wp\/v2\/product\/15836","targetHints":{"allow":["GET"]}}],"collection":[{"href":"https:\/\/baralivres.ma\/index.php?rest_route=\/wp\/v2\/product"}],"about":[{"href":"https:\/\/baralivres.ma\/index.php?rest_route=\/wp\/v2\/types\/product"}],"replies":[{"embeddable":true,"href":"https:\/\/baralivres.ma\/index.php?rest_route=%2Fwp%2Fv2%2Fcomments&post=15836"}],"version-history":[{"count":1,"href":"https:\/\/baralivres.ma\/index.php?rest_route=\/wp\/v2\/product\/15836\/revisions"}],"predecessor-version":[{"id":15851,"href":"https:\/\/baralivres.ma\/index.php?rest_route=\/wp\/v2\/product\/15836\/revisions\/15851"}],"wp:featuredmedia":[{"embeddable":true,"href":"https:\/\/baralivres.ma\/index.php?rest_route=\/wp\/v2\/media\/15845"}],"wp:attachment":[{"href":"https:\/\/baralivres.ma\/index.php?rest_route=%2Fwp%2Fv2%2Fmedia&parent=15836"}],"wp:term":[{"taxonomy":"product_cat","embeddable":true,"href":"https:\/\/baralivres.ma\/index.php?rest_route=%2Fwp%2Fv2%2Fproduct_cat&post=15836"},{"taxonomy":"product_tag","embeddable":true,"href":"https:\/\/baralivres.ma\/index.php?rest_route=%2Fwp%2Fv2%2Fproduct_tag&post=15836"}],"curies":[{"name":"wp","href":"https:\/\/api.w.org\/{rel}","templated":true}]}}