{"id":15834,"date":"2023-10-30T12:21:21","date_gmt":"2023-10-30T11:21:21","guid":{"rendered":"https:\/\/baralivres.ma\/?post_type=product&#038;p=15834"},"modified":"2023-10-31T10:00:08","modified_gmt":"2023-10-31T09:00:08","slug":"100-pour-lancer-son-business","status":"publish","type":"product","link":"https:\/\/baralivres.ma\/?product=100-pour-lancer-son-business","title":{"rendered":"100 $ POUR LANCER SON BUSINESS"},"content":{"rendered":"<p>Dans le livre \u00ab\u00a0100 euros pour lancer son business\u00a0\u00bb, l&rsquo;auteur met en avant l&rsquo;importance des donn\u00e9es dans le processus de cr\u00e9ation d&rsquo;une entreprise. Il souligne que ces donn\u00e9es fournissent un aper\u00e7u plus approfondi du march\u00e9 dans lequel l&rsquo;entrepreneur \u00e9volue. En comprenant le public cible, ses besoins et ses pr\u00e9f\u00e9rences, il devient possible de d\u00e9velopper des strat\u00e9gies de marketing et de lancement de produits plus efficaces. Ces informations aident \u00e0 orienter les d\u00e9cisions et \u00e0 maximiser les chances de succ\u00e8s dans le monde des affaires, m\u00eame avec des ressources limit\u00e9es. Ainsi, le livre encourage les entrepreneurs \u00e0 exploiter les donn\u00e9es comme un outil pr\u00e9cieux pour prendre des d\u00e9cisions \u00e9clair\u00e9es et optimiser leur d\u00e9marrage d&rsquo;entreprise.<\/p>\n","protected":false},"excerpt":{"rendered":"<p>Le livre \u00ab\u00a0100 euros pour lancer son business\u00a0\u00bb souligne l&rsquo;importance des donn\u00e9es pour comprendre le march\u00e9 et \u00e9laborer des strat\u00e9gies de lancement de produits.<\/p>\n","protected":false},"featured_media":15840,"comment_status":"open","ping_status":"closed","template":"","meta":{"inline_featured_image":false},"product_cat":[204,91],"product_tag":[],"class_list":{"0":"post-15834","1":"product","2":"type-product","3":"status-publish","4":"has-post-thumbnail","6":"product_cat-francais","7":"product_cat-developpement","8":"pa_auteurs-chris-guillebeau","10":"first","11":"instock","12":"shipping-taxable","13":"purchasable","14":"product-type-simple"},"_links":{"self":[{"href":"https:\/\/baralivres.ma\/index.php?rest_route=\/wp\/v2\/product\/15834","targetHints":{"allow":["GET"]}}],"collection":[{"href":"https:\/\/baralivres.ma\/index.php?rest_route=\/wp\/v2\/product"}],"about":[{"href":"https:\/\/baralivres.ma\/index.php?rest_route=\/wp\/v2\/types\/product"}],"replies":[{"embeddable":true,"href":"https:\/\/baralivres.ma\/index.php?rest_route=%2Fwp%2Fv2%2Fcomments&post=15834"}],"version-history":[{"count":1,"href":"https:\/\/baralivres.ma\/index.php?rest_route=\/wp\/v2\/product\/15834\/revisions"}],"predecessor-version":[{"id":15842,"href":"https:\/\/baralivres.ma\/index.php?rest_route=\/wp\/v2\/product\/15834\/revisions\/15842"}],"wp:featuredmedia":[{"embeddable":true,"href":"https:\/\/baralivres.ma\/index.php?rest_route=\/wp\/v2\/media\/15840"}],"wp:attachment":[{"href":"https:\/\/baralivres.ma\/index.php?rest_route=%2Fwp%2Fv2%2Fmedia&parent=15834"}],"wp:term":[{"taxonomy":"product_cat","embeddable":true,"href":"https:\/\/baralivres.ma\/index.php?rest_route=%2Fwp%2Fv2%2Fproduct_cat&post=15834"},{"taxonomy":"product_tag","embeddable":true,"href":"https:\/\/baralivres.ma\/index.php?rest_route=%2Fwp%2Fv2%2Fproduct_tag&post=15834"}],"curies":[{"name":"wp","href":"https:\/\/api.w.org\/{rel}","templated":true}]}}