{"id":15832,"date":"2023-10-30T12:21:19","date_gmt":"2023-10-30T11:21:19","guid":{"rendered":"https:\/\/baralivres.ma\/?post_type=product&#038;p=15832"},"modified":"2023-10-30T12:21:20","modified_gmt":"2023-10-30T11:21:20","slug":"ladversaire","status":"publish","type":"product","link":"https:\/\/baralivres.ma\/?product=ladversaire","title":{"rendered":"L&rsquo;Adversaire"},"content":{"rendered":"<div class=\"flex-shrink-0 flex flex-col relative items-end\">\n<div>\n<div class=\"relative p-1 rounded-sm h-9 w-9 text-white flex items-center justify-center\"><\/div>\n<\/div>\n<\/div>\n<div class=\"relative flex w-[calc(100%-50px)] flex-col gizmo:w-full lg:w-[calc(100%-115px)] agent-turn\">\n<div class=\"flex-col gap-1 md:gap-3\">\n<div class=\"flex flex-grow flex-col gap-3 max-w-full\">\n<div class=\"min-h-[20px] flex flex-col items-start gap-3 whitespace-pre-wrap break-words text-orange-500 overflow-x-auto\" data-message-author-role=\"assistant\" data-message-id=\"d4814681-7c5e-42a2-b2ea-30f5ab6c0984\">\n<div class=\"text-orange-500 markdown prose w-full break-words dark:prose-invert light\">\n<p>Le 9 janvier 1993, Jean-Claude Romand a commis un acte terrible en mettant fin \u00e0 la vie de sa femme, de ses enfants et de ses parents avant de tenter, sans succ\u00e8s, de mettre fin \u00e0 la sienne. L&rsquo;enqu\u00eate a d\u00e9voil\u00e9 qu&rsquo;il n&rsquo;\u00e9tait pas le professionnel de la sant\u00e9 qu&rsquo;il pr\u00e9tendait \u00eatre, mais plus choquant encore, il n&rsquo;avait aucune autre identit\u00e9. Pendant dix-huit ans, il a tiss\u00e9 un mensonge qui ne dissimulait rien. Se sentant sur le point d&rsquo;\u00eatre d\u00e9couvert, il a pr\u00e9f\u00e9r\u00e9 \u00e9liminer ceux dont il redoutait le regard. Sa sentence a \u00e9t\u00e9 la prison \u00e0 perp\u00e9tuit\u00e9 pour ses crimes.<\/p>\n<p>J&rsquo;ai \u00e9tabli un lien avec lui et suivi son proc\u00e8s. J&rsquo;ai tent\u00e9 de relater de fa\u00e7on d\u00e9taill\u00e9e, jour apr\u00e8s jour, cette existence faite de solitude, de tromperie et de vide. J&rsquo;ai cherch\u00e9 \u00e0 imaginer ce qui pouvait occuper son esprit durant ces heures vides, d\u00e9pourvues de projets ou de t\u00e9moins, qu&rsquo;il \u00e9tait cens\u00e9 passer au travail, mais qu&rsquo;en r\u00e9alit\u00e9 il passait sur des aires d&rsquo;autoroute ou dans les for\u00eats du Jura. Enfin, j&rsquo;ai essay\u00e9 de saisir ce qui, dans une exp\u00e9rience humaine aussi extr\u00eame, a eu un impact si fort sur moi et, je pense, sur chacun d&rsquo;entre nous.<\/p>\n<\/div>\n<\/div>\n<\/div>\n<\/div>\n<\/div>\n","protected":false},"excerpt":{"rendered":"<p>Romand a v\u00e9cu une vie de mensonges, causant trag\u00e9die, cachant une identit\u00e9 vide et cruelle.<\/p>\n","protected":false},"featured_media":15839,"comment_status":"open","ping_status":"closed","template":"","meta":{"inline_featured_image":false},"product_cat":[204,143],"product_tag":[],"class_list":{"0":"post-15832","1":"product","2":"type-product","3":"status-publish","4":"has-post-thumbnail","6":"product_cat-francais","7":"product_cat-roman","8":"pa_auteurs-emmanuel-carrere","10":"first","11":"instock","12":"shipping-taxable","13":"purchasable","14":"product-type-simple"},"_links":{"self":[{"href":"https:\/\/baralivres.ma\/index.php?rest_route=\/wp\/v2\/product\/15832","targetHints":{"allow":["GET"]}}],"collection":[{"href":"https:\/\/baralivres.ma\/index.php?rest_route=\/wp\/v2\/product"}],"about":[{"href":"https:\/\/baralivres.ma\/index.php?rest_route=\/wp\/v2\/types\/product"}],"replies":[{"embeddable":true,"href":"https:\/\/baralivres.ma\/index.php?rest_route=%2Fwp%2Fv2%2Fcomments&post=15832"}],"version-history":[{"count":1,"href":"https:\/\/baralivres.ma\/index.php?rest_route=\/wp\/v2\/product\/15832\/revisions"}],"predecessor-version":[{"id":15841,"href":"https:\/\/baralivres.ma\/index.php?rest_route=\/wp\/v2\/product\/15832\/revisions\/15841"}],"wp:featuredmedia":[{"embeddable":true,"href":"https:\/\/baralivres.ma\/index.php?rest_route=\/wp\/v2\/media\/15839"}],"wp:attachment":[{"href":"https:\/\/baralivres.ma\/index.php?rest_route=%2Fwp%2Fv2%2Fmedia&parent=15832"}],"wp:term":[{"taxonomy":"product_cat","embeddable":true,"href":"https:\/\/baralivres.ma\/index.php?rest_route=%2Fwp%2Fv2%2Fproduct_cat&post=15832"},{"taxonomy":"product_tag","embeddable":true,"href":"https:\/\/baralivres.ma\/index.php?rest_route=%2Fwp%2Fv2%2Fproduct_tag&post=15832"}],"curies":[{"name":"wp","href":"https:\/\/api.w.org\/{rel}","templated":true}]}}