{"id":15823,"date":"2023-10-30T12:19:15","date_gmt":"2023-10-30T11:19:15","guid":{"rendered":"https:\/\/baralivres.ma\/?post_type=product&#038;p=15823"},"modified":"2023-10-30T12:19:16","modified_gmt":"2023-10-30T11:19:16","slug":"les-annees","status":"publish","type":"product","link":"https:\/\/baralivres.ma\/?product=les-annees","title":{"rendered":"Les ann\u00e9es"},"content":{"rendered":"<p>\u00ab\u00a0La photo en noir et blanc d&rsquo;une petite fille en maillot de bain fonc\u00e9, sur une plage de galets. En fond, des falaises. Elle est assise sur un rocher plat, ses jambes robustes \u00e9tendues bien droites devant elle, les bras en appui sur le rocher, les yeux ferm\u00e9s, la t\u00eate l\u00e9g\u00e8rement pench\u00e9e, souriant. Une \u00e9paisse natte brune ramen\u00e9e par-devant, l&rsquo;autre laiss\u00e9e dans le dos. Tout r\u00e9v\u00e8le le d\u00e9sir de poser comme les stars dans Cin\u00e9monde ou la publicit\u00e9 d&rsquo;Ambre Solaire, d&rsquo;\u00e9chapper \u00e0 son corps humiliant et sans importance de petite fille. Au dos : ao\u00fbt 1949, Sotteville-sur-Mer.\u00a0\u00bb Au travers de photos et de souvenirs laiss\u00e9s par les \u00e9v\u00e9nements, les mots et les choses, Annie Ernaux nous fait ressentir le passage des ann\u00e9es, de l&rsquo;apr\u00e8s-guerre \u00e0 aujourd&rsquo;hui. En m\u00eame temps, elle inscrit l&rsquo;existence dans une forme nouvelle d&rsquo;autobiographie, impersonnelle et collective.\u00a0\u00bb<\/p>\n","protected":false},"excerpt":{"rendered":"<p>Photo enfant plage 1949, d\u00e9sir de star, autobiographie impersonnelle, Annie Ernaux explore m\u00e9moire et temps.<\/p>\n","protected":false},"featured_media":15824,"comment_status":"open","ping_status":"closed","template":"","meta":{"inline_featured_image":false},"product_cat":[204,143],"product_tag":[],"class_list":{"0":"post-15823","1":"product","2":"type-product","3":"status-publish","4":"has-post-thumbnail","6":"product_cat-francais","7":"product_cat-roman","8":"pa_auteurs-annie-ernaux","10":"first","11":"instock","12":"shipping-taxable","13":"purchasable","14":"product-type-simple"},"_links":{"self":[{"href":"https:\/\/baralivres.ma\/index.php?rest_route=\/wp\/v2\/product\/15823","targetHints":{"allow":["GET"]}}],"collection":[{"href":"https:\/\/baralivres.ma\/index.php?rest_route=\/wp\/v2\/product"}],"about":[{"href":"https:\/\/baralivres.ma\/index.php?rest_route=\/wp\/v2\/types\/product"}],"replies":[{"embeddable":true,"href":"https:\/\/baralivres.ma\/index.php?rest_route=%2Fwp%2Fv2%2Fcomments&post=15823"}],"version-history":[{"count":1,"href":"https:\/\/baralivres.ma\/index.php?rest_route=\/wp\/v2\/product\/15823\/revisions"}],"predecessor-version":[{"id":15833,"href":"https:\/\/baralivres.ma\/index.php?rest_route=\/wp\/v2\/product\/15823\/revisions\/15833"}],"wp:featuredmedia":[{"embeddable":true,"href":"https:\/\/baralivres.ma\/index.php?rest_route=\/wp\/v2\/media\/15824"}],"wp:attachment":[{"href":"https:\/\/baralivres.ma\/index.php?rest_route=%2Fwp%2Fv2%2Fmedia&parent=15823"}],"wp:term":[{"taxonomy":"product_cat","embeddable":true,"href":"https:\/\/baralivres.ma\/index.php?rest_route=%2Fwp%2Fv2%2Fproduct_cat&post=15823"},{"taxonomy":"product_tag","embeddable":true,"href":"https:\/\/baralivres.ma\/index.php?rest_route=%2Fwp%2Fv2%2Fproduct_tag&post=15823"}],"curies":[{"name":"wp","href":"https:\/\/api.w.org\/{rel}","templated":true}]}}