{"id":15820,"date":"2023-10-30T12:16:42","date_gmt":"2023-10-30T11:16:42","guid":{"rendered":"https:\/\/baralivres.ma\/?post_type=product&#038;p=15820"},"modified":"2023-12-04T12:57:20","modified_gmt":"2023-12-04T11:57:20","slug":"victime-bourreau-ou-sauveur-comment-sortir-du-piege","status":"publish","type":"product","link":"https:\/\/baralivres.ma\/?product=victime-bourreau-ou-sauveur-comment-sortir-du-piege","title":{"rendered":"Victime, bourreau ou sauveur : comment sortir du pi\u00e8ge ?"},"content":{"rendered":"<p>C&rsquo;est une excellente nouvelle : ce livre vous offre la possibilit\u00e9 de s&rsquo;affranchir du pi\u00e8ge du triangle dramatique. Chaque fois que vous vous retrouvez dans une relation n\u00e9gative, d\u00e9moralisante et frustrante, il est fort probable que vous ayez \u00e9t\u00e9 pris dans les m\u00e9andres d&rsquo;un jeu de r\u00f4les bien d\u00e9finis. Bien que ces situations n&rsquo;aient rien d&rsquo;amusant, l&rsquo;utilisation du terme \u00ab\u00a0jeu\u00a0\u00bb est appropri\u00e9e, car elles suivent curieusement des sch\u00e9mas bien \u00e9tablis et sont r\u00e9gies par des r\u00e8gles presque immuables. Parmi les protagonistes responsables de vos difficult\u00e9s relationnelles, vous trouverez probablement l&rsquo;un des profils suivants :<\/p>\n<ul>\n<li>La victime : une personne apparemment pure et innocente, passive et impuissante, qui se plaint et suscite de la piti\u00e9, bien qu&rsquo;elle puisse \u00eatre maladroite et parfois aga\u00e7ante.<\/li>\n<li>Le bourreau : critique, d\u00e9valorisant, blessant, voire cruel, parfois mena\u00e7ant ou violent, anim\u00e9 par une frustration qu&rsquo;il cherche \u00e0 \u00e9vacuer sur&#8230; une victime innocente, bien s\u00fbr.<\/li>\n<li>Le sauveur : bienveillant, g\u00e9n\u00e9reux, fort et altruiste, protecteur tout en infantilisant, mais surtout expert en culpabilisation. Ce livre vous fournira tous les outils n\u00e9cessaires pour rep\u00e9rer ces sch\u00e9mas et vous en lib\u00e9rer !<\/li>\n<\/ul>\n","protected":false},"excerpt":{"rendered":"<p>Le livre offre des moyens pour \u00e9chapper aux r\u00f4les de victime, bourreau et sauveur dans les relations.<\/p>\n","protected":false},"featured_media":15825,"comment_status":"open","ping_status":"closed","template":"","meta":{"inline_featured_image":false},"product_cat":[204,91],"product_tag":[],"class_list":{"0":"post-15820","1":"product","2":"type-product","3":"status-publish","4":"has-post-thumbnail","6":"product_cat-francais","7":"product_cat-developpement","8":"pa_auteurs-christel-petitcollin","10":"first","11":"instock","12":"shipping-taxable","13":"purchasable","14":"product-type-simple"},"_links":{"self":[{"href":"https:\/\/baralivres.ma\/index.php?rest_route=\/wp\/v2\/product\/15820","targetHints":{"allow":["GET"]}}],"collection":[{"href":"https:\/\/baralivres.ma\/index.php?rest_route=\/wp\/v2\/product"}],"about":[{"href":"https:\/\/baralivres.ma\/index.php?rest_route=\/wp\/v2\/types\/product"}],"replies":[{"embeddable":true,"href":"https:\/\/baralivres.ma\/index.php?rest_route=%2Fwp%2Fv2%2Fcomments&post=15820"}],"version-history":[{"count":2,"href":"https:\/\/baralivres.ma\/index.php?rest_route=\/wp\/v2\/product\/15820\/revisions"}],"predecessor-version":[{"id":20634,"href":"https:\/\/baralivres.ma\/index.php?rest_route=\/wp\/v2\/product\/15820\/revisions\/20634"}],"wp:featuredmedia":[{"embeddable":true,"href":"https:\/\/baralivres.ma\/index.php?rest_route=\/wp\/v2\/media\/15825"}],"wp:attachment":[{"href":"https:\/\/baralivres.ma\/index.php?rest_route=%2Fwp%2Fv2%2Fmedia&parent=15820"}],"wp:term":[{"taxonomy":"product_cat","embeddable":true,"href":"https:\/\/baralivres.ma\/index.php?rest_route=%2Fwp%2Fv2%2Fproduct_cat&post=15820"},{"taxonomy":"product_tag","embeddable":true,"href":"https:\/\/baralivres.ma\/index.php?rest_route=%2Fwp%2Fv2%2Fproduct_tag&post=15820"}],"curies":[{"name":"wp","href":"https:\/\/api.w.org\/{rel}","templated":true}]}}