{"id":15818,"date":"2023-10-30T12:16:54","date_gmt":"2023-10-30T11:16:54","guid":{"rendered":"https:\/\/baralivres.ma\/?post_type=product&#038;p=15818"},"modified":"2023-10-30T12:16:55","modified_gmt":"2023-10-30T11:16:55","slug":"le-dieu-du-carnage","status":"publish","type":"product","link":"https:\/\/baralivres.ma\/?product=le-dieu-du-carnage","title":{"rendered":"Le dieu du carnage"},"content":{"rendered":"<p>\u00ab\u00a0Pour ma part, ma femme a d\u00fb m&rsquo;inciter \u00e0 agir. Quand on a grandi en admirant une vision tr\u00e8s traditionnelle de la virilit\u00e9, on n&rsquo;a pas toujours l&rsquo;envie d&rsquo;aborder ce genre de probl\u00e8me par le dialogue.\u00a0\u00bb Apr\u00e8s un d\u00e9saccord, les familles Houlli\u00e9 et Reille se rencontrent pour r\u00e9diger une d\u00e9claration visant \u00e0 couvrir les blessures inflig\u00e9es par Ferdinand Reille, onze ans, \u00e0 Bruno Houlli\u00e9. Cependant, la r\u00e9solution de ce conflit prend rapidement des proportions bien au-del\u00e0 des capacit\u00e9s des personnes impliqu\u00e9es.<\/p>\n","protected":false},"excerpt":{"rendered":"<p>Dispute entre familles suite \u00e0 blessure d&rsquo;enfant, mais conflit s&rsquo;intensifie, d\u00e9passant les protagonistes.<\/p>\n","protected":false},"featured_media":15827,"comment_status":"open","ping_status":"closed","template":"","meta":{"inline_featured_image":false},"product_cat":[204,143],"product_tag":[],"class_list":{"0":"post-15818","1":"product","2":"type-product","3":"status-publish","4":"has-post-thumbnail","6":"product_cat-francais","7":"product_cat-roman","8":"pa_auteurs-yasmina-reza","10":"first","11":"instock","12":"shipping-taxable","13":"purchasable","14":"product-type-simple"},"_links":{"self":[{"href":"https:\/\/baralivres.ma\/index.php?rest_route=\/wp\/v2\/product\/15818","targetHints":{"allow":["GET"]}}],"collection":[{"href":"https:\/\/baralivres.ma\/index.php?rest_route=\/wp\/v2\/product"}],"about":[{"href":"https:\/\/baralivres.ma\/index.php?rest_route=\/wp\/v2\/types\/product"}],"replies":[{"embeddable":true,"href":"https:\/\/baralivres.ma\/index.php?rest_route=%2Fwp%2Fv2%2Fcomments&post=15818"}],"version-history":[{"count":1,"href":"https:\/\/baralivres.ma\/index.php?rest_route=\/wp\/v2\/product\/15818\/revisions"}],"predecessor-version":[{"id":15828,"href":"https:\/\/baralivres.ma\/index.php?rest_route=\/wp\/v2\/product\/15818\/revisions\/15828"}],"wp:featuredmedia":[{"embeddable":true,"href":"https:\/\/baralivres.ma\/index.php?rest_route=\/wp\/v2\/media\/15827"}],"wp:attachment":[{"href":"https:\/\/baralivres.ma\/index.php?rest_route=%2Fwp%2Fv2%2Fmedia&parent=15818"}],"wp:term":[{"taxonomy":"product_cat","embeddable":true,"href":"https:\/\/baralivres.ma\/index.php?rest_route=%2Fwp%2Fv2%2Fproduct_cat&post=15818"},{"taxonomy":"product_tag","embeddable":true,"href":"https:\/\/baralivres.ma\/index.php?rest_route=%2Fwp%2Fv2%2Fproduct_tag&post=15818"}],"curies":[{"name":"wp","href":"https:\/\/api.w.org\/{rel}","templated":true}]}}