{"id":15811,"date":"2023-10-30T12:15:12","date_gmt":"2023-10-30T11:15:12","guid":{"rendered":"https:\/\/baralivres.ma\/?post_type=product&#038;p=15811"},"modified":"2024-03-14T15:19:16","modified_gmt":"2024-03-14T14:19:16","slug":"15811","status":"publish","type":"product","link":"https:\/\/baralivres.ma\/?product=15811","title":{"rendered":"E-MYTH, LE MYTHE DE L&rsquo;ENTREPRENEUR REVISITE"},"content":{"rendered":"<p>Le best-seller \u00ab\u00a0Le Mythe de l&rsquo;entrepreneur\u00a0\u00bb d\u00e9mystifie les id\u00e9es pr\u00e9con\u00e7ues sur l&rsquo;entrepreneuriat et offre des strat\u00e9gies pour garantir le succ\u00e8s des entreprises. Michael Gerber, auteur renomm\u00e9, pr\u00e9conise une r\u00e9partition claire des r\u00f4les cl\u00e9s au sein de l&rsquo;entreprise, encourage l&rsquo;adoption de pratiques franchis\u00e9es pour assurer la p\u00e9rennit\u00e9 et la croissance, et insiste sur la n\u00e9cessit\u00e9 de travailler sur l&rsquo;entreprise plut\u00f4t que dans l&rsquo;entreprise pour une vie professionnelle et personnelle \u00e9panouissante. Cet ouvrage a acquis une renomm\u00e9e mondiale et est une r\u00e9f\u00e9rence incontournable pour les entrepreneurs et ceux qui aspirent \u00e0 le devenir.<\/p>\n","protected":false},"excerpt":{"rendered":"<p>\u00ab\u00a0Le Mythe de l&rsquo;entrepreneur\u00a0\u00bb de Michael Gerber d\u00e9construit les id\u00e9es re\u00e7ues et propose des strat\u00e9gies pour r\u00e9ussir en affaires.<\/p>\n","protected":false},"featured_media":15819,"comment_status":"open","ping_status":"closed","template":"","meta":{"inline_featured_image":false},"product_cat":[204,3677,91],"product_tag":[],"class_list":{"0":"post-15811","1":"product","2":"type-product","3":"status-publish","4":"has-post-thumbnail","6":"product_cat-francais","7":"product_cat-les-livres-pour-business","8":"product_cat-developpement","9":"pa_auteurs-michael-e-gerber","11":"first","12":"instock","13":"shipping-taxable","14":"purchasable","15":"product-type-simple"},"_links":{"self":[{"href":"https:\/\/baralivres.ma\/index.php?rest_route=\/wp\/v2\/product\/15811","targetHints":{"allow":["GET"]}}],"collection":[{"href":"https:\/\/baralivres.ma\/index.php?rest_route=\/wp\/v2\/product"}],"about":[{"href":"https:\/\/baralivres.ma\/index.php?rest_route=\/wp\/v2\/types\/product"}],"replies":[{"embeddable":true,"href":"https:\/\/baralivres.ma\/index.php?rest_route=%2Fwp%2Fv2%2Fcomments&post=15811"}],"version-history":[{"count":3,"href":"https:\/\/baralivres.ma\/index.php?rest_route=\/wp\/v2\/product\/15811\/revisions"}],"predecessor-version":[{"id":15830,"href":"https:\/\/baralivres.ma\/index.php?rest_route=\/wp\/v2\/product\/15811\/revisions\/15830"}],"wp:featuredmedia":[{"embeddable":true,"href":"https:\/\/baralivres.ma\/index.php?rest_route=\/wp\/v2\/media\/15819"}],"wp:attachment":[{"href":"https:\/\/baralivres.ma\/index.php?rest_route=%2Fwp%2Fv2%2Fmedia&parent=15811"}],"wp:term":[{"taxonomy":"product_cat","embeddable":true,"href":"https:\/\/baralivres.ma\/index.php?rest_route=%2Fwp%2Fv2%2Fproduct_cat&post=15811"},{"taxonomy":"product_tag","embeddable":true,"href":"https:\/\/baralivres.ma\/index.php?rest_route=%2Fwp%2Fv2%2Fproduct_tag&post=15811"}],"curies":[{"name":"wp","href":"https:\/\/api.w.org\/{rel}","templated":true}]}}