{"id":15810,"date":"2023-10-30T12:13:54","date_gmt":"2023-10-30T11:13:54","guid":{"rendered":"https:\/\/baralivres.ma\/?post_type=product&#038;p=15810"},"modified":"2023-12-04T12:53:59","modified_gmt":"2023-12-04T11:53:59","slug":"hooponopono","status":"publish","type":"product","link":"https:\/\/baralivres.ma\/?product=hooponopono","title":{"rendered":"Ho&rsquo;oponopono"},"content":{"rendered":"<p>Le secret des gu\u00e9risseurs hawa\u00efens pour cultiver la tranquillit\u00e9 int\u00e9rieure repose sur Ho&rsquo;oponopono, un ancien art hawa\u00efen. Selon cette tradition, tout ce qui se manifeste dans notre vie, les perturbations et les conflits, d\u00e9rive de m\u00e9moires et de programmes inconscients qui nous maintiennent captifs dans un monde empreint de souffrance. En purifiant ces sch\u00e9mas toxiques, Ho&rsquo;oponopono nous encourage \u00e0 transformer nos probl\u00e8mes en opportunit\u00e9s de croissance personnelle et \u00e0 restaurer notre v\u00e9ritable identit\u00e9, une identit\u00e9 empreinte de paix, de libert\u00e9, et de s\u00e9r\u00e9nit\u00e9. En outre, Ho&rsquo;oponopono nous rappelle que l&rsquo;humanit\u00e9 est unie par un lien d&rsquo;amour universel auquel nous devons nous connecter pour adopter un mode de vie fond\u00e9 sur la paix int\u00e9rieure. Seule cette paix retrouv\u00e9e en nous-m\u00eames peut engendrer les changements que nous souhaitons pour le monde. Gr\u00e2ce \u00e0 ce livre, vous pouvez exp\u00e9rimenter Ho&rsquo;oponopono dans votre vie quotidienne et d\u00e9couvrir les cl\u00e9s pour vivre une existence heureuse et harmonieuse.<\/p>\n","protected":false},"excerpt":{"rendered":"<p>Ho&rsquo;oponopono, art hawa\u00efen ancestral, lib\u00e8re des m\u00e9moires toxiques, favorise la paix int\u00e9rieure, unit l&rsquo;humanit\u00e9 dans l&rsquo;amour universel.<\/p>\n","protected":false},"featured_media":15815,"comment_status":"open","ping_status":"closed","template":"","meta":{"inline_featured_image":false},"product_cat":[204,91],"product_tag":[],"class_list":{"0":"post-15810","1":"product","2":"type-product","3":"status-publish","4":"has-post-thumbnail","6":"product_cat-francais","7":"product_cat-developpement","8":"pa_auteurs-luc-bodin","10":"first","11":"instock","12":"shipping-taxable","13":"purchasable","14":"product-type-simple"},"_links":{"self":[{"href":"https:\/\/baralivres.ma\/index.php?rest_route=\/wp\/v2\/product\/15810","targetHints":{"allow":["GET"]}}],"collection":[{"href":"https:\/\/baralivres.ma\/index.php?rest_route=\/wp\/v2\/product"}],"about":[{"href":"https:\/\/baralivres.ma\/index.php?rest_route=\/wp\/v2\/types\/product"}],"replies":[{"embeddable":true,"href":"https:\/\/baralivres.ma\/index.php?rest_route=%2Fwp%2Fv2%2Fcomments&post=15810"}],"version-history":[{"count":1,"href":"https:\/\/baralivres.ma\/index.php?rest_route=\/wp\/v2\/product\/15810\/revisions"}],"predecessor-version":[{"id":15816,"href":"https:\/\/baralivres.ma\/index.php?rest_route=\/wp\/v2\/product\/15810\/revisions\/15816"}],"wp:featuredmedia":[{"embeddable":true,"href":"https:\/\/baralivres.ma\/index.php?rest_route=\/wp\/v2\/media\/15815"}],"wp:attachment":[{"href":"https:\/\/baralivres.ma\/index.php?rest_route=%2Fwp%2Fv2%2Fmedia&parent=15810"}],"wp:term":[{"taxonomy":"product_cat","embeddable":true,"href":"https:\/\/baralivres.ma\/index.php?rest_route=%2Fwp%2Fv2%2Fproduct_cat&post=15810"},{"taxonomy":"product_tag","embeddable":true,"href":"https:\/\/baralivres.ma\/index.php?rest_route=%2Fwp%2Fv2%2Fproduct_tag&post=15810"}],"curies":[{"name":"wp","href":"https:\/\/api.w.org\/{rel}","templated":true}]}}