{"id":15809,"date":"2023-10-30T12:14:41","date_gmt":"2023-10-30T11:14:41","guid":{"rendered":"https:\/\/baralivres.ma\/?post_type=product&#038;p=15809"},"modified":"2023-10-30T12:14:42","modified_gmt":"2023-10-30T11:14:42","slug":"levenement","status":"publish","type":"product","link":"https:\/\/baralivres.ma\/?product=levenement","title":{"rendered":"L&rsquo;\u00e9v\u00e9nement"},"content":{"rendered":"<p>\u00ab\u00a0Pendant de nombreuses ann\u00e9es, j&rsquo;ai maintenu une certaine distance \u00e9motionnelle par rapport \u00e0 un \u00e9v\u00e9nement significatif de ma vie. Cependant, d\u00e8s que je lis le r\u00e9cit d&rsquo;un avortement dans un roman, je suis submerg\u00e9(e) par une r\u00e9action intense, d\u00e9pourvue d&rsquo;images ou de pens\u00e9es, comme si les mots se m\u00e9tamorphosaient instantan\u00e9ment en une sensation puissante. De mani\u00e8re similaire, lorsque j&rsquo;entends par hasard des chansons telles que &lsquo;La javanaise&rsquo; ou &lsquo;J&rsquo;ai la m\u00e9moire qui flanche&rsquo;, ou toute autre chanson qui a marqu\u00e9 cette p\u00e9riode de ma vie, cela \u00e9branle profond\u00e9ment mes \u00e9motions.\u00a0\u00bb &#8211; Annie Ernaux.<\/p>\n","protected":false},"excerpt":{"rendered":"<p>Longtemps \u00e9vit\u00e9, avortement \u00e9voqu\u00e9 en roman \u00e9voque r\u00e9actions \u00e9motionnelles intenses, de m\u00eame que chansons associ\u00e9es \u00e0 cette p\u00e9riode.<\/p>\n","protected":false},"featured_media":15812,"comment_status":"open","ping_status":"closed","template":"","meta":{"inline_featured_image":false},"product_cat":[204,143],"product_tag":[],"class_list":{"0":"post-15809","1":"product","2":"type-product","3":"status-publish","4":"has-post-thumbnail","6":"product_cat-francais","7":"product_cat-roman","8":"pa_auteurs-annie-ernaux","10":"first","11":"instock","12":"shipping-taxable","13":"purchasable","14":"product-type-simple"},"_links":{"self":[{"href":"https:\/\/baralivres.ma\/index.php?rest_route=\/wp\/v2\/product\/15809","targetHints":{"allow":["GET"]}}],"collection":[{"href":"https:\/\/baralivres.ma\/index.php?rest_route=\/wp\/v2\/product"}],"about":[{"href":"https:\/\/baralivres.ma\/index.php?rest_route=\/wp\/v2\/types\/product"}],"replies":[{"embeddable":true,"href":"https:\/\/baralivres.ma\/index.php?rest_route=%2Fwp%2Fv2%2Fcomments&post=15809"}],"version-history":[{"count":1,"href":"https:\/\/baralivres.ma\/index.php?rest_route=\/wp\/v2\/product\/15809\/revisions"}],"predecessor-version":[{"id":15821,"href":"https:\/\/baralivres.ma\/index.php?rest_route=\/wp\/v2\/product\/15809\/revisions\/15821"}],"wp:featuredmedia":[{"embeddable":true,"href":"https:\/\/baralivres.ma\/index.php?rest_route=\/wp\/v2\/media\/15812"}],"wp:attachment":[{"href":"https:\/\/baralivres.ma\/index.php?rest_route=%2Fwp%2Fv2%2Fmedia&parent=15809"}],"wp:term":[{"taxonomy":"product_cat","embeddable":true,"href":"https:\/\/baralivres.ma\/index.php?rest_route=%2Fwp%2Fv2%2Fproduct_cat&post=15809"},{"taxonomy":"product_tag","embeddable":true,"href":"https:\/\/baralivres.ma\/index.php?rest_route=%2Fwp%2Fv2%2Fproduct_tag&post=15809"}],"curies":[{"name":"wp","href":"https:\/\/api.w.org\/{rel}","templated":true}]}}