{"id":15807,"date":"2023-10-30T12:13:03","date_gmt":"2023-10-30T11:13:03","guid":{"rendered":"https:\/\/baralivres.ma\/?post_type=product&#038;p=15807"},"modified":"2023-10-30T12:13:03","modified_gmt":"2023-10-30T11:13:03","slug":"chagrin-decole","status":"publish","type":"product","link":"https:\/\/baralivres.ma\/?product=chagrin-decole","title":{"rendered":"Chagrin d&rsquo;\u00e9cole"},"content":{"rendered":"<p>Dans \u00ab\u00a0Chagrin d&rsquo;\u00e9cole\u00a0\u00bb, Daniel Pennac, s&rsquo;inscrivant dans la lign\u00e9e de son livre \u00ab\u00a0Comme un roman\u00a0\u00bb, explore le monde de l&rsquo;\u00e9cole du regard sp\u00e9cifique de l&rsquo;\u00e9l\u00e8ve en difficult\u00e9. En tant qu&rsquo;ancien \u00e9l\u00e8ve en difficult\u00e9 scolaire, Pennac accorde une importance particuli\u00e8re \u00e0 cette figure souvent stigmatis\u00e9e, lui rendant son respect et mettant en lumi\u00e8re le fardeau \u00e9motionnel et la souffrance qui l&rsquo;accompagnent.<\/p>\n","protected":false},"excerpt":{"rendered":"<p>Daniel Pennac r\u00e9habilite l&rsquo;\u00e9l\u00e8ve en difficult\u00e9 scolaire, d\u00e9voilant son fardeau \u00e9motionnel avec bienveillance.<\/p>\n","protected":false},"featured_media":15813,"comment_status":"open","ping_status":"closed","template":"","meta":{"inline_featured_image":false},"product_cat":[204,143],"product_tag":[],"class_list":{"0":"post-15807","1":"product","2":"type-product","3":"status-publish","4":"has-post-thumbnail","6":"product_cat-francais","7":"product_cat-roman","8":"pa_auteurs-daniel-pennac","10":"first","11":"instock","12":"shipping-taxable","13":"purchasable","14":"product-type-simple"},"_links":{"self":[{"href":"https:\/\/baralivres.ma\/index.php?rest_route=\/wp\/v2\/product\/15807","targetHints":{"allow":["GET"]}}],"collection":[{"href":"https:\/\/baralivres.ma\/index.php?rest_route=\/wp\/v2\/product"}],"about":[{"href":"https:\/\/baralivres.ma\/index.php?rest_route=\/wp\/v2\/types\/product"}],"replies":[{"embeddable":true,"href":"https:\/\/baralivres.ma\/index.php?rest_route=%2Fwp%2Fv2%2Fcomments&post=15807"}],"version-history":[{"count":1,"href":"https:\/\/baralivres.ma\/index.php?rest_route=\/wp\/v2\/product\/15807\/revisions"}],"predecessor-version":[{"id":15814,"href":"https:\/\/baralivres.ma\/index.php?rest_route=\/wp\/v2\/product\/15807\/revisions\/15814"}],"wp:featuredmedia":[{"embeddable":true,"href":"https:\/\/baralivres.ma\/index.php?rest_route=\/wp\/v2\/media\/15813"}],"wp:attachment":[{"href":"https:\/\/baralivres.ma\/index.php?rest_route=%2Fwp%2Fv2%2Fmedia&parent=15807"}],"wp:term":[{"taxonomy":"product_cat","embeddable":true,"href":"https:\/\/baralivres.ma\/index.php?rest_route=%2Fwp%2Fv2%2Fproduct_cat&post=15807"},{"taxonomy":"product_tag","embeddable":true,"href":"https:\/\/baralivres.ma\/index.php?rest_route=%2Fwp%2Fv2%2Fproduct_tag&post=15807"}],"curies":[{"name":"wp","href":"https:\/\/api.w.org\/{rel}","templated":true}]}}