{"id":15801,"date":"2023-10-30T12:10:38","date_gmt":"2023-10-30T11:10:38","guid":{"rendered":"https:\/\/baralivres.ma\/?post_type=product&#038;p=15801"},"modified":"2023-12-04T12:52:55","modified_gmt":"2023-12-04T11:52:55","slug":"vivre-les-quatre-accords-tolteques-au-quotidien","status":"publish","type":"product","link":"https:\/\/baralivres.ma\/?product=vivre-les-quatre-accords-tolteques-au-quotidien","title":{"rendered":"Vivre les quatre accords tolt\u00e8ques au quotidien"},"content":{"rendered":"<p>La spiritualit\u00e9 tolt\u00e8que repose sur quatre pr\u00e9ceptes fondamentaux dans la qu\u00eate du bonheur, de la libert\u00e9 et de l&rsquo;amour. Ces principes incluent : s&rsquo;exprimer en accord avec ses convictions les plus profondes, \u00e9viter de souffrir en se consid\u00e9rant responsable des actions d&rsquo;autrui, minimiser les malentendus et s&rsquo;efforcer constamment de faire de son mieux. Pour mettre en pratique ces enseignements et \u00e9chapper au sch\u00e9ma de vie impos\u00e9, il existe divers exercices spirituels disponibles.<\/p>\n","protected":false},"excerpt":{"rendered":"<p>Spiritualit\u00e9 tolt\u00e8que: 4 principes pour bonheur, libert\u00e9, amour. Exercices pour application, \u00e9vasion du sch\u00e9ma impos\u00e9.<\/p>\n","protected":false},"featured_media":15806,"comment_status":"open","ping_status":"closed","template":"","meta":{"inline_featured_image":false},"product_cat":[204,91],"product_tag":[],"class_list":{"0":"post-15801","1":"product","2":"type-product","3":"status-publish","4":"has-post-thumbnail","6":"product_cat-francais","7":"product_cat-developpement","8":"pa_auteurs-miguel-ruiz","10":"first","11":"instock","12":"shipping-taxable","13":"purchasable","14":"product-type-simple"},"_links":{"self":[{"href":"https:\/\/baralivres.ma\/index.php?rest_route=\/wp\/v2\/product\/15801","targetHints":{"allow":["GET"]}}],"collection":[{"href":"https:\/\/baralivres.ma\/index.php?rest_route=\/wp\/v2\/product"}],"about":[{"href":"https:\/\/baralivres.ma\/index.php?rest_route=\/wp\/v2\/types\/product"}],"replies":[{"embeddable":true,"href":"https:\/\/baralivres.ma\/index.php?rest_route=%2Fwp%2Fv2%2Fcomments&post=15801"}],"version-history":[{"count":1,"href":"https:\/\/baralivres.ma\/index.php?rest_route=\/wp\/v2\/product\/15801\/revisions"}],"predecessor-version":[{"id":15808,"href":"https:\/\/baralivres.ma\/index.php?rest_route=\/wp\/v2\/product\/15801\/revisions\/15808"}],"wp:featuredmedia":[{"embeddable":true,"href":"https:\/\/baralivres.ma\/index.php?rest_route=\/wp\/v2\/media\/15806"}],"wp:attachment":[{"href":"https:\/\/baralivres.ma\/index.php?rest_route=%2Fwp%2Fv2%2Fmedia&parent=15801"}],"wp:term":[{"taxonomy":"product_cat","embeddable":true,"href":"https:\/\/baralivres.ma\/index.php?rest_route=%2Fwp%2Fv2%2Fproduct_cat&post=15801"},{"taxonomy":"product_tag","embeddable":true,"href":"https:\/\/baralivres.ma\/index.php?rest_route=%2Fwp%2Fv2%2Fproduct_tag&post=15801"}],"curies":[{"name":"wp","href":"https:\/\/api.w.org\/{rel}","templated":true}]}}