{"id":15799,"date":"2023-10-30T12:09:57","date_gmt":"2023-10-30T11:09:57","guid":{"rendered":"https:\/\/baralivres.ma\/?post_type=product&#038;p=15799"},"modified":"2023-10-30T12:09:57","modified_gmt":"2023-10-30T11:09:57","slug":"la-place","status":"publish","type":"product","link":"https:\/\/baralivres.ma\/?product=la-place","title":{"rendered":"La place"},"content":{"rendered":"<p>\u00ab\u00a0Il n&rsquo;a jamais visit\u00e9 un mus\u00e9e, se contentant de lire uniquement Paris-Normandie et de manger avec son Opinel en tant qu&rsquo;ouvrier devenu un petit commer\u00e7ant. Il avait l&rsquo;espoir que sa fille, gr\u00e2ce \u00e0 ses \u00e9tudes, aurait une vie meilleure que la sienne. Cette fille, Annie Ernaux, s&rsquo;oppose \u00e0 l&rsquo;oubli de ses racines. Elle retrace la vie et la mort de celui qui avait gagn\u00e9 sa propre \u00ab\u00a0place au soleil\u00a0\u00bb. En plus, elle met en lumi\u00e8re la distance douloureuse qui s&rsquo;est install\u00e9e entre elle, en tant qu&rsquo;\u00e9tudiante, et ce p\u00e8re qu&rsquo;elle aimait, mais qui lui disait : \u00ab\u00a0Les livres, la musique, c&rsquo;est bon pour toi. Moi, je n&rsquo;en ai pas besoin pour vivre.\u00a0\u00bb Ce r\u00e9cit d\u00e9pouill\u00e9 poss\u00e8de une port\u00e9e universelle.\u00a0\u00bb<\/p>\n","protected":false},"excerpt":{"rendered":"<p>Annie Ernaux relate la vie et la relation avec son p\u00e8re ouvrier, soulignant la rupture g\u00e9n\u00e9rationnelle.<\/p>\n","protected":false},"featured_media":15800,"comment_status":"open","ping_status":"closed","template":"","meta":{"inline_featured_image":false},"product_cat":[204,143],"product_tag":[],"class_list":{"0":"post-15799","1":"product","2":"type-product","3":"status-publish","4":"has-post-thumbnail","6":"product_cat-francais","7":"product_cat-roman","8":"pa_auteurs-annie-ernaux","10":"first","11":"instock","12":"shipping-taxable","13":"purchasable","14":"product-type-simple"},"_links":{"self":[{"href":"https:\/\/baralivres.ma\/index.php?rest_route=\/wp\/v2\/product\/15799","targetHints":{"allow":["GET"]}}],"collection":[{"href":"https:\/\/baralivres.ma\/index.php?rest_route=\/wp\/v2\/product"}],"about":[{"href":"https:\/\/baralivres.ma\/index.php?rest_route=\/wp\/v2\/types\/product"}],"replies":[{"embeddable":true,"href":"https:\/\/baralivres.ma\/index.php?rest_route=%2Fwp%2Fv2%2Fcomments&post=15799"}],"version-history":[{"count":1,"href":"https:\/\/baralivres.ma\/index.php?rest_route=\/wp\/v2\/product\/15799\/revisions"}],"predecessor-version":[{"id":15805,"href":"https:\/\/baralivres.ma\/index.php?rest_route=\/wp\/v2\/product\/15799\/revisions\/15805"}],"wp:featuredmedia":[{"embeddable":true,"href":"https:\/\/baralivres.ma\/index.php?rest_route=\/wp\/v2\/media\/15800"}],"wp:attachment":[{"href":"https:\/\/baralivres.ma\/index.php?rest_route=%2Fwp%2Fv2%2Fmedia&parent=15799"}],"wp:term":[{"taxonomy":"product_cat","embeddable":true,"href":"https:\/\/baralivres.ma\/index.php?rest_route=%2Fwp%2Fv2%2Fproduct_cat&post=15799"},{"taxonomy":"product_tag","embeddable":true,"href":"https:\/\/baralivres.ma\/index.php?rest_route=%2Fwp%2Fv2%2Fproduct_tag&post=15799"}],"curies":[{"name":"wp","href":"https:\/\/api.w.org\/{rel}","templated":true}]}}