{"id":15786,"date":"2023-10-30T12:05:47","date_gmt":"2023-10-30T11:05:47","guid":{"rendered":"https:\/\/baralivres.ma\/?post_type=product&#038;p=15786"},"modified":"2023-10-30T12:05:47","modified_gmt":"2023-10-30T11:05:47","slug":"se-perdre","status":"publish","type":"product","link":"https:\/\/baralivres.ma\/?product=se-perdre","title":{"rendered":"Se perdre"},"content":{"rendered":"<p>\u00ab\u00a0Je n&rsquo;ai jamais eu connaissance de ses activit\u00e9s officielles, qui semblaient \u00eatre principalement ax\u00e9es sur la culture. Aujourd&rsquo;hui, je m&rsquo;\u00e9tonne de ne pas avoir pos\u00e9 davantage de questions \u00e0 ce sujet. Je resterai toujours dans l&rsquo;incertitude quant \u00e0 ma place dans sa vie. La seule certitude que j&rsquo;ai, c&rsquo;est son d\u00e9sir pour moi. Il \u00e9tait, \u00e0 tous \u00e9gards, un amant qui \u00e9voluait dans l&rsquo;ombre. Je publie ce journal en r\u00e9ponse \u00e0 une sorte de devoir int\u00e9rieur, sans tenir compte des sentiments que S. pourrait \u00e9prouver. Il est l\u00e9gitime pour lui de consid\u00e9rer cela comme un abus du pouvoir litt\u00e9raire, voire comme une trahison. Je comprends qu&rsquo;il puisse r\u00e9agir avec humour ou m\u00e9pris en disant \u00ab\u00a0je ne la voyais que pour satisfaire mes d\u00e9sirs\u00a0\u00bb. Cependant, j&rsquo;esp\u00e9rerais qu&rsquo;il accepte, m\u00eame s&rsquo;il ne le comprend pas pleinement, qu&rsquo;il a \u00e9t\u00e9 pendant des mois, \u00e0 son insu, un principe \u00e0 la fois merveilleux et terrifiant, li\u00e9 au d\u00e9sir, \u00e0 la mort et \u00e0 l&rsquo;\u00e9criture.\u00a0\u00bb<\/p>\n","protected":false},"excerpt":{"rendered":"<p>J&rsquo;ignorais ses activit\u00e9s culturelles, m&rsquo;interroge sur ma place dans sa vie, partage son d\u00e9sir, publie sans \u00e9gard.<\/p>\n","protected":false},"featured_media":15790,"comment_status":"open","ping_status":"closed","template":"","meta":{"inline_featured_image":false},"product_cat":[204,143],"product_tag":[],"class_list":{"0":"post-15786","1":"product","2":"type-product","3":"status-publish","4":"has-post-thumbnail","6":"product_cat-francais","7":"product_cat-roman","8":"pa_auteurs-annie-ernaux","10":"first","11":"instock","12":"shipping-taxable","13":"purchasable","14":"product-type-simple"},"_links":{"self":[{"href":"https:\/\/baralivres.ma\/index.php?rest_route=\/wp\/v2\/product\/15786","targetHints":{"allow":["GET"]}}],"collection":[{"href":"https:\/\/baralivres.ma\/index.php?rest_route=\/wp\/v2\/product"}],"about":[{"href":"https:\/\/baralivres.ma\/index.php?rest_route=\/wp\/v2\/types\/product"}],"replies":[{"embeddable":true,"href":"https:\/\/baralivres.ma\/index.php?rest_route=%2Fwp%2Fv2%2Fcomments&post=15786"}],"version-history":[{"count":1,"href":"https:\/\/baralivres.ma\/index.php?rest_route=\/wp\/v2\/product\/15786\/revisions"}],"predecessor-version":[{"id":15794,"href":"https:\/\/baralivres.ma\/index.php?rest_route=\/wp\/v2\/product\/15786\/revisions\/15794"}],"wp:featuredmedia":[{"embeddable":true,"href":"https:\/\/baralivres.ma\/index.php?rest_route=\/wp\/v2\/media\/15790"}],"wp:attachment":[{"href":"https:\/\/baralivres.ma\/index.php?rest_route=%2Fwp%2Fv2%2Fmedia&parent=15786"}],"wp:term":[{"taxonomy":"product_cat","embeddable":true,"href":"https:\/\/baralivres.ma\/index.php?rest_route=%2Fwp%2Fv2%2Fproduct_cat&post=15786"},{"taxonomy":"product_tag","embeddable":true,"href":"https:\/\/baralivres.ma\/index.php?rest_route=%2Fwp%2Fv2%2Fproduct_tag&post=15786"}],"curies":[{"name":"wp","href":"https:\/\/api.w.org\/{rel}","templated":true}]}}