{"id":15783,"date":"2023-10-30T12:06:38","date_gmt":"2023-10-30T11:06:38","guid":{"rendered":"https:\/\/baralivres.ma\/?post_type=product&#038;p=15783"},"modified":"2023-12-04T12:51:46","modified_gmt":"2023-12-04T11:51:46","slug":"la-maitrise-de-lamour","status":"publish","type":"product","link":"https:\/\/baralivres.ma\/?product=la-maitrise-de-lamour","title":{"rendered":"La ma\u00eetrise de l&rsquo;amour"},"content":{"rendered":"<p>Dans son ouvrage \u00e0 succ\u00e8s, \u00ab\u00a0La Ma\u00eetrise de l&rsquo;Amour,\u00a0\u00bb l&rsquo;auteur Don Miguel Ruiz explore les croyances et suppositions ancr\u00e9es dans la peur qui entravent notre capacit\u00e9 \u00e0 aimer, provoquant ainsi des conflits et des souffrances au sein de nos relations. \u00c0 travers des r\u00e9cits et des all\u00e9gories \u00e9vocateurs, Don Miguel Ruiz nous guide dans la gu\u00e9rison de nos blessures \u00e9motionnelles, nous aidant \u00e0 retrouver la libert\u00e9 et la joie qui nous sont inh\u00e9rentes, ainsi que l&rsquo;\u00e9tat d&rsquo;esprit ludique essentiel \u00e0 l&rsquo;\u00e9tablissement de relations empreintes d&rsquo;amour.<\/p>\n<p>Parmi les \u00e9l\u00e9ments abord\u00e9s dans \u00ab\u00a0La Ma\u00eetrise de l&rsquo;Amour,\u00a0\u00bb on trouve :<\/p>\n<ul>\n<li>La m\u00e9taphore de la \u00ab\u00a0cuisine magique\u00a0\u00bb<\/li>\n<li>La notion de la \u00ab\u00a0chasseresse divine\u00a0\u00bb<\/li>\n<li>La distinction entre la voie de la peur et la voie de l&rsquo;amour<\/li>\n<li>Les moyens de gu\u00e9rir notre corps \u00e9motionnel<\/li>\n<\/ul>\n<p>Don Miguel Ruiz souligne : \u00ab\u00a0Votre bonheur ne peut surgir que de l&rsquo;int\u00e9rieur, \u00e9tant le fruit de votre propre amour. Lorsque vous prenez conscience que le bonheur ne d\u00e9pend de personne d&rsquo;autre et qu&rsquo;il r\u00e9sulte de votre propre amour, vous atteignez le plus haut degr\u00e9 de ma\u00eetrise des Tolt\u00e8ques, \u00e0 savoir la Ma\u00eetrise de l&rsquo;Amour.\u00a0\u00bb<\/p>\n","protected":false},"excerpt":{"rendered":"<p>Dans \u00ab\u00a0La Ma\u00eetrise de l&rsquo;Amour\u00a0\u00bb de Don Miguel Ruiz, l&rsquo;amour lib\u00e8re des peurs, gu\u00e9rit les blessures, apporte bonheur int\u00e9rieur.<\/p>\n","protected":false},"featured_media":15795,"comment_status":"open","ping_status":"closed","template":"","meta":{"inline_featured_image":false},"product_cat":[204,91],"product_tag":[],"class_list":{"0":"post-15783","1":"product","2":"type-product","3":"status-publish","4":"has-post-thumbnail","6":"product_cat-francais","7":"product_cat-developpement","8":"pa_auteurs-miguel-ruiz","10":"first","11":"instock","12":"shipping-taxable","13":"purchasable","14":"product-type-simple"},"_links":{"self":[{"href":"https:\/\/baralivres.ma\/index.php?rest_route=\/wp\/v2\/product\/15783","targetHints":{"allow":["GET"]}}],"collection":[{"href":"https:\/\/baralivres.ma\/index.php?rest_route=\/wp\/v2\/product"}],"about":[{"href":"https:\/\/baralivres.ma\/index.php?rest_route=\/wp\/v2\/types\/product"}],"replies":[{"embeddable":true,"href":"https:\/\/baralivres.ma\/index.php?rest_route=%2Fwp%2Fv2%2Fcomments&post=15783"}],"version-history":[{"count":1,"href":"https:\/\/baralivres.ma\/index.php?rest_route=\/wp\/v2\/product\/15783\/revisions"}],"predecessor-version":[{"id":15797,"href":"https:\/\/baralivres.ma\/index.php?rest_route=\/wp\/v2\/product\/15783\/revisions\/15797"}],"wp:featuredmedia":[{"embeddable":true,"href":"https:\/\/baralivres.ma\/index.php?rest_route=\/wp\/v2\/media\/15795"}],"wp:attachment":[{"href":"https:\/\/baralivres.ma\/index.php?rest_route=%2Fwp%2Fv2%2Fmedia&parent=15783"}],"wp:term":[{"taxonomy":"product_cat","embeddable":true,"href":"https:\/\/baralivres.ma\/index.php?rest_route=%2Fwp%2Fv2%2Fproduct_cat&post=15783"},{"taxonomy":"product_tag","embeddable":true,"href":"https:\/\/baralivres.ma\/index.php?rest_route=%2Fwp%2Fv2%2Fproduct_tag&post=15783"}],"curies":[{"name":"wp","href":"https:\/\/api.w.org\/{rel}","templated":true}]}}