{"id":15772,"date":"2023-10-30T11:58:33","date_gmt":"2023-10-30T10:58:33","guid":{"rendered":"https:\/\/baralivres.ma\/?post_type=product&#038;p=15772"},"modified":"2023-12-04T12:26:11","modified_gmt":"2023-12-04T11:26:11","slug":"le-5e-accord-tolteque","status":"publish","type":"product","link":"https:\/\/baralivres.ma\/?product=le-5e-accord-tolteque","title":{"rendered":"Le 5e accord tolt\u00e8que"},"content":{"rendered":"<p>\u00ab\u00a0Le succ\u00e8s grandissant du livre Les Quatre Accords tolt\u00e8ques de don Miguel Ruiz, un best-seller mondial, est naturel lorsque l&rsquo;on comprend sa capacit\u00e9 \u00e0 transformer nos vies en brisant les milliers d&rsquo;accords restrictifs que nous avons conclus avec nous-m\u00eames, avec les autres et avec la vie elle-m\u00eame. Cependant, il est temps de vous offrir un autre cadeau : Le Cinqui\u00e8me Accord tolt\u00e8que.<\/p>\n<p>Ce cinqui\u00e8me accord ne se limite pas \u00e0 des mots, mais sa signification et son intention vont bien au-del\u00e0 de sa formulation. Il vous donne le pouvoir du doute, vous permettant de voir votre r\u00e9alit\u00e9 avec une perspective de v\u00e9rit\u00e9, au-del\u00e0 des mots. Cela vous guidera vers une acceptation compl\u00e8te de vous-m\u00eame, tel que vous \u00eates, ainsi que des autres, tels qu&rsquo;ils sont. En r\u00e9compense, vous trouverez un bonheur \u00e9ternel.<\/p>\n<p>Don Miguel Ruiz, fils d&rsquo;une gu\u00e9risseuse mexicaine et petit-fils d&rsquo;un nagual tolt\u00e8que, a transform\u00e9 sa vie apr\u00e8s une exp\u00e9rience de mort imminente (N.D.E.) et une exp\u00e9rience extracorporelle. Depuis lors, il se consacre \u00e0 la ma\u00eetrise de la sagesse ancienne des Tolt\u00e8ques, et son enseignement rencontre un immense succ\u00e8s \u00e0 travers le monde. Il est l&rsquo;auteur des best-sellers Les Quatre Accords tolt\u00e8ques et La Ma\u00eetrise de l&rsquo;amour, publi\u00e9s par les \u00c9ditions Jouvence.<\/p>\n<p>Don Jos\u00e9 Ruiz a grandi dans un environnement o\u00f9 tout semblait possible. Initi\u00e9 d\u00e8s son plus jeune \u00e2ge par son p\u00e8re et sa grand-m\u00e8re, M\u00e8re Sarita, une gu\u00e9risseuse, il est devenu l&rsquo;h\u00e9ritier de la tradition tolt\u00e8que, \u00e0 l&rsquo;image de son p\u00e8re.\u00a0\u00bb<\/p>\n","protected":false},"excerpt":{"rendered":"<p>Le succ\u00e8s mondial des Quatre Accords tolt\u00e8ques conduit \u00e0 la d\u00e9couverte du Cinqui\u00e8me Accord pour une vie \u00e9panouie.<\/p>\n","protected":false},"featured_media":15780,"comment_status":"open","ping_status":"closed","template":"","meta":{"inline_featured_image":false},"product_cat":[204,91],"product_tag":[],"class_list":{"0":"post-15772","1":"product","2":"type-product","3":"status-publish","4":"has-post-thumbnail","6":"product_cat-francais","7":"product_cat-developpement","8":"pa_auteurs-miguel-ruiz","10":"first","11":"instock","12":"shipping-taxable","13":"purchasable","14":"product-type-simple"},"_links":{"self":[{"href":"https:\/\/baralivres.ma\/index.php?rest_route=\/wp\/v2\/product\/15772","targetHints":{"allow":["GET"]}}],"collection":[{"href":"https:\/\/baralivres.ma\/index.php?rest_route=\/wp\/v2\/product"}],"about":[{"href":"https:\/\/baralivres.ma\/index.php?rest_route=\/wp\/v2\/types\/product"}],"replies":[{"embeddable":true,"href":"https:\/\/baralivres.ma\/index.php?rest_route=%2Fwp%2Fv2%2Fcomments&post=15772"}],"version-history":[{"count":1,"href":"https:\/\/baralivres.ma\/index.php?rest_route=\/wp\/v2\/product\/15772\/revisions"}],"predecessor-version":[{"id":15781,"href":"https:\/\/baralivres.ma\/index.php?rest_route=\/wp\/v2\/product\/15772\/revisions\/15781"}],"wp:featuredmedia":[{"embeddable":true,"href":"https:\/\/baralivres.ma\/index.php?rest_route=\/wp\/v2\/media\/15780"}],"wp:attachment":[{"href":"https:\/\/baralivres.ma\/index.php?rest_route=%2Fwp%2Fv2%2Fmedia&parent=15772"}],"wp:term":[{"taxonomy":"product_cat","embeddable":true,"href":"https:\/\/baralivres.ma\/index.php?rest_route=%2Fwp%2Fv2%2Fproduct_cat&post=15772"},{"taxonomy":"product_tag","embeddable":true,"href":"https:\/\/baralivres.ma\/index.php?rest_route=%2Fwp%2Fv2%2Fproduct_tag&post=15772"}],"curies":[{"name":"wp","href":"https:\/\/api.w.org\/{rel}","templated":true}]}}