{"id":15769,"date":"2023-10-30T11:57:39","date_gmt":"2023-10-30T10:57:39","guid":{"rendered":"https:\/\/baralivres.ma\/?post_type=product&#038;p=15769"},"modified":"2023-10-31T10:04:35","modified_gmt":"2023-10-31T09:04:35","slug":"le-pouvoir-de-la-vulnerabilite","status":"publish","type":"product","link":"https:\/\/baralivres.ma\/?product=le-pouvoir-de-la-vulnerabilite","title":{"rendered":"LE POUVOIR DE LA VULNERABILITE"},"content":{"rendered":"<div class=\"group w-full text-token-text-primary border-b border-black\/10 gizmo:border-0 dark:border-gray-900\/50 gizmo:dark:border-0 bg-gray-50 gizmo:bg-transparent dark:bg-[#444654] gizmo:dark:bg-transparent\" data-testid=\"conversation-turn-77\">\n<div class=\"p-4 gizmo:py-2 justify-center text-base md:gap-6 md:py-6 m-auto\">\n<div class=\"flex flex-1 gap-4 text-base mx-auto md:gap-6 gizmo:gap-3 gizmo:md:px-5 gizmo:lg:px-1 gizmo:xl:px-5 md:max-w-2xl lg:max-w-[38rem] gizmo:md:max-w-3xl gizmo:lg:max-w-[40rem] gizmo:xl:max-w-[48rem] xl:max-w-3xl }\">\n<div class=\"relative flex w-[calc(100%-50px)] flex-col gizmo:w-full lg:w-[calc(100%-115px)] agent-turn\">\n<div class=\"flex-col gap-1 md:gap-3\">\n<div class=\"flex flex-grow flex-col gap-3 max-w-full\">\n<div class=\"min-h-[20px] flex flex-col items-start gap-3 whitespace-pre-wrap break-words overflow-x-auto\" data-message-author-role=\"assistant\" data-message-id=\"9379b72f-84f5-462d-bdc9-7bcecf7cb7b1\">\n<div class=\"markdown prose w-full break-words dark:prose-invert light\">\n<p>La vuln\u00e9rabilit\u00e9, souvent per\u00e7ue comme une faiblesse, est une force qui favorise l&rsquo;authenticit\u00e9, les relations profondes et l&rsquo;\u00e9panouissement personnel. Oser \u00eatre vuln\u00e9rable est un acte de courage qui permet d&#8217;embrasser son humanit\u00e9, de cr\u00e9er des liens authentiques et de vivre une vie pleine de sens. C&rsquo;est le chemin vers une existence \u00e9panouissante o\u00f9 l&rsquo;on peut \u00eatre pleinement soi-m\u00eame, se connecter avec les autres de mani\u00e8re authentique et vivre en accord avec ses valeurs. La vuln\u00e9rabilit\u00e9 est la cl\u00e9 de la cr\u00e9ativit\u00e9, de la croissance personnelle et du bien-\u00eatre. Osez \u00eatre vuln\u00e9rable et d\u00e9couvrez la force qui r\u00e9side en vous.<\/p>\n<\/div>\n<\/div>\n<\/div>\n<div class=\"flex justify-between empty:hidden gizmo:justify-start gizmo:gap-3 lg:block gizmo:lg:flex\">\n<div class=\"text-gray-400 flex self-end lg:self-center justify-center gizmo:lg:justify-start mt-2 gizmo:mt-0 visible lg:gap-1 lg:absolute lg:top-0 lg:translate-x-full lg:right-0 lg:mt-0 lg:pl-2 gap-2 md:gap-3\">\n<p>&nbsp;<\/p>\n<div class=\"flex gap-1\"><\/div>\n<\/div>\n<\/div>\n<\/div>\n<\/div>\n<\/div>\n<\/div>\n<\/div>\n","protected":false},"excerpt":{"rendered":"<p>La vuln\u00e9rabilit\u00e9 n&rsquo;est pas une faiblesse, mais une force. Le besoin de perfection peut entraver la vie. Osez \u00eatre vuln\u00e9rable pour vivre pleinement. Le courage r\u00e9side dans cette ouverture.<\/p>\n","protected":false},"featured_media":15778,"comment_status":"open","ping_status":"closed","template":"","meta":{"inline_featured_image":false},"product_cat":[204,91],"product_tag":[],"class_list":{"0":"post-15769","1":"product","2":"type-product","3":"status-publish","4":"has-post-thumbnail","6":"product_cat-francais","7":"product_cat-developpement","8":"pa_auteurs-brene-brown","10":"first","11":"instock","12":"shipping-taxable","13":"purchasable","14":"product-type-simple"},"_links":{"self":[{"href":"https:\/\/baralivres.ma\/index.php?rest_route=\/wp\/v2\/product\/15769","targetHints":{"allow":["GET"]}}],"collection":[{"href":"https:\/\/baralivres.ma\/index.php?rest_route=\/wp\/v2\/product"}],"about":[{"href":"https:\/\/baralivres.ma\/index.php?rest_route=\/wp\/v2\/types\/product"}],"replies":[{"embeddable":true,"href":"https:\/\/baralivres.ma\/index.php?rest_route=%2Fwp%2Fv2%2Fcomments&post=15769"}],"version-history":[{"count":2,"href":"https:\/\/baralivres.ma\/index.php?rest_route=\/wp\/v2\/product\/15769\/revisions"}],"predecessor-version":[{"id":16331,"href":"https:\/\/baralivres.ma\/index.php?rest_route=\/wp\/v2\/product\/15769\/revisions\/16331"}],"wp:featuredmedia":[{"embeddable":true,"href":"https:\/\/baralivres.ma\/index.php?rest_route=\/wp\/v2\/media\/15778"}],"wp:attachment":[{"href":"https:\/\/baralivres.ma\/index.php?rest_route=%2Fwp%2Fv2%2Fmedia&parent=15769"}],"wp:term":[{"taxonomy":"product_cat","embeddable":true,"href":"https:\/\/baralivres.ma\/index.php?rest_route=%2Fwp%2Fv2%2Fproduct_cat&post=15769"},{"taxonomy":"product_tag","embeddable":true,"href":"https:\/\/baralivres.ma\/index.php?rest_route=%2Fwp%2Fv2%2Fproduct_tag&post=15769"}],"curies":[{"name":"wp","href":"https:\/\/api.w.org\/{rel}","templated":true}]}}