{"id":15767,"date":"2023-10-30T11:54:40","date_gmt":"2023-10-30T10:54:40","guid":{"rendered":"https:\/\/baralivres.ma\/?post_type=product&#038;p=15767"},"modified":"2023-12-04T12:25:16","modified_gmt":"2023-12-04T11:25:16","slug":"les-quatre-accords-tolteques","status":"publish","type":"product","link":"https:\/\/baralivres.ma\/?product=les-quatre-accords-tolteques","title":{"rendered":"Les quatre accords tolt\u00e8ques"},"content":{"rendered":"<p>Carlos Castaneda a popularis\u00e9 les enseignements des chamans mexicains, qui trouvent leur origine dans la tradition tolt\u00e8que, h\u00e9riti\u00e8re des connaissances de Quetzalcoatl, le serpent \u00e0 plumes. Dans son ouvrage, Don Miguel r\u00e9v\u00e8le l&rsquo;origine des croyances limitantes qui entravent notre joie et engendrent des souffrances inutiles. Il explique de mani\u00e8re simple comment rompre avec le conditionnement collectif, d\u00e9crit comme le \u00ab\u00a0r\u00eave de la plan\u00e8te\u00a0\u00bb fond\u00e9 sur la peur. Il invite \u00e0 red\u00e9couvrir notre essence d&rsquo;amour inconditionnel, \u00e0 la base des enseignements tolt\u00e8ques. Les quatre accords qu&rsquo;il propose constituent un code de conduite puissant, capable de transformer rapidement notre vie en une exp\u00e9rience de libert\u00e9, de bonheur authentique et d&rsquo;amour. Ainsi, le monde fascinant de la Connaissance v\u00e9ritable et incarn\u00e9e devient accessible \u00e0 tous.<\/p>\n","protected":false},"excerpt":{"rendered":"<p>Castaneda popularise chamans mexicains, r\u00e9v\u00e8le croyances limitantes, propose 4 accords pour libert\u00e9 et bonheur.<\/p>\n","protected":false},"featured_media":15770,"comment_status":"open","ping_status":"closed","template":"","meta":{"inline_featured_image":false},"product_cat":[204,91],"product_tag":[],"class_list":{"0":"post-15767","1":"product","2":"type-product","3":"status-publish","4":"has-post-thumbnail","6":"product_cat-francais","7":"product_cat-developpement","8":"pa_auteurs-miguel-ruiz","10":"first","11":"instock","12":"shipping-taxable","13":"purchasable","14":"product-type-simple"},"_links":{"self":[{"href":"https:\/\/baralivres.ma\/index.php?rest_route=\/wp\/v2\/product\/15767","targetHints":{"allow":["GET"]}}],"collection":[{"href":"https:\/\/baralivres.ma\/index.php?rest_route=\/wp\/v2\/product"}],"about":[{"href":"https:\/\/baralivres.ma\/index.php?rest_route=\/wp\/v2\/types\/product"}],"replies":[{"embeddable":true,"href":"https:\/\/baralivres.ma\/index.php?rest_route=%2Fwp%2Fv2%2Fcomments&post=15767"}],"version-history":[{"count":1,"href":"https:\/\/baralivres.ma\/index.php?rest_route=\/wp\/v2\/product\/15767\/revisions"}],"predecessor-version":[{"id":15771,"href":"https:\/\/baralivres.ma\/index.php?rest_route=\/wp\/v2\/product\/15767\/revisions\/15771"}],"wp:featuredmedia":[{"embeddable":true,"href":"https:\/\/baralivres.ma\/index.php?rest_route=\/wp\/v2\/media\/15770"}],"wp:attachment":[{"href":"https:\/\/baralivres.ma\/index.php?rest_route=%2Fwp%2Fv2%2Fmedia&parent=15767"}],"wp:term":[{"taxonomy":"product_cat","embeddable":true,"href":"https:\/\/baralivres.ma\/index.php?rest_route=%2Fwp%2Fv2%2Fproduct_cat&post=15767"},{"taxonomy":"product_tag","embeddable":true,"href":"https:\/\/baralivres.ma\/index.php?rest_route=%2Fwp%2Fv2%2Fproduct_tag&post=15767"}],"curies":[{"name":"wp","href":"https:\/\/api.w.org\/{rel}","templated":true}]}}