{"id":15758,"date":"2023-10-30T11:50:56","date_gmt":"2023-10-30T10:50:56","guid":{"rendered":"https:\/\/baralivres.ma\/?post_type=product&#038;p=15758"},"modified":"2023-10-30T11:50:57","modified_gmt":"2023-10-30T10:50:57","slug":"dernier-ete","status":"publish","type":"product","link":"https:\/\/baralivres.ma\/?product=dernier-ete","title":{"rendered":"Dernier \u00e9t\u00e9"},"content":{"rendered":"<p>\u00ab\u00a0Il comparait la vie \u00e0 une tartine d\u00e9sagr\u00e9able qu&rsquo;il faut manger chaque jour, mais on peut l&rsquo;adoucir en se d\u00e9lectant de confitures : l&rsquo;amour, le ciel, la terre, la nature. Dans ce contexte de chaleur intense, de vacances \u00e0 la mer, de pression morale et de conflits vari\u00e9s, \u00ab\u00a0Dernier \u00e9t\u00e9\u00a0\u00bb raconte une histoire d&rsquo;amour tout en \u00e9tant une satire amusante et incisive de notre \u00e9poque actuelle et \u00e0 venir. Cette \u0153uvre adopte une perspective : celle d&rsquo;en trouver l&rsquo;humour, malgr\u00e9 tout.\u00a0\u00bb<\/p>\n","protected":false},"excerpt":{"rendered":"<p>Satire amusante explorant la vie, l&rsquo;amour et les tensions contemporaines, avec humour et perspicacit\u00e9.<\/p>\n","protected":false},"featured_media":15761,"comment_status":"open","ping_status":"closed","template":"","meta":{"inline_featured_image":false},"product_cat":[204,143],"product_tag":[],"class_list":{"0":"post-15758","1":"product","2":"type-product","3":"status-publish","4":"has-post-thumbnail","6":"product_cat-francais","7":"product_cat-roman","8":"pa_auteurs-franz-olivier-giesbert-2","10":"first","11":"instock","12":"shipping-taxable","13":"purchasable","14":"product-type-simple"},"_links":{"self":[{"href":"https:\/\/baralivres.ma\/index.php?rest_route=\/wp\/v2\/product\/15758","targetHints":{"allow":["GET"]}}],"collection":[{"href":"https:\/\/baralivres.ma\/index.php?rest_route=\/wp\/v2\/product"}],"about":[{"href":"https:\/\/baralivres.ma\/index.php?rest_route=\/wp\/v2\/types\/product"}],"replies":[{"embeddable":true,"href":"https:\/\/baralivres.ma\/index.php?rest_route=%2Fwp%2Fv2%2Fcomments&post=15758"}],"version-history":[{"count":1,"href":"https:\/\/baralivres.ma\/index.php?rest_route=\/wp\/v2\/product\/15758\/revisions"}],"predecessor-version":[{"id":15762,"href":"https:\/\/baralivres.ma\/index.php?rest_route=\/wp\/v2\/product\/15758\/revisions\/15762"}],"wp:featuredmedia":[{"embeddable":true,"href":"https:\/\/baralivres.ma\/index.php?rest_route=\/wp\/v2\/media\/15761"}],"wp:attachment":[{"href":"https:\/\/baralivres.ma\/index.php?rest_route=%2Fwp%2Fv2%2Fmedia&parent=15758"}],"wp:term":[{"taxonomy":"product_cat","embeddable":true,"href":"https:\/\/baralivres.ma\/index.php?rest_route=%2Fwp%2Fv2%2Fproduct_cat&post=15758"},{"taxonomy":"product_tag","embeddable":true,"href":"https:\/\/baralivres.ma\/index.php?rest_route=%2Fwp%2Fv2%2Fproduct_tag&post=15758"}],"curies":[{"name":"wp","href":"https:\/\/api.w.org\/{rel}","templated":true}]}}