{"id":15752,"date":"2023-10-30T11:47:59","date_gmt":"2023-10-30T10:47:59","guid":{"rendered":"https:\/\/baralivres.ma\/?post_type=product&#038;p=15752"},"modified":"2023-12-04T12:54:55","modified_gmt":"2023-12-04T11:54:55","slug":"les-tisserands","status":"publish","type":"product","link":"https:\/\/baralivres.ma\/?product=les-tisserands","title":{"rendered":"Les Tisserands"},"content":{"rendered":"<p>\u00ab\u00a0Nous sommes Tisserands, chacun de nous contribuant \u00e0 la r\u00e9paration d&rsquo;un vaste tissu d\u00e9chir\u00e9, symbolisant les fractures sociales, les conflits religieux, les guerres \u00e9conomiques et la s\u00e9paration croissante entre l&rsquo;humanit\u00e9 et la nature. Abdennour Bidar souhaite mettre en lumi\u00e8re et unir ces individus qui travaillent \u00e0 restaurer et \u00e0 b\u00e2tir un meilleur avenir pour notre monde.\u00a0\u00bb<\/p>\n","protected":false},"excerpt":{"rendered":"<p>Tisserands unis par Abdennour Bidar pour r\u00e9parer le monde en comblant les fractures sociales et environnementales.<\/p>\n","protected":false},"featured_media":15756,"comment_status":"open","ping_status":"closed","template":"","meta":{"inline_featured_image":false},"product_cat":[204,91],"product_tag":[],"class_list":{"0":"post-15752","1":"product","2":"type-product","3":"status-publish","4":"has-post-thumbnail","6":"product_cat-francais","7":"product_cat-developpement","8":"pa_auteurs-abdennour-bidar","10":"first","11":"instock","12":"shipping-taxable","13":"purchasable","14":"product-type-simple"},"_links":{"self":[{"href":"https:\/\/baralivres.ma\/index.php?rest_route=\/wp\/v2\/product\/15752","targetHints":{"allow":["GET"]}}],"collection":[{"href":"https:\/\/baralivres.ma\/index.php?rest_route=\/wp\/v2\/product"}],"about":[{"href":"https:\/\/baralivres.ma\/index.php?rest_route=\/wp\/v2\/types\/product"}],"replies":[{"embeddable":true,"href":"https:\/\/baralivres.ma\/index.php?rest_route=%2Fwp%2Fv2%2Fcomments&post=15752"}],"version-history":[{"count":1,"href":"https:\/\/baralivres.ma\/index.php?rest_route=\/wp\/v2\/product\/15752\/revisions"}],"predecessor-version":[{"id":15757,"href":"https:\/\/baralivres.ma\/index.php?rest_route=\/wp\/v2\/product\/15752\/revisions\/15757"}],"wp:featuredmedia":[{"embeddable":true,"href":"https:\/\/baralivres.ma\/index.php?rest_route=\/wp\/v2\/media\/15756"}],"wp:attachment":[{"href":"https:\/\/baralivres.ma\/index.php?rest_route=%2Fwp%2Fv2%2Fmedia&parent=15752"}],"wp:term":[{"taxonomy":"product_cat","embeddable":true,"href":"https:\/\/baralivres.ma\/index.php?rest_route=%2Fwp%2Fv2%2Fproduct_cat&post=15752"},{"taxonomy":"product_tag","embeddable":true,"href":"https:\/\/baralivres.ma\/index.php?rest_route=%2Fwp%2Fv2%2Fproduct_tag&post=15752"}],"curies":[{"name":"wp","href":"https:\/\/api.w.org\/{rel}","templated":true}]}}