{"id":15744,"date":"2023-10-30T11:44:12","date_gmt":"2023-10-30T10:44:12","guid":{"rendered":"https:\/\/baralivres.ma\/?post_type=product&#038;p=15744"},"modified":"2023-10-30T11:44:13","modified_gmt":"2023-10-30T10:44:13","slug":"le-livre-de-ma-mere","status":"publish","type":"product","link":"https:\/\/baralivres.ma\/?product=le-livre-de-ma-mere","title":{"rendered":"Le Livre de ma m\u00e8re"},"content":{"rendered":"<p>Peu de livres ont atteint une popularit\u00e9 aussi soutenue que \u00ab\u00a0Le livre de ma m\u00e8re\u00a0\u00bb. Cet ouvrage poignant raconte l&rsquo;histoire d&rsquo;une femme \u00e0 la fois ordinaire et extraordinaire : une m\u00e8re d\u00e9sormais d\u00e9c\u00e9d\u00e9e qui a consacr\u00e9 sa vie \u00e0 son fils et \u00e0 travers lui. Ce r\u00e9cit d&rsquo;un fils est \u00e9galement le r\u00e9cit universel de tous les fils. Chacun peut y voir sa propre m\u00e8re, \u00e0 la fois protectrice, courageuse, et bienveillante, rayonnant de chaleur et d&rsquo;affection. Tout fils pleurant sa m\u00e8re disparue peut reconna\u00eetre les regrets qu&rsquo;il \u00e9prouve envers lui-m\u00eame, se rem\u00e9morant des moments o\u00f9 il a \u00e9t\u00e9 ingrat, distant ou incompr\u00e9hensif. Des regrets ou des remords qui surviennent toujours trop tard.<\/p>\n<p>\u00ab\u00a0Aucun fils ne peut r\u00e9ellement anticiper la perte de sa m\u00e8re, et pourtant tous les fils se retrouvent parfois f\u00e2ch\u00e9s et impatients envers leurs m\u00e8res, ces \u00eatres si promptement punis.\u00a0\u00bb<\/p>\n","protected":false},"excerpt":{"rendered":"<p>\u00ab\u00a0Livre \u00e9mouvant sur la m\u00e8re : regrets, fils universels, chaleur maternelle, remords tardifs.\u00a0\u00bb<\/p>\n","protected":false},"featured_media":15750,"comment_status":"open","ping_status":"closed","template":"","meta":{"inline_featured_image":false},"product_cat":[204,143],"product_tag":[],"class_list":{"0":"post-15744","1":"product","2":"type-product","3":"status-publish","4":"has-post-thumbnail","6":"product_cat-francais","7":"product_cat-roman","8":"pa_auteurs-albert-cohen","10":"first","11":"instock","12":"shipping-taxable","13":"purchasable","14":"product-type-simple"},"_links":{"self":[{"href":"https:\/\/baralivres.ma\/index.php?rest_route=\/wp\/v2\/product\/15744","targetHints":{"allow":["GET"]}}],"collection":[{"href":"https:\/\/baralivres.ma\/index.php?rest_route=\/wp\/v2\/product"}],"about":[{"href":"https:\/\/baralivres.ma\/index.php?rest_route=\/wp\/v2\/types\/product"}],"replies":[{"embeddable":true,"href":"https:\/\/baralivres.ma\/index.php?rest_route=%2Fwp%2Fv2%2Fcomments&post=15744"}],"version-history":[{"count":1,"href":"https:\/\/baralivres.ma\/index.php?rest_route=\/wp\/v2\/product\/15744\/revisions"}],"predecessor-version":[{"id":15751,"href":"https:\/\/baralivres.ma\/index.php?rest_route=\/wp\/v2\/product\/15744\/revisions\/15751"}],"wp:featuredmedia":[{"embeddable":true,"href":"https:\/\/baralivres.ma\/index.php?rest_route=\/wp\/v2\/media\/15750"}],"wp:attachment":[{"href":"https:\/\/baralivres.ma\/index.php?rest_route=%2Fwp%2Fv2%2Fmedia&parent=15744"}],"wp:term":[{"taxonomy":"product_cat","embeddable":true,"href":"https:\/\/baralivres.ma\/index.php?rest_route=%2Fwp%2Fv2%2Fproduct_cat&post=15744"},{"taxonomy":"product_tag","embeddable":true,"href":"https:\/\/baralivres.ma\/index.php?rest_route=%2Fwp%2Fv2%2Fproduct_tag&post=15744"}],"curies":[{"name":"wp","href":"https:\/\/api.w.org\/{rel}","templated":true}]}}