{"id":15742,"date":"2023-10-30T11:43:49","date_gmt":"2023-10-30T10:43:49","guid":{"rendered":"https:\/\/baralivres.ma\/?post_type=product&#038;p=15742"},"modified":"2023-12-04T12:57:25","modified_gmt":"2023-12-04T11:57:25","slug":"la-psychologie-de-largent","status":"publish","type":"product","link":"https:\/\/baralivres.ma\/?product=la-psychologie-de-largent","title":{"rendered":"La psychologie de l&rsquo;argent"},"content":{"rendered":"<p>Le succ\u00e8s financier n&rsquo;est pas uniquement le fruit de connaissances, mais repose essentiellement sur votre attitude. Cette attitude, cependant, n&rsquo;est pas quelque chose qui peut \u00eatre facilement enseign\u00e9, m\u00eame pour les individus tr\u00e8s intelligents. Souvent, la finance est pr\u00e9sent\u00e9e comme une discipline math\u00e9matique, o\u00f9 l&rsquo;entr\u00e9e de donn\u00e9es et l&rsquo;application de formules sont cens\u00e9es vous guider dans vos d\u00e9cisions en mati\u00e8re d&rsquo;investissement, de gestion financi\u00e8re personnelle ou de strat\u00e9gies \u00e9conomiques. Pourtant, dans la r\u00e9alit\u00e9 quotidienne, nos choix financiers ne se font pas devant une simple feuille de calcul. Ils sont pris \u00e0 la table de la famille ou lors de r\u00e9unions, des endroits o\u00f9 se m\u00ealent notre histoire personnelle, notre vision du monde propre \u00e0 chacun, notre ego, notre fiert\u00e9, des consid\u00e9rations commerciales et des motivations parfois \u00e9tranges. Dans \u00ab\u00a0La Psychologie de l&rsquo;argent,\u00a0\u00bb Morgan Housel, un auteur r\u00e9compens\u00e9 \u00e0 plusieurs reprises, partage dix-neuf courtes histoires dans lesquelles il explore les diff\u00e9rentes fa\u00e7ons dont nous abordons les questions financi\u00e8res de mani\u00e8re unique. En faisant cela, il nous aide \u00e0 mieux comprendre l&rsquo;un des sujets les plus cruciaux de la vie humaine. Morgan Housel est \u00e9galement associ\u00e9 au fonds d&rsquo;investissement The Collaborative Fund, ayant pr\u00e9c\u00e9demment \u00e9t\u00e9 chroniqueur au Wall Street Journal et sur Fool.com (The Motley Fool). Il a remport\u00e9 \u00e0 deux reprises le Best in Business Award d\u00e9cern\u00e9 par la Society of American Business Editors and Writers, a re\u00e7u un Sidney Award du New York Times et a \u00e9t\u00e9 deux fois finaliste du Gerald Loeb Award for Distinguished Business and Financial Journalism.<\/p>\n","protected":false},"excerpt":{"rendered":"<p>Le succ\u00e8s financier d\u00e9pend de l&rsquo;attitude plus que des connaissances, selon l&rsquo;auteur Morgan Housel.<\/p>\n","protected":false},"featured_media":15748,"comment_status":"open","ping_status":"closed","template":"","meta":{"inline_featured_image":false},"product_cat":[204,91],"product_tag":[],"class_list":{"0":"post-15742","1":"product","2":"type-product","3":"status-publish","4":"has-post-thumbnail","6":"product_cat-francais","7":"product_cat-developpement","8":"pa_auteurs-morgan-housel","10":"first","11":"instock","12":"shipping-taxable","13":"purchasable","14":"product-type-simple"},"_links":{"self":[{"href":"https:\/\/baralivres.ma\/index.php?rest_route=\/wp\/v2\/product\/15742","targetHints":{"allow":["GET"]}}],"collection":[{"href":"https:\/\/baralivres.ma\/index.php?rest_route=\/wp\/v2\/product"}],"about":[{"href":"https:\/\/baralivres.ma\/index.php?rest_route=\/wp\/v2\/types\/product"}],"replies":[{"embeddable":true,"href":"https:\/\/baralivres.ma\/index.php?rest_route=%2Fwp%2Fv2%2Fcomments&post=15742"}],"version-history":[{"count":1,"href":"https:\/\/baralivres.ma\/index.php?rest_route=\/wp\/v2\/product\/15742\/revisions"}],"predecessor-version":[{"id":15749,"href":"https:\/\/baralivres.ma\/index.php?rest_route=\/wp\/v2\/product\/15742\/revisions\/15749"}],"wp:featuredmedia":[{"embeddable":true,"href":"https:\/\/baralivres.ma\/index.php?rest_route=\/wp\/v2\/media\/15748"}],"wp:attachment":[{"href":"https:\/\/baralivres.ma\/index.php?rest_route=%2Fwp%2Fv2%2Fmedia&parent=15742"}],"wp:term":[{"taxonomy":"product_cat","embeddable":true,"href":"https:\/\/baralivres.ma\/index.php?rest_route=%2Fwp%2Fv2%2Fproduct_cat&post=15742"},{"taxonomy":"product_tag","embeddable":true,"href":"https:\/\/baralivres.ma\/index.php?rest_route=%2Fwp%2Fv2%2Fproduct_tag&post=15742"}],"curies":[{"name":"wp","href":"https:\/\/api.w.org\/{rel}","templated":true}]}}