{"id":15741,"date":"2023-10-30T11:43:11","date_gmt":"2023-10-30T10:43:11","guid":{"rendered":"https:\/\/baralivres.ma\/?post_type=product&#038;p=15741"},"modified":"2023-12-04T12:26:39","modified_gmt":"2023-12-04T11:26:39","slug":"le-mariage-de-plaisir","status":"publish","type":"product","link":"https:\/\/baralivres.ma\/?product=le-mariage-de-plaisir","title":{"rendered":"Le mariage de plaisir"},"content":{"rendered":"<p>Dans l&rsquo;islam, un homme qui part en voyage peut l\u00e9galement conclure un mariage temporaire pour \u00e9viter d&rsquo;aller voir des prostitu\u00e9es. Ce type de mariage est souvent appel\u00e9 un \u00ab\u00a0mariage de plaisir\u00a0\u00bb. C&rsquo;est ainsi qu&rsquo;Amir, un prosp\u00e8re commer\u00e7ant de F\u00e8s, a \u00e9pous\u00e9 temporairement Nabou, une Peule de Dakar, o\u00f9 il se rend chaque ann\u00e9e pour ses achats commerciaux. Cependant, Amir finit par tomber amoureux de Nabou et lui propose de la ramener \u00e0 F\u00e8s avec lui. Elle accepte, devient sa deuxi\u00e8me \u00e9pouse et donne naissance \u00e0 des jumeaux, l&rsquo;un de peau claire et l&rsquo;autre de peau fonc\u00e9e. \u00c0 partir de ce moment, elle doit faire face \u00e0 la redoutable jalousie de la premi\u00e8re \u00e9pouse, qui est blanche, ainsi qu&rsquo;\u00e0 la discrimination quotidienne. Cette puissante saga s&rsquo;\u00e9tend sur trois g\u00e9n\u00e9rations, se d\u00e9roulant entre Dakar, F\u00e8s et Tanger, et explore \u00e9galement une histoire d&rsquo;amour exceptionnelle.<\/p>\n","protected":false},"excerpt":{"rendered":"<div class=\"group w-full text-token-text-primary border-b border-black\/10 gizmo:border-0 dark:border-gray-900\/50 gizmo:dark:border-0 bg-gray-50 gizmo:bg-transparent dark:bg-[#444654] gizmo:dark:bg-transparent\" data-testid=\"conversation-turn-5\">\n<div class=\"p-4 gizmo:py-2 justify-center text-base md:gap-6 md:py-6 m-auto\">\n<div class=\"flex flex-1 gap-4 text-base mx-auto md:gap-6 gizmo:gap-3 gizmo:md:px-5 gizmo:lg:px-1 gizmo:xl:px-5 md:max-w-2xl lg:max-w-[38rem] gizmo:md:max-w-3xl gizmo:lg:max-w-[40rem] gizmo:xl:max-w-[48rem] xl:max-w-3xl }\">\n<div class=\"relative flex w-[calc(100%-50px)] flex-col gizmo:w-full lg:w-[calc(100%-115px)] agent-turn\">\n<div class=\"flex-col gap-1 md:gap-3\">\n<div class=\"flex flex-grow flex-col gap-3 max-w-full\">\n<div class=\"min-h-[20px] flex flex-col items-start gap-3 whitespace-pre-wrap break-words overflow-x-auto\" data-message-author-role=\"assistant\" data-message-id=\"d12fc858-5c3b-4e68-915d-7375dd15a0ea\">\n<div class=\"markdown prose w-full break-words dark:prose-invert dark\">\n<p>Amir \u00e9pouse Nabou en mariage de plaisir, l&rsquo;amour les unit, mais le racisme et la jalousie les d\u00e9fient.<\/p>\n<\/div>\n<\/div>\n<\/div>\n<\/div>\n<\/div>\n<\/div>\n<\/div>\n<\/div>\n","protected":false},"featured_media":20633,"comment_status":"open","ping_status":"closed","template":"","meta":{"inline_featured_image":false},"product_cat":[204,143],"product_tag":[],"class_list":{"0":"post-15741","1":"product","2":"type-product","3":"status-publish","4":"has-post-thumbnail","6":"product_cat-francais","7":"product_cat-roman","8":"pa_auteurs-tahar-ben-jelloun","10":"first","11":"instock","12":"shipping-taxable","13":"purchasable","14":"product-type-simple"},"_links":{"self":[{"href":"https:\/\/baralivres.ma\/index.php?rest_route=\/wp\/v2\/product\/15741","targetHints":{"allow":["GET"]}}],"collection":[{"href":"https:\/\/baralivres.ma\/index.php?rest_route=\/wp\/v2\/product"}],"about":[{"href":"https:\/\/baralivres.ma\/index.php?rest_route=\/wp\/v2\/types\/product"}],"replies":[{"embeddable":true,"href":"https:\/\/baralivres.ma\/index.php?rest_route=%2Fwp%2Fv2%2Fcomments&post=15741"}],"version-history":[{"count":2,"href":"https:\/\/baralivres.ma\/index.php?rest_route=\/wp\/v2\/product\/15741\/revisions"}],"predecessor-version":[{"id":20631,"href":"https:\/\/baralivres.ma\/index.php?rest_route=\/wp\/v2\/product\/15741\/revisions\/20631"}],"wp:featuredmedia":[{"embeddable":true,"href":"https:\/\/baralivres.ma\/index.php?rest_route=\/wp\/v2\/media\/20633"}],"wp:attachment":[{"href":"https:\/\/baralivres.ma\/index.php?rest_route=%2Fwp%2Fv2%2Fmedia&parent=15741"}],"wp:term":[{"taxonomy":"product_cat","embeddable":true,"href":"https:\/\/baralivres.ma\/index.php?rest_route=%2Fwp%2Fv2%2Fproduct_cat&post=15741"},{"taxonomy":"product_tag","embeddable":true,"href":"https:\/\/baralivres.ma\/index.php?rest_route=%2Fwp%2Fv2%2Fproduct_tag&post=15741"}],"curies":[{"name":"wp","href":"https:\/\/api.w.org\/{rel}","templated":true}]}}