{"id":15733,"date":"2023-10-30T11:40:15","date_gmt":"2023-10-30T10:40:15","guid":{"rendered":"https:\/\/baralivres.ma\/?post_type=product&#038;p=15733"},"modified":"2023-10-30T11:40:16","modified_gmt":"2023-10-30T10:40:16","slug":"linsomniaque","status":"publish","type":"product","link":"https:\/\/baralivres.ma\/?product=linsomniaque","title":{"rendered":"L&rsquo;insomniaque"},"content":{"rendered":"<p>\u00ab\u00a0J&rsquo;ai mis fin \u00e0 la vie de ma m\u00e8re en pla\u00e7ant un oreiller sur son visage et en exer\u00e7ant une l\u00e9g\u00e8re pression. Elle est rest\u00e9e immobile, sans la moindre r\u00e9action, et sa respiration s&rsquo;est \u00e9teinte. Apr\u00e8s cela, je me suis plong\u00e9 dans un sommeil profond et prolong\u00e9.\u00a0\u00bb Un sc\u00e9nariste insomniaque vivant \u00e0 Tanger d\u00e9couvre que pour r\u00e9ussir \u00e0 bien dormir, il doit prendre la vie de quelqu&rsquo;un. Sa m\u00e8re est malheureusement sa premi\u00e8re victime. Au fil du temps, l&rsquo;effet s&rsquo;estompe, l&rsquo;obligeant \u00e0 r\u00e9p\u00e9ter son acte. Le sc\u00e9nariste se transforme alors en tueur professionnel du sommeil, perp\u00e9trant ses meurtres avec la m\u00eame perfection qu&rsquo;au cin\u00e9ma. Cependant, la moindre erreur dans son sc\u00e9nario peut tout faire basculer&#8230;<\/p>\n","protected":false},"excerpt":{"rendered":"<p>Un sc\u00e9nariste insomnie meurtrier tue pour mieux dormir, devient tueur \u00e0 gages, erreurs risquent r\u00e9v\u00e9lation.<\/p>\n","protected":false},"featured_media":15735,"comment_status":"open","ping_status":"closed","template":"","meta":{"inline_featured_image":false},"product_cat":[204,143],"product_tag":[],"class_list":{"0":"post-15733","1":"product","2":"type-product","3":"status-publish","4":"has-post-thumbnail","6":"product_cat-francais","7":"product_cat-roman","8":"pa_auteurs-tahar-ben-jelloun","10":"first","11":"instock","12":"shipping-taxable","13":"purchasable","14":"product-type-simple"},"_links":{"self":[{"href":"https:\/\/baralivres.ma\/index.php?rest_route=\/wp\/v2\/product\/15733","targetHints":{"allow":["GET"]}}],"collection":[{"href":"https:\/\/baralivres.ma\/index.php?rest_route=\/wp\/v2\/product"}],"about":[{"href":"https:\/\/baralivres.ma\/index.php?rest_route=\/wp\/v2\/types\/product"}],"replies":[{"embeddable":true,"href":"https:\/\/baralivres.ma\/index.php?rest_route=%2Fwp%2Fv2%2Fcomments&post=15733"}],"version-history":[{"count":1,"href":"https:\/\/baralivres.ma\/index.php?rest_route=\/wp\/v2\/product\/15733\/revisions"}],"predecessor-version":[{"id":15740,"href":"https:\/\/baralivres.ma\/index.php?rest_route=\/wp\/v2\/product\/15733\/revisions\/15740"}],"wp:featuredmedia":[{"embeddable":true,"href":"https:\/\/baralivres.ma\/index.php?rest_route=\/wp\/v2\/media\/15735"}],"wp:attachment":[{"href":"https:\/\/baralivres.ma\/index.php?rest_route=%2Fwp%2Fv2%2Fmedia&parent=15733"}],"wp:term":[{"taxonomy":"product_cat","embeddable":true,"href":"https:\/\/baralivres.ma\/index.php?rest_route=%2Fwp%2Fv2%2Fproduct_cat&post=15733"},{"taxonomy":"product_tag","embeddable":true,"href":"https:\/\/baralivres.ma\/index.php?rest_route=%2Fwp%2Fv2%2Fproduct_tag&post=15733"}],"curies":[{"name":"wp","href":"https:\/\/api.w.org\/{rel}","templated":true}]}}