{"id":15731,"date":"2023-10-30T11:39:53","date_gmt":"2023-10-30T10:39:53","guid":{"rendered":"https:\/\/baralivres.ma\/?post_type=product&#038;p=15731"},"modified":"2023-12-04T12:55:50","modified_gmt":"2023-12-04T11:55:50","slug":"la-methode-glucose-goddess","status":"publish","type":"product","link":"https:\/\/baralivres.ma\/?product=la-methode-glucose-goddess","title":{"rendered":"La M\u00e9thode Glucose Goddess"},"content":{"rendered":"<p>Si vous souffrez de fringales constantes, de fatigue chronique, d&rsquo;une d\u00e9pendance au sucre, ou de probl\u00e8mes hormonaux qui affectent votre sant\u00e9, il se peut que votre taux de sucre dans le sang soit instable. Jessie Inchausp\u00e9, dans son premier ouvrage intitul\u00e9 \u00ab\u00a0Faites votre glucose r\u00e9volution\u00a0\u00bb, a expos\u00e9 l&rsquo;importance du glucose dans le corps et a partag\u00e9 dix conseils bas\u00e9s sur la science pour stabiliser votre glyc\u00e9mie et vous d\u00e9barrasser de nombreux sympt\u00f4mes g\u00eanants.<\/p>\n<p>Avec son nouveau livre, \u00ab\u00a0La M\u00e9thode Glucose Goddess\u00a0\u00bb, elle vous offre un programme en quatre semaines et quatre \u00e9tapes pour int\u00e9grer ces conseils de mani\u00e8re facile, amusante, et sans vous priver. Dans ce livre tr\u00e8s attendu, vous d\u00e9couvrirez plus de cent recettes, un espace pour prendre des notes, ainsi que les t\u00e9moignages et les recommandations de deux mille sept cents personnes qui ont eu la chance de tester ce programme en avant-premi\u00e8re.<\/p>\n<p>Cette m\u00e9thode a un impact puissant sur votre sant\u00e9, vous aidant \u00e0 retrouver une \u00e9nergie in\u00e9puisable, \u00e0 dire adieu aux fringales, \u00e0 ralentir le processus de vieillissement, \u00e0 lutter contre l&rsquo;inflammation, \u00e0 r\u00e9tablir un \u00e9quilibre hormonal, \u00e0 profiter d&rsquo;un sommeil de meilleure qualit\u00e9, \u00e0 r\u00e9duire le risque de diab\u00e8te, et \u00e0 adopter des habitudes alimentaires durables. Le tout, sans avoir \u00e0 compter les calories et en continuant \u00e0 d\u00e9guster tout ce que vous aimez.<\/p>\n","protected":false},"excerpt":{"rendered":"<p>\u00ab\u00a0La M\u00e9thode Glucose Goddess de Jessie Inchausp\u00e9 : Programme de 4 semaines pour am\u00e9liorer sant\u00e9 et \u00e9nergie.\u00a0\u00bb<\/p>\n","protected":false},"featured_media":15737,"comment_status":"open","ping_status":"closed","template":"","meta":{"inline_featured_image":false},"product_cat":[204,91],"product_tag":[],"class_list":{"0":"post-15731","1":"product","2":"type-product","3":"status-publish","4":"has-post-thumbnail","6":"product_cat-francais","7":"product_cat-developpement","8":"pa_auteurs-jessie-inchauspe","10":"first","11":"instock","12":"shipping-taxable","13":"purchasable","14":"product-type-simple"},"_links":{"self":[{"href":"https:\/\/baralivres.ma\/index.php?rest_route=\/wp\/v2\/product\/15731","targetHints":{"allow":["GET"]}}],"collection":[{"href":"https:\/\/baralivres.ma\/index.php?rest_route=\/wp\/v2\/product"}],"about":[{"href":"https:\/\/baralivres.ma\/index.php?rest_route=\/wp\/v2\/types\/product"}],"replies":[{"embeddable":true,"href":"https:\/\/baralivres.ma\/index.php?rest_route=%2Fwp%2Fv2%2Fcomments&post=15731"}],"version-history":[{"count":1,"href":"https:\/\/baralivres.ma\/index.php?rest_route=\/wp\/v2\/product\/15731\/revisions"}],"predecessor-version":[{"id":15738,"href":"https:\/\/baralivres.ma\/index.php?rest_route=\/wp\/v2\/product\/15731\/revisions\/15738"}],"wp:featuredmedia":[{"embeddable":true,"href":"https:\/\/baralivres.ma\/index.php?rest_route=\/wp\/v2\/media\/15737"}],"wp:attachment":[{"href":"https:\/\/baralivres.ma\/index.php?rest_route=%2Fwp%2Fv2%2Fmedia&parent=15731"}],"wp:term":[{"taxonomy":"product_cat","embeddable":true,"href":"https:\/\/baralivres.ma\/index.php?rest_route=%2Fwp%2Fv2%2Fproduct_cat&post=15731"},{"taxonomy":"product_tag","embeddable":true,"href":"https:\/\/baralivres.ma\/index.php?rest_route=%2Fwp%2Fv2%2Fproduct_tag&post=15731"}],"curies":[{"name":"wp","href":"https:\/\/api.w.org\/{rel}","templated":true}]}}