{"id":15727,"date":"2023-10-30T11:36:31","date_gmt":"2023-10-30T10:36:31","guid":{"rendered":"https:\/\/baralivres.ma\/?post_type=product&#038;p=15727"},"modified":"2023-10-30T11:36:31","modified_gmt":"2023-10-30T10:36:31","slug":"le-bonheur-conjugal","status":"publish","type":"product","link":"https:\/\/baralivres.ma\/?product=le-bonheur-conjugal","title":{"rendered":"Le bonheur conjugal"},"content":{"rendered":"<p>\u00c0 Casablanca, au d\u00e9but des ann\u00e9es 2000, un peintre renomm\u00e9 subit brusquement une attaque c\u00e9r\u00e9brale, le laissant paralys\u00e9 et mettant un terme brutal \u00e0 sa brillante carri\u00e8re d&rsquo;expositions et de voyages. Convaincu que son mariage est \u00e0 l&rsquo;origine de sa chute, il se replie dans sa maladie, nourrissant sa d\u00e9pression. Pour \u00e9chapper \u00e0 cette d\u00e9tresse, il d\u00e9cide secr\u00e8tement d&rsquo;\u00e9crire un livre qui d\u00e9voilera les tourments de son union tumultueuse, un exercice d&rsquo;auto-analyse pour trouver le courage de se lib\u00e9rer d&rsquo;une relation toxique.<\/p>\n<p>Cependant, sa femme d\u00e9couvre le manuscrit cach\u00e9 dans l&rsquo;atelier et choisit de r\u00e9pliquer en d\u00e9taillant sa propre version des \u00e9v\u00e9nements, en r\u00e9pondant aux accusations de son mari point par point. Le roman explore la nature du bonheur conjugal dans une soci\u00e9t\u00e9 o\u00f9 le mariage est une institution, souvent masquant des r\u00e9alit\u00e9s complexes derri\u00e8re une fa\u00e7ade fa\u00e7onn\u00e9e par la l\u00e2chet\u00e9 ou la conformit\u00e9 aux conventions. En confrontant ces deux perspectives, il d\u00e9peint les diff\u00e9rents aspects d&rsquo;une m\u00eame histoire.<\/p>\n","protected":false},"excerpt":{"rendered":"<p>Un peintre paralys\u00e9 \u00e9crit sur son mariage chaotique, mais sa femme r\u00e9fute ses accusations, r\u00e9v\u00e9lant la v\u00e9rit\u00e9.<\/p>\n","protected":false},"featured_media":15728,"comment_status":"open","ping_status":"closed","template":"","meta":{"inline_featured_image":false},"product_cat":[204,143],"product_tag":[],"class_list":{"0":"post-15727","1":"product","2":"type-product","3":"status-publish","4":"has-post-thumbnail","6":"product_cat-francais","7":"product_cat-roman","8":"pa_auteurs-tahar-ben-jelloun","10":"first","11":"instock","12":"shipping-taxable","13":"purchasable","14":"product-type-simple"},"_links":{"self":[{"href":"https:\/\/baralivres.ma\/index.php?rest_route=\/wp\/v2\/product\/15727","targetHints":{"allow":["GET"]}}],"collection":[{"href":"https:\/\/baralivres.ma\/index.php?rest_route=\/wp\/v2\/product"}],"about":[{"href":"https:\/\/baralivres.ma\/index.php?rest_route=\/wp\/v2\/types\/product"}],"replies":[{"embeddable":true,"href":"https:\/\/baralivres.ma\/index.php?rest_route=%2Fwp%2Fv2%2Fcomments&post=15727"}],"version-history":[{"count":1,"href":"https:\/\/baralivres.ma\/index.php?rest_route=\/wp\/v2\/product\/15727\/revisions"}],"predecessor-version":[{"id":15732,"href":"https:\/\/baralivres.ma\/index.php?rest_route=\/wp\/v2\/product\/15727\/revisions\/15732"}],"wp:featuredmedia":[{"embeddable":true,"href":"https:\/\/baralivres.ma\/index.php?rest_route=\/wp\/v2\/media\/15728"}],"wp:attachment":[{"href":"https:\/\/baralivres.ma\/index.php?rest_route=%2Fwp%2Fv2%2Fmedia&parent=15727"}],"wp:term":[{"taxonomy":"product_cat","embeddable":true,"href":"https:\/\/baralivres.ma\/index.php?rest_route=%2Fwp%2Fv2%2Fproduct_cat&post=15727"},{"taxonomy":"product_tag","embeddable":true,"href":"https:\/\/baralivres.ma\/index.php?rest_route=%2Fwp%2Fv2%2Fproduct_tag&post=15727"}],"curies":[{"name":"wp","href":"https:\/\/api.w.org\/{rel}","templated":true}]}}