{"id":15706,"date":"2023-10-30T11:28:34","date_gmt":"2023-10-30T10:28:34","guid":{"rendered":"https:\/\/baralivres.ma\/?post_type=product&#038;p=15706"},"modified":"2023-12-04T12:19:05","modified_gmt":"2023-12-04T11:19:05","slug":"qui-a-pique-mon-fromage","status":"publish","type":"product","link":"https:\/\/baralivres.ma\/?product=qui-a-pique-mon-fromage","title":{"rendered":"Qui a piqu\u00e9 mon fromage"},"content":{"rendered":"<p>La vie peut \u00eatre compar\u00e9e \u00e0 un labyrinthe complexe. Si seulement nous pouvions avoir une carte claire pour nous guider, suivre une routine quotidienne pr\u00e9\u00e9tablie serait bien plus simple. Cependant, la r\u00e9alit\u00e9 est tout autre : tout est en constante \u00e9volution, que ce soit dans nos relations amoureuses, familiales, professionnelles, ou dans la soci\u00e9t\u00e9 en g\u00e9n\u00e9ral. C&rsquo;est pourquoi il est essentiel de s&rsquo;adapter constamment. Cette m\u00e9taphore nous rappelle que ceux qui sont pr\u00eats \u00e0 changer finissent par trouver leur chemin, peu importe les d\u00e9fis qui se dressent sur leur route.<\/p>\n","protected":false},"excerpt":{"rendered":"<p>La vie est un labyrinthe en perp\u00e9tuelle \u00e9volution, exigeant adaptation et changement pour atteindre le succ\u00e8s.<\/p>\n","protected":false},"featured_media":15715,"comment_status":"open","ping_status":"closed","template":"","meta":{"inline_featured_image":false},"product_cat":[204,91],"product_tag":[],"class_list":{"0":"post-15706","1":"product","2":"type-product","3":"status-publish","4":"has-post-thumbnail","6":"product_cat-francais","7":"product_cat-developpement","8":"pa_auteurs-spencer-johnson","10":"first","11":"instock","12":"shipping-taxable","13":"purchasable","14":"product-type-simple"},"_links":{"self":[{"href":"https:\/\/baralivres.ma\/index.php?rest_route=\/wp\/v2\/product\/15706","targetHints":{"allow":["GET"]}}],"collection":[{"href":"https:\/\/baralivres.ma\/index.php?rest_route=\/wp\/v2\/product"}],"about":[{"href":"https:\/\/baralivres.ma\/index.php?rest_route=\/wp\/v2\/types\/product"}],"replies":[{"embeddable":true,"href":"https:\/\/baralivres.ma\/index.php?rest_route=%2Fwp%2Fv2%2Fcomments&post=15706"}],"version-history":[{"count":1,"href":"https:\/\/baralivres.ma\/index.php?rest_route=\/wp\/v2\/product\/15706\/revisions"}],"predecessor-version":[{"id":15716,"href":"https:\/\/baralivres.ma\/index.php?rest_route=\/wp\/v2\/product\/15706\/revisions\/15716"}],"wp:featuredmedia":[{"embeddable":true,"href":"https:\/\/baralivres.ma\/index.php?rest_route=\/wp\/v2\/media\/15715"}],"wp:attachment":[{"href":"https:\/\/baralivres.ma\/index.php?rest_route=%2Fwp%2Fv2%2Fmedia&parent=15706"}],"wp:term":[{"taxonomy":"product_cat","embeddable":true,"href":"https:\/\/baralivres.ma\/index.php?rest_route=%2Fwp%2Fv2%2Fproduct_cat&post=15706"},{"taxonomy":"product_tag","embeddable":true,"href":"https:\/\/baralivres.ma\/index.php?rest_route=%2Fwp%2Fv2%2Fproduct_tag&post=15706"}],"curies":[{"name":"wp","href":"https:\/\/api.w.org\/{rel}","templated":true}]}}