{"id":15700,"date":"2023-10-30T11:26:26","date_gmt":"2023-10-30T10:26:26","guid":{"rendered":"https:\/\/baralivres.ma\/?post_type=product&#038;p=15700"},"modified":"2023-10-30T11:26:26","modified_gmt":"2023-10-30T10:26:26","slug":"voyage-au-bout-de-la-nuit","status":"publish","type":"product","link":"https:\/\/baralivres.ma\/?product=voyage-au-bout-de-la-nuit","title":{"rendered":"Voyage au bout de la nuit"},"content":{"rendered":"<p>\u00ab\u00a0Bardamu,\u00a0\u00bb dit-il gravement, un brin m\u00e9lancolique, \u00ab\u00a0nos anc\u00eatres m\u00e9ritent notre respect, \u00e9vite de les critiquer !\u00a0\u00bb \u00ab\u00a0Tu as raison, Arthur, sur ce point, tu as raison ! Pleins de ressentiment et pourtant soumis, abus\u00e9s, d\u00e9pouill\u00e9s, toujours bern\u00e9s, ils nous ressemblaient bien ! Tu l&rsquo;as dit ! Nous demeurons inchang\u00e9s ! Ni nos chaussettes, ni nos ma\u00eetres, ni nos id\u00e9es \u2013 ou alors si tardivement que cela en perd tout int\u00e9r\u00eat. Nous sommes n\u00e9s loyaux, et nous en mourrons ! Soldats sans solde, h\u00e9ros aux yeux de tous, singes \u00e9loquents, des mots qui endurent, nous sommes les chouchous du Roi Mis\u00e8re. C&rsquo;est lui qui nous tient ! Quand on se comporte mal, il resserre&#8230; Ses doigts autour de notre cou, constamment, entravant nos paroles, il faut \u00eatre tr\u00e8s prudent si on veut manger&#8230; Pour un rien, il nous \u00e9touffe&#8230; Ce n&rsquo;est pas une vie&#8230;\u00a0\u00bb \u00ab\u00a0Il y a l&rsquo;amour, Bardamu !\u00a0\u00bb \u00ab\u00a0Arthur, l&rsquo;amour, c&rsquo;est l&rsquo;infini \u00e0 la port\u00e9e des chiens, et moi, j&rsquo;ai ma dignit\u00e9, je le lui r\u00e9ponds.\u00a0\u00bb<\/p>\n","protected":false},"excerpt":{"rendered":"<p>La critique sociale exprim\u00e9e souligne la fid\u00e9lit\u00e9 aveugle et l&rsquo;amour diminu\u00e9 par la mis\u00e8re.<\/p>\n","protected":false},"featured_media":15708,"comment_status":"open","ping_status":"closed","template":"","meta":{"inline_featured_image":false},"product_cat":[204,143],"product_tag":[],"class_list":{"0":"post-15700","1":"product","2":"type-product","3":"status-publish","4":"has-post-thumbnail","6":"product_cat-francais","7":"product_cat-roman","8":"pa_auteurs-louis-ferdinand","10":"first","11":"instock","12":"shipping-taxable","13":"purchasable","14":"product-type-simple"},"_links":{"self":[{"href":"https:\/\/baralivres.ma\/index.php?rest_route=\/wp\/v2\/product\/15700","targetHints":{"allow":["GET"]}}],"collection":[{"href":"https:\/\/baralivres.ma\/index.php?rest_route=\/wp\/v2\/product"}],"about":[{"href":"https:\/\/baralivres.ma\/index.php?rest_route=\/wp\/v2\/types\/product"}],"replies":[{"embeddable":true,"href":"https:\/\/baralivres.ma\/index.php?rest_route=%2Fwp%2Fv2%2Fcomments&post=15700"}],"version-history":[{"count":1,"href":"https:\/\/baralivres.ma\/index.php?rest_route=\/wp\/v2\/product\/15700\/revisions"}],"predecessor-version":[{"id":15709,"href":"https:\/\/baralivres.ma\/index.php?rest_route=\/wp\/v2\/product\/15700\/revisions\/15709"}],"wp:featuredmedia":[{"embeddable":true,"href":"https:\/\/baralivres.ma\/index.php?rest_route=\/wp\/v2\/media\/15708"}],"wp:attachment":[{"href":"https:\/\/baralivres.ma\/index.php?rest_route=%2Fwp%2Fv2%2Fmedia&parent=15700"}],"wp:term":[{"taxonomy":"product_cat","embeddable":true,"href":"https:\/\/baralivres.ma\/index.php?rest_route=%2Fwp%2Fv2%2Fproduct_cat&post=15700"},{"taxonomy":"product_tag","embeddable":true,"href":"https:\/\/baralivres.ma\/index.php?rest_route=%2Fwp%2Fv2%2Fproduct_tag&post=15700"}],"curies":[{"name":"wp","href":"https:\/\/api.w.org\/{rel}","templated":true}]}}