{"id":15697,"date":"2023-10-30T11:26:10","date_gmt":"2023-10-30T10:26:10","guid":{"rendered":"https:\/\/baralivres.ma\/?post_type=product&#038;p=15697"},"modified":"2023-10-30T11:26:11","modified_gmt":"2023-10-30T10:26:11","slug":"chanson-douce","status":"publish","type":"product","link":"https:\/\/baralivres.ma\/?product=chanson-douce","title":{"rendered":"Chanson douce"},"content":{"rendered":"<p>\u00ab\u00a0Louise ? Vous avez eu une chance incroyable de la rencontrer. Elle a \u00e9t\u00e9 comme une seconde m\u00e8re pour mes gar\u00e7ons. C&rsquo;\u00e9tait vraiment d\u00e9chirant quand nous avons d\u00fb nous s\u00e9parer d&rsquo;elle. Pour \u00eatre honn\u00eate, \u00e0 l&rsquo;\u00e9poque, j&rsquo;ai m\u00eame envisag\u00e9 d&rsquo;avoir un troisi\u00e8me enfant juste pour pouvoir la garder.\u00a0\u00bb Quand Myriam d\u00e9cide, malgr\u00e9 les r\u00e9serves de son mari, de reprendre son travail dans un cabinet d&rsquo;avocats, le couple se met \u00e0 la recherche d&rsquo;une nounou. Apr\u00e8s une s\u00e9lection rigoureuse, ils embauchent Louise et sont charm\u00e9s par sa fa\u00e7on naturelle de s&rsquo;occuper de Mila et Adam, ainsi que par l&rsquo;attention qu&rsquo;elle apporte rapidement \u00e0 leur maison. Peu \u00e0 peu, un pi\u00e8ge de d\u00e9pendance mutuelle se met en place.<\/p>\n","protected":false},"excerpt":{"rendered":"<p>Myriam et son mari engagent Louise comme nounou, qui devient essentielle, mais la d\u00e9pendance mutuelle s&rsquo;installe.<\/p>\n","protected":false},"featured_media":15705,"comment_status":"open","ping_status":"closed","template":"","meta":{"inline_featured_image":false},"product_cat":[204,143],"product_tag":[],"class_list":{"0":"post-15697","1":"product","2":"type-product","3":"status-publish","4":"has-post-thumbnail","6":"product_cat-francais","7":"product_cat-roman","8":"pa_auteurs-leila_slimani","10":"first","11":"instock","12":"shipping-taxable","13":"purchasable","14":"product-type-simple"},"_links":{"self":[{"href":"https:\/\/baralivres.ma\/index.php?rest_route=\/wp\/v2\/product\/15697","targetHints":{"allow":["GET"]}}],"collection":[{"href":"https:\/\/baralivres.ma\/index.php?rest_route=\/wp\/v2\/product"}],"about":[{"href":"https:\/\/baralivres.ma\/index.php?rest_route=\/wp\/v2\/types\/product"}],"replies":[{"embeddable":true,"href":"https:\/\/baralivres.ma\/index.php?rest_route=%2Fwp%2Fv2%2Fcomments&post=15697"}],"version-history":[{"count":1,"href":"https:\/\/baralivres.ma\/index.php?rest_route=\/wp\/v2\/product\/15697\/revisions"}],"predecessor-version":[{"id":15707,"href":"https:\/\/baralivres.ma\/index.php?rest_route=\/wp\/v2\/product\/15697\/revisions\/15707"}],"wp:featuredmedia":[{"embeddable":true,"href":"https:\/\/baralivres.ma\/index.php?rest_route=\/wp\/v2\/media\/15705"}],"wp:attachment":[{"href":"https:\/\/baralivres.ma\/index.php?rest_route=%2Fwp%2Fv2%2Fmedia&parent=15697"}],"wp:term":[{"taxonomy":"product_cat","embeddable":true,"href":"https:\/\/baralivres.ma\/index.php?rest_route=%2Fwp%2Fv2%2Fproduct_cat&post=15697"},{"taxonomy":"product_tag","embeddable":true,"href":"https:\/\/baralivres.ma\/index.php?rest_route=%2Fwp%2Fv2%2Fproduct_tag&post=15697"}],"curies":[{"name":"wp","href":"https:\/\/api.w.org\/{rel}","templated":true}]}}