{"id":15692,"date":"2023-10-30T11:24:31","date_gmt":"2023-10-30T10:24:31","guid":{"rendered":"https:\/\/baralivres.ma\/?post_type=product&#038;p=15692"},"modified":"2023-12-04T12:13:32","modified_gmt":"2023-12-04T11:13:32","slug":"connaissance-illimitee","status":"publish","type":"product","link":"https:\/\/baralivres.ma\/?product=connaissance-illimitee","title":{"rendered":"Connaissance illimit\u00e9e"},"content":{"rendered":"<p>D\u00e9couvrez comment explorer vos propres aptitudes, surmonter les obstacles que vous vous imposez, ma\u00eetriser la lecture rapide et m\u00e9moriser l&rsquo;apparemment impossible, le tout en vous amusant, tout en \u00ab\u00a0hackant\u00a0\u00bb votre propre cerveau ! L&rsquo;auteur, Mohamed Boclet, qui a connu des difficult\u00e9s scolaires dans sa jeunesse, est devenu vice-champion du monde de lecture rapide en mettant au point des techniques d&rsquo;apprentissage simples et efficaces. Dans son livre, il partage ses m\u00e9thodes pour vous aider \u00e0 am\u00e9liorer votre concentration, \u00e0 \u00e9tendre vos connaissances et \u00e0 stimuler vos capacit\u00e9s intellectuelles. Vous pouvez vous lib\u00e9rer de vos croyances limitantes, adopter des habitudes de lecture rapide de base, cr\u00e9er des cartes mentales pour renforcer votre m\u00e9moire, et organiser votre vie de mani\u00e8re plus efficace pour mener \u00e0 bien vos projets. Devenir une personne aux capacit\u00e9s illimit\u00e9es signifie :<\/p>\n<ul>\n<li>Identifier vos propres intelligences et apprendre \u00e0 les exploiter.<\/li>\n<li>D\u00e9velopper vos talents et les multiplier.<\/li>\n<li>Gagner en confiance en vous en restant fid\u00e8le \u00e0 votre individualit\u00e9.<\/li>\n<li>Accro\u00eetre vos connaissances pour plus d&rsquo;\u00e9panouissement, tant sur le plan professionnel que personnel.<\/li>\n<\/ul>\n","protected":false},"excerpt":{"rendered":"<p>D\u00e9couvrez comment optimiser votre cerveau, ma\u00eetriser la lecture rapide, m\u00e9moriser et d\u00e9velopper votre potentiel gr\u00e2ce \u00e0 Mohamed Boclet.<\/p>\n","protected":false},"featured_media":15703,"comment_status":"open","ping_status":"closed","template":"","meta":{"inline_featured_image":false},"product_cat":[91],"product_tag":[],"class_list":{"0":"post-15692","1":"product","2":"type-product","3":"status-publish","4":"has-post-thumbnail","6":"product_cat-developpement","7":"pa_auteurs-mohamed-boclet","9":"first","10":"instock","11":"shipping-taxable","12":"purchasable","13":"product-type-simple"},"_links":{"self":[{"href":"https:\/\/baralivres.ma\/index.php?rest_route=\/wp\/v2\/product\/15692","targetHints":{"allow":["GET"]}}],"collection":[{"href":"https:\/\/baralivres.ma\/index.php?rest_route=\/wp\/v2\/product"}],"about":[{"href":"https:\/\/baralivres.ma\/index.php?rest_route=\/wp\/v2\/types\/product"}],"replies":[{"embeddable":true,"href":"https:\/\/baralivres.ma\/index.php?rest_route=%2Fwp%2Fv2%2Fcomments&post=15692"}],"version-history":[{"count":1,"href":"https:\/\/baralivres.ma\/index.php?rest_route=\/wp\/v2\/product\/15692\/revisions"}],"predecessor-version":[{"id":15704,"href":"https:\/\/baralivres.ma\/index.php?rest_route=\/wp\/v2\/product\/15692\/revisions\/15704"}],"wp:featuredmedia":[{"embeddable":true,"href":"https:\/\/baralivres.ma\/index.php?rest_route=\/wp\/v2\/media\/15703"}],"wp:attachment":[{"href":"https:\/\/baralivres.ma\/index.php?rest_route=%2Fwp%2Fv2%2Fmedia&parent=15692"}],"wp:term":[{"taxonomy":"product_cat","embeddable":true,"href":"https:\/\/baralivres.ma\/index.php?rest_route=%2Fwp%2Fv2%2Fproduct_cat&post=15692"},{"taxonomy":"product_tag","embeddable":true,"href":"https:\/\/baralivres.ma\/index.php?rest_route=%2Fwp%2Fv2%2Fproduct_tag&post=15692"}],"curies":[{"name":"wp","href":"https:\/\/api.w.org\/{rel}","templated":true}]}}