{"id":15691,"date":"2023-10-30T11:23:43","date_gmt":"2023-10-30T10:23:43","guid":{"rendered":"https:\/\/baralivres.ma\/?post_type=product&#038;p=15691"},"modified":"2023-12-04T12:15:33","modified_gmt":"2023-12-04T11:15:33","slug":"comprendre-la-finance","status":"publish","type":"product","link":"https:\/\/baralivres.ma\/?product=comprendre-la-finance","title":{"rendered":"COMPRENDRE LA FINANCE"},"content":{"rendered":"<p>Un guide financier accessible \u00e0 tous pour d\u00e9chiffrer les donn\u00e9es d&rsquo;entreprise sans complexit\u00e9 math\u00e9matique ni jargon. Il se concentre sur la compr\u00e9hension du sens des donn\u00e9es plut\u00f4t que sur des d\u00e9tails techniques. R\u00e9pond \u00e0 des questions pratiques sur la sant\u00e9 de l&rsquo;entreprise, la gestion de la tr\u00e9sorerie, les dividendes, et l&rsquo;intelligence financi\u00e8re. Illustr\u00e9 d&rsquo;exemples concrets, il s&rsquo;adresse aux professionnels, aux investisseurs et aux \u00e9tudiants. Cette \u00e9dition r\u00e9vis\u00e9e inclut des concepts r\u00e9cents et des d\u00e9veloppements financiers r\u00e9cents.<\/p>\n","protected":false},"excerpt":{"rendered":"<div class=\"group w-full text-token-text-primary border-b border-black\/10 gizmo:border-0 dark:border-gray-900\/50 gizmo:dark:border-0 bg-gray-50 gizmo:bg-transparent dark:bg-[#444654] gizmo:dark:bg-transparent\" data-testid=\"conversation-turn-63\">\n<div class=\"p-4 gizmo:py-2 justify-center text-base md:gap-6 md:py-6 m-auto\">\n<div class=\"flex flex-1 gap-4 text-base mx-auto md:gap-6 gizmo:gap-3 gizmo:md:px-5 gizmo:lg:px-1 gizmo:xl:px-5 md:max-w-2xl lg:max-w-[38rem] gizmo:md:max-w-3xl gizmo:lg:max-w-[40rem] gizmo:xl:max-w-[48rem] xl:max-w-3xl }\">\n<div class=\"relative flex w-[calc(100%-50px)] flex-col gizmo:w-full lg:w-[calc(100%-115px)] agent-turn\">\n<div class=\"flex-col gap-1 md:gap-3\">\n<div class=\"flex flex-grow flex-col gap-3 max-w-full\">\n<div class=\"min-h-[20px] flex flex-col items-start gap-3 whitespace-pre-wrap break-words overflow-x-auto\" data-message-author-role=\"assistant\" data-message-id=\"44ce7acb-c4db-4cca-a610-320129fd423d\">\n<div class=\"markdown prose w-full break-words dark:prose-invert light\">\n<p>Guide financier simplifi\u00e9 pour comprendre les donn\u00e9es d&rsquo;entreprise, adapt\u00e9 \u00e0 tous, avec exemples concrets et concepts r\u00e9cents.<\/p>\n<\/div>\n<\/div>\n<\/div>\n<div class=\"flex justify-between empty:hidden gizmo:justify-start gizmo:gap-3 lg:block gizmo:lg:flex\">\n<div class=\"text-gray-400 flex self-end lg:self-center justify-center gizmo:lg:justify-start mt-2 gizmo:mt-0 visible lg:gap-1 lg:absolute lg:top-0 lg:translate-x-full lg:right-0 lg:mt-0 lg:pl-2 gap-2 md:gap-3\">\n<p>&nbsp;<\/p>\n<div class=\"flex gap-1\"><\/div>\n<\/div>\n<\/div>\n<\/div>\n<\/div>\n<\/div>\n<\/div>\n<\/div>\n","protected":false},"featured_media":15698,"comment_status":"open","ping_status":"closed","template":"","meta":{"inline_featured_image":false},"product_cat":[204,91],"product_tag":[],"class_list":{"0":"post-15691","1":"product","2":"type-product","3":"status-publish","4":"has-post-thumbnail","6":"product_cat-francais","7":"product_cat-developpement","8":"pa_auteurs-karen-berman","10":"first","11":"instock","12":"shipping-taxable","13":"purchasable","14":"product-type-simple"},"_links":{"self":[{"href":"https:\/\/baralivres.ma\/index.php?rest_route=\/wp\/v2\/product\/15691","targetHints":{"allow":["GET"]}}],"collection":[{"href":"https:\/\/baralivres.ma\/index.php?rest_route=\/wp\/v2\/product"}],"about":[{"href":"https:\/\/baralivres.ma\/index.php?rest_route=\/wp\/v2\/types\/product"}],"replies":[{"embeddable":true,"href":"https:\/\/baralivres.ma\/index.php?rest_route=%2Fwp%2Fv2%2Fcomments&post=15691"}],"version-history":[{"count":2,"href":"https:\/\/baralivres.ma\/index.php?rest_route=\/wp\/v2\/product\/15691\/revisions"}],"predecessor-version":[{"id":20630,"href":"https:\/\/baralivres.ma\/index.php?rest_route=\/wp\/v2\/product\/15691\/revisions\/20630"}],"wp:featuredmedia":[{"embeddable":true,"href":"https:\/\/baralivres.ma\/index.php?rest_route=\/wp\/v2\/media\/15698"}],"wp:attachment":[{"href":"https:\/\/baralivres.ma\/index.php?rest_route=%2Fwp%2Fv2%2Fmedia&parent=15691"}],"wp:term":[{"taxonomy":"product_cat","embeddable":true,"href":"https:\/\/baralivres.ma\/index.php?rest_route=%2Fwp%2Fv2%2Fproduct_cat&post=15691"},{"taxonomy":"product_tag","embeddable":true,"href":"https:\/\/baralivres.ma\/index.php?rest_route=%2Fwp%2Fv2%2Fproduct_tag&post=15691"}],"curies":[{"name":"wp","href":"https:\/\/api.w.org\/{rel}","templated":true}]}}