{"id":15680,"date":"2023-10-30T11:16:14","date_gmt":"2023-10-30T10:16:14","guid":{"rendered":"https:\/\/baralivres.ma\/?post_type=product&#038;p=15680"},"modified":"2023-10-30T11:16:15","modified_gmt":"2023-10-30T10:16:15","slug":"desert","status":"publish","type":"product","link":"https:\/\/baralivres.ma\/?product=desert","title":{"rendered":"D\u00e9sert"},"content":{"rendered":"<p>Lalla, une jeune femme issue des \u00ab\u00a0hommes bleus\u00a0\u00bb, une lign\u00e9e de guerriers du d\u00e9sert saharien, r\u00e9side dans un bidonville, mais son h\u00e9ritage est toujours ancr\u00e9 en elle. Malgr\u00e9 sa vie difficile, elle reste connect\u00e9e \u00e0 la force de la nature, nourrie par les l\u00e9gendes et \u00e9prise du Hartani, un berger muet. Ses tentatives pour retourner dans \u00ab\u00a0leur\u00a0\u00bb d\u00e9sert \u00e9chouent, la menant \u00e0 un exil \u00e0 Marseille, un parcours qui endurcit son \u00e2me, pourtant empreinte de lumi\u00e8re. M\u00eame en travaillant dans un h\u00f4tel de passe, en \u00e9tant enceinte ou en devenant une c\u00e9l\u00e8bre cover-girl, elle demeure fid\u00e8le \u00e0 sa foi religieuse et \u00e0 son amour inalt\u00e9r\u00e9 pour le d\u00e9sert.<\/p>\n","protected":false},"excerpt":{"rendered":"<div class=\"group w-full text-token-text-primary border-b border-black\/10 gizmo:border-0 dark:border-gray-900\/50 gizmo:dark:border-0 bg-gray-50 gizmo:bg-transparent dark:bg-[#444654] gizmo:dark:bg-transparent\" data-testid=\"conversation-turn-5\">\n<div class=\"p-4 gizmo:py-2 justify-center text-base md:gap-6 md:py-6 m-auto\">\n<div class=\"flex flex-1 gap-4 text-base mx-auto md:gap-6 gizmo:gap-3 gizmo:md:px-5 gizmo:lg:px-1 gizmo:xl:px-5 md:max-w-2xl lg:max-w-[38rem] gizmo:md:max-w-3xl gizmo:lg:max-w-[40rem] gizmo:xl:max-w-[48rem] xl:max-w-3xl }\">\n<div class=\"relative flex w-[calc(100%-50px)] flex-col gizmo:w-full lg:w-[calc(100%-115px)] agent-turn\">\n<div class=\"flex-col gap-1 md:gap-3\">\n<div class=\"flex flex-grow flex-col gap-3 max-w-full\">\n<div class=\"min-h-[20px] flex flex-col items-start gap-3 whitespace-pre-wrap break-words overflow-x-auto\" data-message-author-role=\"assistant\" data-message-id=\"51de3081-2304-44dc-9fb1-3e46b19960bc\">\n<div class=\"markdown prose w-full break-words dark:prose-invert light\">\n<p>Lalla, issue des \u00ab\u00a0hommes bleus\u00a0\u00bb, reste attach\u00e9e au d\u00e9sert malgr\u00e9 un parcours difficile.<\/p>\n<\/div>\n<\/div>\n<\/div>\n<\/div>\n<\/div>\n<\/div>\n<\/div>\n<\/div>\n","protected":false},"featured_media":15684,"comment_status":"open","ping_status":"closed","template":"","meta":{"inline_featured_image":false},"product_cat":[204,143],"product_tag":[],"class_list":{"0":"post-15680","1":"product","2":"type-product","3":"status-publish","4":"has-post-thumbnail","6":"product_cat-francais","7":"product_cat-roman","8":"pa_auteurs-jean-marie","10":"first","11":"instock","12":"shipping-taxable","13":"purchasable","14":"product-type-simple"},"_links":{"self":[{"href":"https:\/\/baralivres.ma\/index.php?rest_route=\/wp\/v2\/product\/15680","targetHints":{"allow":["GET"]}}],"collection":[{"href":"https:\/\/baralivres.ma\/index.php?rest_route=\/wp\/v2\/product"}],"about":[{"href":"https:\/\/baralivres.ma\/index.php?rest_route=\/wp\/v2\/types\/product"}],"replies":[{"embeddable":true,"href":"https:\/\/baralivres.ma\/index.php?rest_route=%2Fwp%2Fv2%2Fcomments&post=15680"}],"version-history":[{"count":1,"href":"https:\/\/baralivres.ma\/index.php?rest_route=\/wp\/v2\/product\/15680\/revisions"}],"predecessor-version":[{"id":15686,"href":"https:\/\/baralivres.ma\/index.php?rest_route=\/wp\/v2\/product\/15680\/revisions\/15686"}],"wp:featuredmedia":[{"embeddable":true,"href":"https:\/\/baralivres.ma\/index.php?rest_route=\/wp\/v2\/media\/15684"}],"wp:attachment":[{"href":"https:\/\/baralivres.ma\/index.php?rest_route=%2Fwp%2Fv2%2Fmedia&parent=15680"}],"wp:term":[{"taxonomy":"product_cat","embeddable":true,"href":"https:\/\/baralivres.ma\/index.php?rest_route=%2Fwp%2Fv2%2Fproduct_cat&post=15680"},{"taxonomy":"product_tag","embeddable":true,"href":"https:\/\/baralivres.ma\/index.php?rest_route=%2Fwp%2Fv2%2Fproduct_tag&post=15680"}],"curies":[{"name":"wp","href":"https:\/\/api.w.org\/{rel}","templated":true}]}}