{"id":15679,"date":"2023-10-30T11:16:01","date_gmt":"2023-10-30T10:16:01","guid":{"rendered":"https:\/\/baralivres.ma\/?post_type=product&#038;p=15679"},"modified":"2023-10-30T11:16:01","modified_gmt":"2023-10-30T10:16:01","slug":"le-parfum-des-fleurs-la-nuit","status":"publish","type":"product","link":"https:\/\/baralivres.ma\/?product=le-parfum-des-fleurs-la-nuit","title":{"rendered":"Le parfum des fleurs la nuit"},"content":{"rendered":"<p>\u00ab\u00a0\u00c9crire \u00e9quivaut \u00e0 manipuler le silence, \u00e0 exprimer de mani\u00e8re oblique des secrets inexprimables dans la r\u00e9alit\u00e9. Le\u00efla Slimani, qui croit que \u00ab\u00a0toute v\u00e9ritable audace provient de l&rsquo;int\u00e9rieur\u00a0\u00bb, privil\u00e9gie la solitude par rapport aux distractions. Alors, pourquoi accepter l&rsquo;invitation \u00e0 passer une nuit blanche \u00e0 la Pointe de la Douane \u00e0 Venise, au sein des collections d&rsquo;art de la Fondation Pinault, qui ne la s\u00e9duisent gu\u00e8re ? Tout en explorant cette \u00ab\u00a0impossibilit\u00e9\u00a0\u00bb de cr\u00e9er un livre, avec une habilit\u00e9 subtile \u00e0 divaguer dans la nuit v\u00e9nitienne, Le\u00efla Slimani nous d\u00e9voile des aspects de sa propre vie, abordant des th\u00e8mes tels que l&rsquo;isolement, le mouvement, le voyage, l&rsquo;intimit\u00e9, l&rsquo;identit\u00e9 et l&rsquo;ambigu\u00eft\u00e9 de l&rsquo;entre-deux, entre l&rsquo;Orient et l&rsquo;Occident, o\u00f9 elle navigue avec la gr\u00e2ce de Venise \u00e0 la Pointe de la Douane.\u00a0\u00bb<\/p>\n","protected":false},"excerpt":{"rendered":"<p>\u00c9crire, secrets en silence. Le\u00efla Slimani \u00e0 Venise, exploration intime, entre Orient et Occident, dans l&rsquo;art.<\/p>\n","protected":false},"featured_media":15683,"comment_status":"open","ping_status":"closed","template":"","meta":{"inline_featured_image":false},"product_cat":[204,143],"product_tag":[],"class_list":{"0":"post-15679","1":"product","2":"type-product","3":"status-publish","4":"has-post-thumbnail","6":"product_cat-francais","7":"product_cat-roman","8":"pa_auteurs-leila_slimani","10":"first","11":"instock","12":"shipping-taxable","13":"purchasable","14":"product-type-simple"},"_links":{"self":[{"href":"https:\/\/baralivres.ma\/index.php?rest_route=\/wp\/v2\/product\/15679","targetHints":{"allow":["GET"]}}],"collection":[{"href":"https:\/\/baralivres.ma\/index.php?rest_route=\/wp\/v2\/product"}],"about":[{"href":"https:\/\/baralivres.ma\/index.php?rest_route=\/wp\/v2\/types\/product"}],"replies":[{"embeddable":true,"href":"https:\/\/baralivres.ma\/index.php?rest_route=%2Fwp%2Fv2%2Fcomments&post=15679"}],"version-history":[{"count":1,"href":"https:\/\/baralivres.ma\/index.php?rest_route=\/wp\/v2\/product\/15679\/revisions"}],"predecessor-version":[{"id":15685,"href":"https:\/\/baralivres.ma\/index.php?rest_route=\/wp\/v2\/product\/15679\/revisions\/15685"}],"wp:featuredmedia":[{"embeddable":true,"href":"https:\/\/baralivres.ma\/index.php?rest_route=\/wp\/v2\/media\/15683"}],"wp:attachment":[{"href":"https:\/\/baralivres.ma\/index.php?rest_route=%2Fwp%2Fv2%2Fmedia&parent=15679"}],"wp:term":[{"taxonomy":"product_cat","embeddable":true,"href":"https:\/\/baralivres.ma\/index.php?rest_route=%2Fwp%2Fv2%2Fproduct_cat&post=15679"},{"taxonomy":"product_tag","embeddable":true,"href":"https:\/\/baralivres.ma\/index.php?rest_route=%2Fwp%2Fv2%2Fproduct_tag&post=15679"}],"curies":[{"name":"wp","href":"https:\/\/api.w.org\/{rel}","templated":true}]}}