{"id":15670,"date":"2023-10-30T11:10:54","date_gmt":"2023-10-30T10:10:54","guid":{"rendered":"https:\/\/baralivres.ma\/?post_type=product&#038;p=15670"},"modified":"2025-02-20T11:30:17","modified_gmt":"2025-02-20T10:30:17","slug":"dieu-la-science-les-preuves","status":"publish","type":"product","link":"https:\/\/baralivres.ma\/?product=dieu-la-science-les-preuves","title":{"rendered":"Dieu &#8211; La science Les preuves"},"content":{"rendered":"<p>Apr\u00e8s trois ann\u00e9es de travail collaboratif impliquant plus de vingt scientifiques et experts de premier plan, des preuves modernes de l&rsquo;existence de Dieu sont d\u00e9sormais d\u00e9voil\u00e9es. Au cours des quatre derniers si\u00e8cles, des avanc\u00e9es scientifiques majeures, de Copernic \u00e0 Freud en passant par Galil\u00e9e et Darwin, semblaient sugg\u00e9rer qu&rsquo;il \u00e9tait possible de comprendre l&rsquo;Univers sans n\u00e9cessiter l&rsquo;intervention d&rsquo;un cr\u00e9ateur divin. Le mat\u00e9rialisme intellectuel pr\u00e9valait au d\u00e9but du XXe si\u00e8cle.<\/p>\n<p>Cependant, de mani\u00e8re inattendue et impressionnante, le pendule de la science a pris une tout autre direction, avec une puissance extraordinaire. Les d\u00e9couvertes dans les domaines de la Relativit\u00e9, de la m\u00e9canique quantique, de l&rsquo;expansion de l&rsquo;Univers, de sa mort thermique, du Big Bang, du r\u00e9glage fin de l&rsquo;Univers et de la complexit\u00e9 de la vie se sont succ\u00e9d\u00e9es, remettant en question les certitudes qui avaient marqu\u00e9 l&rsquo;esprit collectif du XXe si\u00e8cle. On peut aujourd&rsquo;hui affirmer que le mat\u00e9rialisme, qui n&rsquo;\u00e9tait finalement qu&rsquo;une croyance parmi d&rsquo;autres, est en train de perdre sa supr\u00e9matie pour devenir une croyance irrationnelle.<\/p>\n<p>Dans un langage accessible \u00e0 tous, les auteurs de ce livre retracent de mani\u00e8re captivante l&rsquo;histoire de ces avanc\u00e9es scientifiques et pr\u00e9sentent de mani\u00e8re rigoureuse les nouvelles preuves \u00e9tayant l&rsquo;existence de Dieu. Alors qu&rsquo;au tournant du XXe si\u00e8cle, croire en un dieu cr\u00e9ateur semblait \u00eatre en opposition avec la science, il semble que la situation se soit aujourd&rsquo;hui invers\u00e9e. Cela invite \u00e0 une r\u00e9flexion profonde et \u00e0 des d\u00e9bats essentiels.<\/p>\n","protected":false},"excerpt":{"rendered":"<p>Des preuves modernes de Dieu \u00e9mergent apr\u00e8s des avanc\u00e9es scientifiques majeures, remettant en question le mat\u00e9rialisme.<\/p>\n","protected":false},"featured_media":15672,"comment_status":"open","ping_status":"closed","template":"","meta":{"inline_featured_image":false},"product_cat":[3725,3862,4214],"product_tag":[],"class_list":{"0":"post-15670","1":"product","2":"type-product","3":"status-publish","4":"has-post-thumbnail","6":"product_cat-litterature-religieuse","7":"product_cat-spiritualite","8":"product_cat-voyage-spirituel-pendant-le-ramadan","10":"first","11":"instock","12":"shipping-taxable","13":"purchasable","14":"product-type-simple"},"_links":{"self":[{"href":"https:\/\/baralivres.ma\/index.php?rest_route=\/wp\/v2\/product\/15670","targetHints":{"allow":["GET"]}}],"collection":[{"href":"https:\/\/baralivres.ma\/index.php?rest_route=\/wp\/v2\/product"}],"about":[{"href":"https:\/\/baralivres.ma\/index.php?rest_route=\/wp\/v2\/types\/product"}],"replies":[{"embeddable":true,"href":"https:\/\/baralivres.ma\/index.php?rest_route=%2Fwp%2Fv2%2Fcomments&post=15670"}],"version-history":[{"count":1,"href":"https:\/\/baralivres.ma\/index.php?rest_route=\/wp\/v2\/product\/15670\/revisions"}],"predecessor-version":[{"id":15675,"href":"https:\/\/baralivres.ma\/index.php?rest_route=\/wp\/v2\/product\/15670\/revisions\/15675"}],"wp:featuredmedia":[{"embeddable":true,"href":"https:\/\/baralivres.ma\/index.php?rest_route=\/wp\/v2\/media\/15672"}],"wp:attachment":[{"href":"https:\/\/baralivres.ma\/index.php?rest_route=%2Fwp%2Fv2%2Fmedia&parent=15670"}],"wp:term":[{"taxonomy":"product_cat","embeddable":true,"href":"https:\/\/baralivres.ma\/index.php?rest_route=%2Fwp%2Fv2%2Fproduct_cat&post=15670"},{"taxonomy":"product_tag","embeddable":true,"href":"https:\/\/baralivres.ma\/index.php?rest_route=%2Fwp%2Fv2%2Fproduct_tag&post=15670"}],"curies":[{"name":"wp","href":"https:\/\/api.w.org\/{rel}","templated":true}]}}