{"id":15663,"date":"2023-10-30T11:11:47","date_gmt":"2023-10-30T10:11:47","guid":{"rendered":"https:\/\/baralivres.ma\/?post_type=product&#038;p=15663"},"modified":"2023-10-30T11:11:47","modified_gmt":"2023-10-30T10:11:47","slug":"le-pays-des-autres","status":"publish","type":"product","link":"https:\/\/baralivres.ma\/?product=le-pays-des-autres","title":{"rendered":"Le Pays des Autres"},"content":{"rendered":"<p>\u00ab\u00a0Il semblait que la colonisation n&rsquo;avait \u00e9t\u00e9 qu&rsquo;une m\u00e9prise, une erreur pour laquelle les Fran\u00e7ais se repentaient maintenant, tandis que les Marocains semblaient pr\u00e9f\u00e9rer l&rsquo;oublier.\u00a0\u00bb En 1968 au Maroc, pendant que Mathilde s&rsquo;occupait du foyer, Amine avait r\u00e9ussi \u00e0 transformer son domaine aride en une entreprise prosp\u00e8re. Ils faisaient d\u00e9sormais partie de la bourgeoisie qui prosp\u00e9rait, festoyait et croyait en un avenir radieux. Cependant, le retour de leur fille A\u00efcha, qui avait \u00e9tudi\u00e9 en France, brisa l&rsquo;apparence lisse qui recouvrait cette famille. Se demand\u00e8rent-ils si le mod\u00e8le d&rsquo;\u00e9mancipation auquel ils croyaient depuis l&rsquo;ind\u00e9pendance n&rsquo;\u00e9tait qu&rsquo;une illusion ? Dans la lign\u00e9e de \u00ab\u00a0Le pays des autres,\u00a0\u00bb \u00ab\u00a0Regardez-nous danser\u00a0\u00bb continue de peindre une fresque familiale riche en \u00e9motions et en personnages m\u00e9morables.<\/p>\n","protected":false},"excerpt":{"rendered":"<p>La colonisation, erreur regrett\u00e9e par les Fran\u00e7ais, et l&rsquo;illusion de l&rsquo;\u00e9mancipation marquent une famille marocaine en 1968.<\/p>\n","protected":false},"featured_media":15667,"comment_status":"open","ping_status":"closed","template":"","meta":{"inline_featured_image":false},"product_cat":[204,143],"product_tag":[],"class_list":{"0":"post-15663","1":"product","2":"type-product","3":"status-publish","4":"has-post-thumbnail","6":"product_cat-francais","7":"product_cat-roman","8":"pa_auteurs-leila_slimani","10":"first","11":"instock","12":"shipping-taxable","13":"purchasable","14":"product-type-simple"},"_links":{"self":[{"href":"https:\/\/baralivres.ma\/index.php?rest_route=\/wp\/v2\/product\/15663","targetHints":{"allow":["GET"]}}],"collection":[{"href":"https:\/\/baralivres.ma\/index.php?rest_route=\/wp\/v2\/product"}],"about":[{"href":"https:\/\/baralivres.ma\/index.php?rest_route=\/wp\/v2\/types\/product"}],"replies":[{"embeddable":true,"href":"https:\/\/baralivres.ma\/index.php?rest_route=%2Fwp%2Fv2%2Fcomments&post=15663"}],"version-history":[{"count":1,"href":"https:\/\/baralivres.ma\/index.php?rest_route=\/wp\/v2\/product\/15663\/revisions"}],"predecessor-version":[{"id":15678,"href":"https:\/\/baralivres.ma\/index.php?rest_route=\/wp\/v2\/product\/15663\/revisions\/15678"}],"wp:featuredmedia":[{"embeddable":true,"href":"https:\/\/baralivres.ma\/index.php?rest_route=\/wp\/v2\/media\/15667"}],"wp:attachment":[{"href":"https:\/\/baralivres.ma\/index.php?rest_route=%2Fwp%2Fv2%2Fmedia&parent=15663"}],"wp:term":[{"taxonomy":"product_cat","embeddable":true,"href":"https:\/\/baralivres.ma\/index.php?rest_route=%2Fwp%2Fv2%2Fproduct_cat&post=15663"},{"taxonomy":"product_tag","embeddable":true,"href":"https:\/\/baralivres.ma\/index.php?rest_route=%2Fwp%2Fv2%2Fproduct_tag&post=15663"}],"curies":[{"name":"wp","href":"https:\/\/api.w.org\/{rel}","templated":true}]}}