{"id":15658,"date":"2023-10-30T11:04:10","date_gmt":"2023-10-30T10:04:10","guid":{"rendered":"https:\/\/baralivres.ma\/?post_type=product&#038;p=15658"},"modified":"2023-10-31T10:09:03","modified_gmt":"2023-10-31T09:09:03","slug":"pas-besoin-detre-un-genie-pour-reussir","status":"publish","type":"product","link":"https:\/\/baralivres.ma\/?product=pas-besoin-detre-un-genie-pour-reussir","title":{"rendered":"PAS BESOIN D&rsquo;ETRE UN GENIE POUR REUSSIR"},"content":{"rendered":"<p>Mary Spio, originaire du Ghana et devenue ing\u00e9nieure a\u00e9rospatiale et entrepreneuse Internet, partage sept cl\u00e9s pour inspirer le changement. Sa biographie unique d\u00e9montre que chacun peut avoir un impact. Les cl\u00e9s incluent cr\u00e9ativit\u00e9, passion, compassion, focalisation, dynamisme, audace et t\u00e9nacit\u00e9. Un guide similaire \u00e0 \u00ab\u00a0Saisis ta chance !\u00a0\u00bb.<\/p>\n","protected":false},"excerpt":{"rendered":"<p>Mary Spio, de pieds nus au Ghana \u00e0 ing\u00e9nieure et entrepreneuse, partage sept cl\u00e9s pour inspirer le changement.<\/p>\n","protected":false},"featured_media":15665,"comment_status":"open","ping_status":"closed","template":"","meta":{"inline_featured_image":false},"product_cat":[204,91],"product_tag":[],"class_list":{"0":"post-15658","1":"product","2":"type-product","3":"status-publish","4":"has-post-thumbnail","6":"product_cat-francais","7":"product_cat-developpement","8":"pa_auteurs-mary-spio","10":"first","11":"instock","12":"shipping-taxable","13":"purchasable","14":"product-type-simple"},"_links":{"self":[{"href":"https:\/\/baralivres.ma\/index.php?rest_route=\/wp\/v2\/product\/15658","targetHints":{"allow":["GET"]}}],"collection":[{"href":"https:\/\/baralivres.ma\/index.php?rest_route=\/wp\/v2\/product"}],"about":[{"href":"https:\/\/baralivres.ma\/index.php?rest_route=\/wp\/v2\/types\/product"}],"replies":[{"embeddable":true,"href":"https:\/\/baralivres.ma\/index.php?rest_route=%2Fwp%2Fv2%2Fcomments&post=15658"}],"version-history":[{"count":1,"href":"https:\/\/baralivres.ma\/index.php?rest_route=\/wp\/v2\/product\/15658\/revisions"}],"predecessor-version":[{"id":15666,"href":"https:\/\/baralivres.ma\/index.php?rest_route=\/wp\/v2\/product\/15658\/revisions\/15666"}],"wp:featuredmedia":[{"embeddable":true,"href":"https:\/\/baralivres.ma\/index.php?rest_route=\/wp\/v2\/media\/15665"}],"wp:attachment":[{"href":"https:\/\/baralivres.ma\/index.php?rest_route=%2Fwp%2Fv2%2Fmedia&parent=15658"}],"wp:term":[{"taxonomy":"product_cat","embeddable":true,"href":"https:\/\/baralivres.ma\/index.php?rest_route=%2Fwp%2Fv2%2Fproduct_cat&post=15658"},{"taxonomy":"product_tag","embeddable":true,"href":"https:\/\/baralivres.ma\/index.php?rest_route=%2Fwp%2Fv2%2Fproduct_tag&post=15658"}],"curies":[{"name":"wp","href":"https:\/\/api.w.org\/{rel}","templated":true}]}}