{"id":15654,"date":"2023-10-30T11:03:09","date_gmt":"2023-10-30T10:03:09","guid":{"rendered":"https:\/\/baralivres.ma\/?post_type=product&#038;p=15654"},"modified":"2023-10-30T11:03:09","modified_gmt":"2023-10-30T10:03:09","slug":"le-vrai-lieu","status":"publish","type":"product","link":"https:\/\/baralivres.ma\/?product=le-vrai-lieu","title":{"rendered":"Le vrai lieu"},"content":{"rendered":"<p>En 2008, Michelle Porte, c\u00e9l\u00e8bre pour ses remarquables documentaires consacr\u00e9s \u00e0 Virginia Woolf et Marguerite Duras, m&rsquo;a approch\u00e9e avec l&rsquo;envie de me filmer dans les endroits qui ont marqu\u00e9 ma jeunesse, \u00e0 savoir Yvetot et Rouen, ainsi que dans mon lieu de vie actuel, Cergy. Mon r\u00f4le serait de discuter de ma vie, de l&rsquo;\u00e9criture, et de la relation qui les unit. J&rsquo;ai imm\u00e9diatement adh\u00e9r\u00e9 \u00e0 son projet, car je suis persuad\u00e9e que les lieux de naissance et de r\u00e9sidence, qu&rsquo;ils soient g\u00e9ographiques ou sociaux, ne fournissent pas une explication, mais plut\u00f4t l&rsquo;arri\u00e8re-plan de la r\u00e9alit\u00e9 dans laquelle les textes que l&rsquo;on \u00e9crit sont, dans une certaine mesure, enracin\u00e9s.<\/p>\n","protected":false},"excerpt":{"rendered":"<p>Michelle Porte souhaitait me filmer dans mes lieux de vie pour discuter de ma vie et de l&rsquo;\u00e9criture.<\/p>\n","protected":false},"featured_media":15657,"comment_status":"open","ping_status":"closed","template":"","meta":{"inline_featured_image":false},"product_cat":[204,143],"product_tag":[],"class_list":{"0":"post-15654","1":"product","2":"type-product","3":"status-publish","4":"has-post-thumbnail","6":"product_cat-francais","7":"product_cat-roman","8":"pa_auteurs-annie-ernaux","10":"first","11":"instock","12":"shipping-taxable","13":"purchasable","14":"product-type-simple"},"_links":{"self":[{"href":"https:\/\/baralivres.ma\/index.php?rest_route=\/wp\/v2\/product\/15654","targetHints":{"allow":["GET"]}}],"collection":[{"href":"https:\/\/baralivres.ma\/index.php?rest_route=\/wp\/v2\/product"}],"about":[{"href":"https:\/\/baralivres.ma\/index.php?rest_route=\/wp\/v2\/types\/product"}],"replies":[{"embeddable":true,"href":"https:\/\/baralivres.ma\/index.php?rest_route=%2Fwp%2Fv2%2Fcomments&post=15654"}],"version-history":[{"count":1,"href":"https:\/\/baralivres.ma\/index.php?rest_route=\/wp\/v2\/product\/15654\/revisions"}],"predecessor-version":[{"id":15662,"href":"https:\/\/baralivres.ma\/index.php?rest_route=\/wp\/v2\/product\/15654\/revisions\/15662"}],"wp:featuredmedia":[{"embeddable":true,"href":"https:\/\/baralivres.ma\/index.php?rest_route=\/wp\/v2\/media\/15657"}],"wp:attachment":[{"href":"https:\/\/baralivres.ma\/index.php?rest_route=%2Fwp%2Fv2%2Fmedia&parent=15654"}],"wp:term":[{"taxonomy":"product_cat","embeddable":true,"href":"https:\/\/baralivres.ma\/index.php?rest_route=%2Fwp%2Fv2%2Fproduct_cat&post=15654"},{"taxonomy":"product_tag","embeddable":true,"href":"https:\/\/baralivres.ma\/index.php?rest_route=%2Fwp%2Fv2%2Fproduct_tag&post=15654"}],"curies":[{"name":"wp","href":"https:\/\/api.w.org\/{rel}","templated":true}]}}