{"id":15649,"date":"2023-10-30T11:02:19","date_gmt":"2023-10-30T10:02:19","guid":{"rendered":"https:\/\/baralivres.ma\/?post_type=product&#038;p=15649"},"modified":"2023-10-30T11:04:31","modified_gmt":"2023-10-30T10:04:31","slug":"belle-du-seigneur","status":"publish","type":"product","link":"https:\/\/baralivres.ma\/?product=belle-du-seigneur","title":{"rendered":"Belle du Seigneur"},"content":{"rendered":"<p>Dans un milieu o\u00f9 l&rsquo;amour \u00e9tait une raret\u00e9, ils se tenaient, dansant exclusivement l&rsquo;un avec l&rsquo;autre, se perdant dans une profonde et attentive communion. Elle se sentait b\u00e9nie d&rsquo;\u00eatre guid\u00e9e et enlac\u00e9e, coup\u00e9e du monde ext\u00e9rieur, se d\u00e9lectant du bonheur palpable dans son \u00eatre. Par moments, elle s&rsquo;observait dans les miroirs hauts des murs, rayonnante, touchante, une femme exceptionnelle et aim\u00e9e. Parfois, elle inclinait la t\u00eate pour mieux contempler celui qui lui murmurait des mots doux, bien que, absorb\u00e9e par son regard, elle ne les comprenait pas toujours. Pourtant, son \u00e2me les approuvait pleinement. Il lui susurrait qu&rsquo;ils \u00e9taient amoureux, ce qui provoquait en elle un rire subtil, une sensation exquise de r\u00e9alisation. Elle confirmait avec lui, comprenant qu&rsquo;ils \u00e9taient, en effet, amoureux. \u00c0 son tour, il lui confiait sa passion ardente pour l&#8217;embrasser et admirer ses longs cils courb\u00e9s, mais pas ici, r\u00e9servant ces moments \u00e0 plus tard, lorsqu&rsquo;ils seraient seuls. \u00c0 cela, elle r\u00e9pondait qu&rsquo;ils avaient toute une vie devant eux. Malgr\u00e9 un moment de crainte d&rsquo;avoir d\u00e9plu par exc\u00e8s de confiance, elle se r\u00e9jouissait de son sourire et de sa tendresse, le sentant la garder contre lui, lui murmurant qu&rsquo;ils se verraient chaque soir. Ariane se tenait face \u00e0 son seigneur, son ma\u00eetre, son bien-aim\u00e9 Solal, entour\u00e9s d&rsquo;une foule de complices, dans ce roman qui se r\u00e9v\u00e8le \u00eatre un chef-d&rsquo;\u0153uvre de la litt\u00e9rature amoureuse contemporaine.<\/p>\n","protected":false},"excerpt":{"rendered":"<p>Romance intense entre Ariane et Solal, centr\u00e9e sur une danse passionn\u00e9e et une connivence profonde.<\/p>\n","protected":false},"featured_media":15660,"comment_status":"open","ping_status":"closed","template":"","meta":{"inline_featured_image":false},"product_cat":[204,143],"product_tag":[],"class_list":{"0":"post-15649","1":"product","2":"type-product","3":"status-publish","4":"has-post-thumbnail","6":"product_cat-francais","7":"product_cat-roman","8":"pa_auteurs-albert-cohen","10":"first","11":"instock","12":"shipping-taxable","13":"purchasable","14":"product-type-simple"},"_links":{"self":[{"href":"https:\/\/baralivres.ma\/index.php?rest_route=\/wp\/v2\/product\/15649","targetHints":{"allow":["GET"]}}],"collection":[{"href":"https:\/\/baralivres.ma\/index.php?rest_route=\/wp\/v2\/product"}],"about":[{"href":"https:\/\/baralivres.ma\/index.php?rest_route=\/wp\/v2\/types\/product"}],"replies":[{"embeddable":true,"href":"https:\/\/baralivres.ma\/index.php?rest_route=%2Fwp%2Fv2%2Fcomments&post=15649"}],"version-history":[{"count":1,"href":"https:\/\/baralivres.ma\/index.php?rest_route=\/wp\/v2\/product\/15649\/revisions"}],"predecessor-version":[{"id":15661,"href":"https:\/\/baralivres.ma\/index.php?rest_route=\/wp\/v2\/product\/15649\/revisions\/15661"}],"wp:featuredmedia":[{"embeddable":true,"href":"https:\/\/baralivres.ma\/index.php?rest_route=\/wp\/v2\/media\/15660"}],"wp:attachment":[{"href":"https:\/\/baralivres.ma\/index.php?rest_route=%2Fwp%2Fv2%2Fmedia&parent=15649"}],"wp:term":[{"taxonomy":"product_cat","embeddable":true,"href":"https:\/\/baralivres.ma\/index.php?rest_route=%2Fwp%2Fv2%2Fproduct_cat&post=15649"},{"taxonomy":"product_tag","embeddable":true,"href":"https:\/\/baralivres.ma\/index.php?rest_route=%2Fwp%2Fv2%2Fproduct_tag&post=15649"}],"curies":[{"name":"wp","href":"https:\/\/api.w.org\/{rel}","templated":true}]}}