{"id":15648,"date":"2023-10-30T10:59:24","date_gmt":"2023-10-30T09:59:24","guid":{"rendered":"https:\/\/baralivres.ma\/?post_type=product&#038;p=15648"},"modified":"2023-10-31T10:09:40","modified_gmt":"2023-10-31T09:09:40","slug":"dechiffrer-les-codes-de-lentreprise","status":"publish","type":"product","link":"https:\/\/baralivres.ma\/?product=dechiffrer-les-codes-de-lentreprise","title":{"rendered":"DECHIFFRER LES CODES DE L&rsquo;ENTREPRISE"},"content":{"rendered":"<p>Lors de votre premier emploi, il n&rsquo;y a pas de manuel pour bien d\u00e9marrer. Les r\u00e8gles implicites sont essentielles. Gorick Ng a enqu\u00eat\u00e9 sur les erreurs courantes. Son guide pratique, riche en exercices, vous aide \u00e0 \u00e9viter les \u00e9cueils et \u00e0 r\u00e9ussir dans votre carri\u00e8re. \u00ab\u00a0D\u00e9chiffrer les codes de l&rsquo;entreprise\u00a0\u00bb est un atout pour exceller et pr\u00e9parer une carri\u00e8re enrichissante.<\/p>\n","protected":false},"excerpt":{"rendered":"<p>Guide pratique sur les r\u00e8gles non \u00e9crites du monde professionnel pour r\u00e9ussir et s&rsquo;\u00e9panouir en entreprise.<\/p>\n","protected":false},"featured_media":15655,"comment_status":"open","ping_status":"closed","template":"","meta":{"inline_featured_image":false},"product_cat":[204,91],"product_tag":[],"class_list":{"0":"post-15648","1":"product","2":"type-product","3":"status-publish","4":"has-post-thumbnail","6":"product_cat-francais","7":"product_cat-developpement","8":"pa_auteurs-gorick-ng","10":"first","11":"instock","12":"shipping-taxable","13":"purchasable","14":"product-type-simple"},"_links":{"self":[{"href":"https:\/\/baralivres.ma\/index.php?rest_route=\/wp\/v2\/product\/15648","targetHints":{"allow":["GET"]}}],"collection":[{"href":"https:\/\/baralivres.ma\/index.php?rest_route=\/wp\/v2\/product"}],"about":[{"href":"https:\/\/baralivres.ma\/index.php?rest_route=\/wp\/v2\/types\/product"}],"replies":[{"embeddable":true,"href":"https:\/\/baralivres.ma\/index.php?rest_route=%2Fwp%2Fv2%2Fcomments&post=15648"}],"version-history":[{"count":1,"href":"https:\/\/baralivres.ma\/index.php?rest_route=\/wp\/v2\/product\/15648\/revisions"}],"predecessor-version":[{"id":15656,"href":"https:\/\/baralivres.ma\/index.php?rest_route=\/wp\/v2\/product\/15648\/revisions\/15656"}],"wp:featuredmedia":[{"embeddable":true,"href":"https:\/\/baralivres.ma\/index.php?rest_route=\/wp\/v2\/media\/15655"}],"wp:attachment":[{"href":"https:\/\/baralivres.ma\/index.php?rest_route=%2Fwp%2Fv2%2Fmedia&parent=15648"}],"wp:term":[{"taxonomy":"product_cat","embeddable":true,"href":"https:\/\/baralivres.ma\/index.php?rest_route=%2Fwp%2Fv2%2Fproduct_cat&post=15648"},{"taxonomy":"product_tag","embeddable":true,"href":"https:\/\/baralivres.ma\/index.php?rest_route=%2Fwp%2Fv2%2Fproduct_tag&post=15648"}],"curies":[{"name":"wp","href":"https:\/\/api.w.org\/{rel}","templated":true}]}}