{"id":15645,"date":"2023-10-30T10:58:32","date_gmt":"2023-10-30T09:58:32","guid":{"rendered":"https:\/\/baralivres.ma\/?post_type=product&#038;p=15645"},"modified":"2023-10-30T10:58:33","modified_gmt":"2023-10-30T09:58:33","slug":"memoire-de-fille","status":"publish","type":"product","link":"https:\/\/baralivres.ma\/?product=memoire-de-fille","title":{"rendered":"M\u00e9moire de fille"},"content":{"rendered":"<p>\u00ab\u00a0J&rsquo;ai cherch\u00e9 \u00e0 effacer cette jeune femme de ma m\u00e9moire. Vraiment l&rsquo;effacer, c&rsquo;est-\u00e0-dire ne plus ressentir le besoin d&rsquo;\u00e9crire \u00e0 son sujet. Ne plus \u00eatre tourment\u00e9e par l&rsquo;id\u00e9e que je devrais \u00e9crire sur elle, ses d\u00e9sirs, ses folies, sa b\u00eatise, son orgueil, sa faim et son \u00e9puisement. Je n&rsquo;y suis jamais parvenue.\u00a0\u00bb Annie Ernaux se replonge dans l&rsquo;\u00e9t\u00e9 de 1958, lors de sa premi\u00e8re nuit avec un homme \u00e0 la colonie de vacances de S, dans l&rsquo;Orne. Cette nuit a eu un impact profond sur son corps et sa vie pendant deux ann\u00e9es. En se basant sur des souvenirs marquants, des photographies et des lettres \u00e9crites \u00e0 ses amies, elle explore la jeune femme qu&rsquo;elle \u00e9tait, voyageant entre le pass\u00e9 et le pr\u00e9sent.<\/p>\n","protected":false},"excerpt":{"rendered":"<p>Annie Ernaux tente d&rsquo;oublier une exp\u00e9rience marquante de jeunesse, mais finit par revisiter son pass\u00e9.<\/p>\n","protected":false},"featured_media":15650,"comment_status":"open","ping_status":"closed","template":"","meta":{"inline_featured_image":false},"product_cat":[204,143],"product_tag":[],"class_list":{"0":"post-15645","1":"product","2":"type-product","3":"status-publish","4":"has-post-thumbnail","6":"product_cat-francais","7":"product_cat-roman","8":"pa_auteurs-annie-ernaux","10":"first","11":"instock","12":"shipping-taxable","13":"purchasable","14":"product-type-simple"},"_links":{"self":[{"href":"https:\/\/baralivres.ma\/index.php?rest_route=\/wp\/v2\/product\/15645","targetHints":{"allow":["GET"]}}],"collection":[{"href":"https:\/\/baralivres.ma\/index.php?rest_route=\/wp\/v2\/product"}],"about":[{"href":"https:\/\/baralivres.ma\/index.php?rest_route=\/wp\/v2\/types\/product"}],"replies":[{"embeddable":true,"href":"https:\/\/baralivres.ma\/index.php?rest_route=%2Fwp%2Fv2%2Fcomments&post=15645"}],"version-history":[{"count":1,"href":"https:\/\/baralivres.ma\/index.php?rest_route=\/wp\/v2\/product\/15645\/revisions"}],"predecessor-version":[{"id":15651,"href":"https:\/\/baralivres.ma\/index.php?rest_route=\/wp\/v2\/product\/15645\/revisions\/15651"}],"wp:featuredmedia":[{"embeddable":true,"href":"https:\/\/baralivres.ma\/index.php?rest_route=\/wp\/v2\/media\/15650"}],"wp:attachment":[{"href":"https:\/\/baralivres.ma\/index.php?rest_route=%2Fwp%2Fv2%2Fmedia&parent=15645"}],"wp:term":[{"taxonomy":"product_cat","embeddable":true,"href":"https:\/\/baralivres.ma\/index.php?rest_route=%2Fwp%2Fv2%2Fproduct_cat&post=15645"},{"taxonomy":"product_tag","embeddable":true,"href":"https:\/\/baralivres.ma\/index.php?rest_route=%2Fwp%2Fv2%2Fproduct_tag&post=15645"}],"curies":[{"name":"wp","href":"https:\/\/api.w.org\/{rel}","templated":true}]}}