{"id":15640,"date":"2023-10-30T10:54:05","date_gmt":"2023-10-30T09:54:05","guid":{"rendered":"https:\/\/baralivres.ma\/?post_type=product&#038;p=15640"},"modified":"2023-10-31T10:10:43","modified_gmt":"2023-10-31T09:10:43","slug":"15640","status":"publish","type":"product","link":"https:\/\/baralivres.ma\/?product=15640","title":{"rendered":"LES VRAIS LEADERS SE SERVENT EN DERNIER"},"content":{"rendered":"<p>Simon Sinek explore ce qui distingue les grands leaders des mauvais et comment cr\u00e9er un environnement de confiance. Il souligne l&rsquo;importance du \u00ab\u00a0Circle of Safety\u00a0\u00bb pour inspirer la confiance, la coop\u00e9ration, et le changement. Lorsque les dirigeants cr\u00e9ent un environnement s\u00e9curis\u00e9, les employ\u00e9s sont capables de performances remarquables. Ce livre, bas\u00e9 sur les neurosciences et les sciences du comportement, r\u00e9unit l&rsquo;efficacit\u00e9 op\u00e9rationnelle et le bien-\u00eatre des individus, offrant une perspective unique sur le leadership. Il met en avant la diff\u00e9rence entre le management et le leadership, en se basant sur la nature humaine et l&rsquo;\u00e9volution. Un ouvrage humaniste pour les cadres, RH, managers et futurs leaders.<\/p>\n","protected":false},"excerpt":{"rendered":"<p>Simon Sinek explore leadership, confiance, et bien-\u00eatre en cr\u00e9ant un \u00ab\u00a0Circle of Safety\u00a0\u00bb pour inspirer.<\/p>\n","protected":false},"featured_media":15642,"comment_status":"open","ping_status":"closed","template":"","meta":{"inline_featured_image":false},"product_cat":[204,91],"product_tag":[],"class_list":{"0":"post-15640","1":"product","2":"type-product","3":"status-publish","4":"has-post-thumbnail","6":"product_cat-francais","7":"product_cat-developpement","8":"pa_auteurs-simon-sinek","10":"first","11":"instock","12":"shipping-taxable","13":"purchasable","14":"product-type-simple"},"_links":{"self":[{"href":"https:\/\/baralivres.ma\/index.php?rest_route=\/wp\/v2\/product\/15640","targetHints":{"allow":["GET"]}}],"collection":[{"href":"https:\/\/baralivres.ma\/index.php?rest_route=\/wp\/v2\/product"}],"about":[{"href":"https:\/\/baralivres.ma\/index.php?rest_route=\/wp\/v2\/types\/product"}],"replies":[{"embeddable":true,"href":"https:\/\/baralivres.ma\/index.php?rest_route=%2Fwp%2Fv2%2Fcomments&post=15640"}],"version-history":[{"count":2,"href":"https:\/\/baralivres.ma\/index.php?rest_route=\/wp\/v2\/product\/15640\/revisions"}],"predecessor-version":[{"id":15646,"href":"https:\/\/baralivres.ma\/index.php?rest_route=\/wp\/v2\/product\/15640\/revisions\/15646"}],"wp:featuredmedia":[{"embeddable":true,"href":"https:\/\/baralivres.ma\/index.php?rest_route=\/wp\/v2\/media\/15642"}],"wp:attachment":[{"href":"https:\/\/baralivres.ma\/index.php?rest_route=%2Fwp%2Fv2%2Fmedia&parent=15640"}],"wp:term":[{"taxonomy":"product_cat","embeddable":true,"href":"https:\/\/baralivres.ma\/index.php?rest_route=%2Fwp%2Fv2%2Fproduct_cat&post=15640"},{"taxonomy":"product_tag","embeddable":true,"href":"https:\/\/baralivres.ma\/index.php?rest_route=%2Fwp%2Fv2%2Fproduct_tag&post=15640"}],"curies":[{"name":"wp","href":"https:\/\/api.w.org\/{rel}","templated":true}]}}