{"id":15625,"date":"2023-10-30T10:42:22","date_gmt":"2023-10-30T09:42:22","guid":{"rendered":"https:\/\/baralivres.ma\/?post_type=product&#038;p=15625"},"modified":"2023-10-30T10:42:22","modified_gmt":"2023-10-30T09:42:22","slug":"risibles-amours","status":"publish","type":"product","link":"https:\/\/baralivres.ma\/?product=risibles-amours","title":{"rendered":"Risibles amours"},"content":{"rendered":"<p>Imaginons que tu rencontres quelqu&rsquo;un affirmant \u00eatre un poisson et pr\u00e9tendant que nous sommes tous des poissons. Vas-tu entrer en d\u00e9bat avec cette personne ? Te mettras-tu \u00e0 te d\u00e9v\u00eatir pour prouver que tu n&rsquo;as pas de nageoires ? Vas-tu exprimer ouvertement ton opinion en face de cette personne ?\u00a0\u00bb \u00c9douard continua, son fr\u00e8re restant silencieux : \u00ab\u00a0Si tu lui disais simplement la v\u00e9rit\u00e9, ce que tu penses vraiment, cela signifierait que tu engages une discussion s\u00e9rieuse avec quelqu&rsquo;un qui a une perception alt\u00e9r\u00e9e de la r\u00e9alit\u00e9, te classant ainsi dans la m\u00eame cat\u00e9gorie. Cette situation s&rsquo;applique \u00e9galement au monde qui nous entoure. Persister \u00e0 dire la v\u00e9rit\u00e9 \u00e0 cette personne impliquerait que tu la consid\u00e8res s\u00e9rieusement. Mais accorder de l&rsquo;importance \u00e0 quelque chose d&rsquo;aussi d\u00e9connect\u00e9 de la r\u00e9alit\u00e9 revient \u00e0 perdre sa propre prise sur la r\u00e9alit\u00e9. Pour moi, je choisis de mentir afin de ne pas accorder d&rsquo;importance aux id\u00e9es farfelues et de ne pas perdre ma propre lucidit\u00e9.\u00a0\u00bb<\/p>\n","protected":false},"excerpt":{"rendered":"<p>Ne pas d\u00e9battre avec l&rsquo;absurde, mentir pour \u00e9viter de perdre sa propre rationalit\u00e9.<\/p>\n","protected":false},"featured_media":15627,"comment_status":"open","ping_status":"closed","template":"","meta":{"inline_featured_image":false},"product_cat":[204,143],"product_tag":[],"class_list":{"0":"post-15625","1":"product","2":"type-product","3":"status-publish","4":"has-post-thumbnail","6":"product_cat-francais","7":"product_cat-roman","8":"pa_auteurs-milan-kundera","10":"first","11":"instock","12":"shipping-taxable","13":"purchasable","14":"product-type-simple"},"_links":{"self":[{"href":"https:\/\/baralivres.ma\/index.php?rest_route=\/wp\/v2\/product\/15625","targetHints":{"allow":["GET"]}}],"collection":[{"href":"https:\/\/baralivres.ma\/index.php?rest_route=\/wp\/v2\/product"}],"about":[{"href":"https:\/\/baralivres.ma\/index.php?rest_route=\/wp\/v2\/types\/product"}],"replies":[{"embeddable":true,"href":"https:\/\/baralivres.ma\/index.php?rest_route=%2Fwp%2Fv2%2Fcomments&post=15625"}],"version-history":[{"count":1,"href":"https:\/\/baralivres.ma\/index.php?rest_route=\/wp\/v2\/product\/15625\/revisions"}],"predecessor-version":[{"id":15628,"href":"https:\/\/baralivres.ma\/index.php?rest_route=\/wp\/v2\/product\/15625\/revisions\/15628"}],"wp:featuredmedia":[{"embeddable":true,"href":"https:\/\/baralivres.ma\/index.php?rest_route=\/wp\/v2\/media\/15627"}],"wp:attachment":[{"href":"https:\/\/baralivres.ma\/index.php?rest_route=%2Fwp%2Fv2%2Fmedia&parent=15625"}],"wp:term":[{"taxonomy":"product_cat","embeddable":true,"href":"https:\/\/baralivres.ma\/index.php?rest_route=%2Fwp%2Fv2%2Fproduct_cat&post=15625"},{"taxonomy":"product_tag","embeddable":true,"href":"https:\/\/baralivres.ma\/index.php?rest_route=%2Fwp%2Fv2%2Fproduct_tag&post=15625"}],"curies":[{"name":"wp","href":"https:\/\/api.w.org\/{rel}","templated":true}]}}