{"id":15619,"date":"2023-10-30T10:38:45","date_gmt":"2023-10-30T09:38:45","guid":{"rendered":"https:\/\/baralivres.ma\/?post_type=product&#038;p=15619"},"modified":"2023-10-30T10:38:45","modified_gmt":"2023-10-30T09:38:45","slug":"linsoutenable-legerete-de-letre","status":"publish","type":"product","link":"https:\/\/baralivres.ma\/?product=linsoutenable-legerete-de-letre","title":{"rendered":"L&rsquo;insoutenable l\u00e9g\u00e8ret\u00e9 de l&rsquo;\u00eatre"},"content":{"rendered":"<p>Quelle empreinte subsiste des mourants du Cambodge ? Une image saisissante : une c\u00e9l\u00e9brit\u00e9 am\u00e9ricaine tenant affectueusement un enfant cambodgien. Quelle trace demeure de Tomas ? Un simple message : Son d\u00e9sir \u00e9tait l&rsquo;av\u00e8nement du Royaume de Dieu sur terre. Et de Beethoven ? Un individu m\u00e9lancolique arborant une incroyable crini\u00e8re, murmurant d&rsquo;une voix sombre : \u00ab\u00a0Es muss sein !\u00a0\u00bb Et de Franz ? Un simple t\u00e9moignage : Apr\u00e8s une longue errance, le retour. Ainsi va la marche du temps, inlassablement. Avant de sombrer dans l&rsquo;oubli, nous sommes transform\u00e9s en kitsch. Le kitsch, ce lieu de transition entre l&rsquo;existence et l&rsquo;oubli.<\/p>\n","protected":false},"excerpt":{"rendered":"<p>Vies marquantes condens\u00e9es en kitsch, pont entre m\u00e9moire et oubli, dans l&rsquo;incessante \u00e9volution humaine.<\/p>\n","protected":false},"featured_media":15623,"comment_status":"open","ping_status":"closed","template":"","meta":{"inline_featured_image":false},"product_cat":[204,143],"product_tag":[],"class_list":{"0":"post-15619","1":"product","2":"type-product","3":"status-publish","4":"has-post-thumbnail","6":"product_cat-francais","7":"product_cat-roman","8":"pa_auteurs-milan-kundera","10":"first","11":"instock","12":"shipping-taxable","13":"purchasable","14":"product-type-simple"},"_links":{"self":[{"href":"https:\/\/baralivres.ma\/index.php?rest_route=\/wp\/v2\/product\/15619","targetHints":{"allow":["GET"]}}],"collection":[{"href":"https:\/\/baralivres.ma\/index.php?rest_route=\/wp\/v2\/product"}],"about":[{"href":"https:\/\/baralivres.ma\/index.php?rest_route=\/wp\/v2\/types\/product"}],"replies":[{"embeddable":true,"href":"https:\/\/baralivres.ma\/index.php?rest_route=%2Fwp%2Fv2%2Fcomments&post=15619"}],"version-history":[{"count":1,"href":"https:\/\/baralivres.ma\/index.php?rest_route=\/wp\/v2\/product\/15619\/revisions"}],"predecessor-version":[{"id":15624,"href":"https:\/\/baralivres.ma\/index.php?rest_route=\/wp\/v2\/product\/15619\/revisions\/15624"}],"wp:featuredmedia":[{"embeddable":true,"href":"https:\/\/baralivres.ma\/index.php?rest_route=\/wp\/v2\/media\/15623"}],"wp:attachment":[{"href":"https:\/\/baralivres.ma\/index.php?rest_route=%2Fwp%2Fv2%2Fmedia&parent=15619"}],"wp:term":[{"taxonomy":"product_cat","embeddable":true,"href":"https:\/\/baralivres.ma\/index.php?rest_route=%2Fwp%2Fv2%2Fproduct_cat&post=15619"},{"taxonomy":"product_tag","embeddable":true,"href":"https:\/\/baralivres.ma\/index.php?rest_route=%2Fwp%2Fv2%2Fproduct_tag&post=15619"}],"curies":[{"name":"wp","href":"https:\/\/api.w.org\/{rel}","templated":true}]}}