{"id":15616,"date":"2023-10-30T10:36:49","date_gmt":"2023-10-30T09:36:49","guid":{"rendered":"https:\/\/baralivres.ma\/?post_type=product&#038;p=15616"},"modified":"2023-10-31T10:14:16","modified_gmt":"2023-10-31T09:14:16","slug":"le-jeu-infini","status":"publish","type":"product","link":"https:\/\/baralivres.ma\/?product=le-jeu-infini","title":{"rendered":"LE JEU INFINI"},"content":{"rendered":"<p>Simon Sinek pr\u00e9sente un guide incontournable pour \u00e9viter les pi\u00e8ges du management, devenant ainsi un leader inspirant. Il distingue deux types de jeux : finis et infinis. Les jeux finis ont des r\u00e8gles fixes, des joueurs d\u00e9sign\u00e9s, et un objectif clair qui met fin au jeu. Les jeux infinis, en revanche, n&rsquo;ont pas de r\u00e8gles strictes et se caract\u00e9risent par l&rsquo;absence d&rsquo;un objectif d\u00e9fini. Le monde de l&rsquo;entreprise est un jeu infini, mais de nombreux leaders agissent comme s&rsquo;il \u00e9tait fini, en se concentrant sur la comp\u00e9tition au lieu de la coop\u00e9ration et de l&rsquo;innovation. Sinek souligne les avantages de diriger avec une perspective infinie, notamment une plus grande confiance, coop\u00e9ration et innovation. \u00ab\u00a0Le Jeu Infini\u00a0\u00bb de Simon Sinek propose une nouvelle vision du management et de l&rsquo;entreprise, incitant \u00e0 devenir un leader qui pr\u00e9pare l&rsquo;avenir.<\/p>\n","protected":false},"excerpt":{"rendered":"<div class=\"group w-full text-token-text-primary border-b border-black\/10 gizmo:border-0 dark:border-gray-900\/50 gizmo:dark:border-0 bg-gray-50 gizmo:bg-transparent dark:bg-[#444654] gizmo:dark:bg-transparent\" data-testid=\"conversation-turn-31\">\n<div class=\"p-4 gizmo:py-2 justify-center text-base md:gap-6 md:py-6 m-auto\">\n<div class=\"flex flex-1 gap-4 text-base mx-auto md:gap-6 gizmo:gap-3 gizmo:md:px-5 gizmo:lg:px-1 gizmo:xl:px-5 md:max-w-2xl lg:max-w-[38rem] gizmo:md:max-w-3xl gizmo:lg:max-w-[40rem] gizmo:xl:max-w-[48rem] xl:max-w-3xl }\">\n<div class=\"relative flex w-[calc(100%-50px)] flex-col gizmo:w-full lg:w-[calc(100%-115px)] agent-turn\">\n<div class=\"flex-col gap-1 md:gap-3\">\n<div class=\"flex flex-grow flex-col gap-3 max-w-full\">\n<div class=\"min-h-[20px] flex flex-col items-start gap-3 whitespace-pre-wrap break-words overflow-x-auto\" data-message-author-role=\"assistant\" data-message-id=\"9324715c-35d7-45fd-bc67-04d19bb708d7\">\n<div class=\"markdown prose w-full break-words dark:prose-invert light\">\n<p>Simon Sinek explore leadership, distinguant jeux finis et infinis, encourageant une perspective infinie pour l&rsquo;entreprise inspirante.<\/p>\n<\/div>\n<\/div>\n<\/div>\n<div class=\"flex justify-between empty:hidden gizmo:justify-start gizmo:gap-3 lg:block gizmo:lg:flex\">\n<div class=\"text-gray-400 flex self-end lg:self-center justify-center gizmo:lg:justify-start mt-2 gizmo:mt-0 visible lg:gap-1 lg:absolute lg:top-0 lg:translate-x-full lg:right-0 lg:mt-0 lg:pl-2 gap-2 md:gap-3\">\n<p>&nbsp;<\/p>\n<div class=\"flex gap-1\"><\/div>\n<\/div>\n<\/div>\n<\/div>\n<\/div>\n<\/div>\n<\/div>\n<\/div>\n","protected":false},"featured_media":15621,"comment_status":"open","ping_status":"closed","template":"","meta":{"inline_featured_image":false},"product_cat":[204,91],"product_tag":[],"class_list":{"0":"post-15616","1":"product","2":"type-product","3":"status-publish","4":"has-post-thumbnail","6":"product_cat-francais","7":"product_cat-developpement","8":"pa_auteurs-simon-sinek","10":"first","11":"instock","12":"shipping-taxable","13":"purchasable","14":"product-type-simple"},"_links":{"self":[{"href":"https:\/\/baralivres.ma\/index.php?rest_route=\/wp\/v2\/product\/15616","targetHints":{"allow":["GET"]}}],"collection":[{"href":"https:\/\/baralivres.ma\/index.php?rest_route=\/wp\/v2\/product"}],"about":[{"href":"https:\/\/baralivres.ma\/index.php?rest_route=\/wp\/v2\/types\/product"}],"replies":[{"embeddable":true,"href":"https:\/\/baralivres.ma\/index.php?rest_route=%2Fwp%2Fv2%2Fcomments&post=15616"}],"version-history":[{"count":2,"href":"https:\/\/baralivres.ma\/index.php?rest_route=\/wp\/v2\/product\/15616\/revisions"}],"predecessor-version":[{"id":16339,"href":"https:\/\/baralivres.ma\/index.php?rest_route=\/wp\/v2\/product\/15616\/revisions\/16339"}],"wp:featuredmedia":[{"embeddable":true,"href":"https:\/\/baralivres.ma\/index.php?rest_route=\/wp\/v2\/media\/15621"}],"wp:attachment":[{"href":"https:\/\/baralivres.ma\/index.php?rest_route=%2Fwp%2Fv2%2Fmedia&parent=15616"}],"wp:term":[{"taxonomy":"product_cat","embeddable":true,"href":"https:\/\/baralivres.ma\/index.php?rest_route=%2Fwp%2Fv2%2Fproduct_cat&post=15616"},{"taxonomy":"product_tag","embeddable":true,"href":"https:\/\/baralivres.ma\/index.php?rest_route=%2Fwp%2Fv2%2Fproduct_tag&post=15616"}],"curies":[{"name":"wp","href":"https:\/\/api.w.org\/{rel}","templated":true}]}}