{"id":15614,"date":"2023-10-30T10:35:43","date_gmt":"2023-10-30T09:35:43","guid":{"rendered":"https:\/\/baralivres.ma\/?post_type=product&#038;p=15614"},"modified":"2023-10-30T10:35:44","modified_gmt":"2023-10-30T09:35:44","slug":"lidentite","status":"publish","type":"product","link":"https:\/\/baralivres.ma\/?product=lidentite","title":{"rendered":"L&rsquo;identit\u00e9"},"content":{"rendered":"<p>\u00ab\u00a0Je me questionne : qui a \u00e9t\u00e9 \u00e0 l&rsquo;origine de ce r\u00eave ? Qui est l&rsquo;auteur de cette histoire ? Qui l&rsquo;a invent\u00e9e ? \u00c9tait-ce lui ? \u00c9tait-ce elle ? Les deux ensemble peut-\u00eatre ? Chacun pour l&rsquo;autre ? \u00c0 quel moment pr\u00e9cis leur existence tangible s&rsquo;est-elle m\u00e9tamorphos\u00e9e en cette fiction trompeuse ?\u00a0\u00bb<\/p>\n","protected":false},"excerpt":{"rendered":"<p>\u00ab\u00a0Origine et auteur d&rsquo;une histoire transformant la r\u00e9alit\u00e9 en une fantaisie myst\u00e9rieuse et perfide.\u00a0\u00bb<\/p>\n","protected":false},"featured_media":15617,"comment_status":"open","ping_status":"closed","template":"","meta":{"inline_featured_image":false},"product_cat":[204,143],"product_tag":[],"class_list":{"0":"post-15614","1":"product","2":"type-product","3":"status-publish","4":"has-post-thumbnail","6":"product_cat-francais","7":"product_cat-roman","8":"pa_auteurs-milan-kundera","10":"first","11":"instock","12":"shipping-taxable","13":"purchasable","14":"product-type-simple"},"_links":{"self":[{"href":"https:\/\/baralivres.ma\/index.php?rest_route=\/wp\/v2\/product\/15614","targetHints":{"allow":["GET"]}}],"collection":[{"href":"https:\/\/baralivres.ma\/index.php?rest_route=\/wp\/v2\/product"}],"about":[{"href":"https:\/\/baralivres.ma\/index.php?rest_route=\/wp\/v2\/types\/product"}],"replies":[{"embeddable":true,"href":"https:\/\/baralivres.ma\/index.php?rest_route=%2Fwp%2Fv2%2Fcomments&post=15614"}],"version-history":[{"count":1,"href":"https:\/\/baralivres.ma\/index.php?rest_route=\/wp\/v2\/product\/15614\/revisions"}],"predecessor-version":[{"id":15618,"href":"https:\/\/baralivres.ma\/index.php?rest_route=\/wp\/v2\/product\/15614\/revisions\/15618"}],"wp:featuredmedia":[{"embeddable":true,"href":"https:\/\/baralivres.ma\/index.php?rest_route=\/wp\/v2\/media\/15617"}],"wp:attachment":[{"href":"https:\/\/baralivres.ma\/index.php?rest_route=%2Fwp%2Fv2%2Fmedia&parent=15614"}],"wp:term":[{"taxonomy":"product_cat","embeddable":true,"href":"https:\/\/baralivres.ma\/index.php?rest_route=%2Fwp%2Fv2%2Fproduct_cat&post=15614"},{"taxonomy":"product_tag","embeddable":true,"href":"https:\/\/baralivres.ma\/index.php?rest_route=%2Fwp%2Fv2%2Fproduct_tag&post=15614"}],"curies":[{"name":"wp","href":"https:\/\/api.w.org\/{rel}","templated":true}]}}