{"id":15595,"date":"2023-10-30T10:32:36","date_gmt":"2023-10-30T09:32:36","guid":{"rendered":"https:\/\/baralivres.ma\/?post_type=product&#038;p=15595"},"modified":"2023-10-30T10:32:36","modified_gmt":"2023-10-30T09:32:36","slug":"la-femme-gelee","status":"publish","type":"product","link":"https:\/\/baralivres.ma\/?product=la-femme-gelee","title":{"rendered":"La femme gel\u00e9e"},"content":{"rendered":"<p>\u00c0 l&rsquo;\u00e2ge de trente ans, elle exerce la profession d&rsquo;enseignante et partage sa vie avec un \u00e9poux exer\u00e7ant une profession en entreprise. Ensemble, ils sont les parents de deux enfants, et leur r\u00e9sidence est un appartement confortable. Malgr\u00e9 cela, elle ressent une profonde sensation d&rsquo;engourdissement int\u00e9rieur. Cette impression d\u00e9coule du fait que, comme un grand nombre de femmes, elle a constat\u00e9 que son \u00e9lan, sa curiosit\u00e9, et sa joie de vivre se sont peu \u00e0 peu fig\u00e9s au fil des jours, engloutis par les t\u00e2ches quotidiennes telles que les courses, la pr\u00e9paration des repas, le bain des enfants, et son travail en tant qu&rsquo;enseignante. Tout cela, on le consid\u00e8re souvent comme \u00e9tant la \u00ab\u00a0norme\u00a0\u00bb pour une femme.<\/p>\n","protected":false},"excerpt":{"rendered":"<p>\u00c0 trente ans, enseignante mari\u00e9e, deux enfants, belle maison, elle ressent un gel int\u00e9rieur d\u00fb \u00e0 la routine.<\/p>\n","protected":false},"featured_media":15612,"comment_status":"open","ping_status":"closed","template":"","meta":{"inline_featured_image":false},"product_cat":[204,143],"product_tag":[],"class_list":{"0":"post-15595","1":"product","2":"type-product","3":"status-publish","4":"has-post-thumbnail","6":"product_cat-francais","7":"product_cat-roman","8":"pa_auteurs-annie-ernaux","10":"first","11":"instock","12":"shipping-taxable","13":"purchasable","14":"product-type-simple"},"_links":{"self":[{"href":"https:\/\/baralivres.ma\/index.php?rest_route=\/wp\/v2\/product\/15595","targetHints":{"allow":["GET"]}}],"collection":[{"href":"https:\/\/baralivres.ma\/index.php?rest_route=\/wp\/v2\/product"}],"about":[{"href":"https:\/\/baralivres.ma\/index.php?rest_route=\/wp\/v2\/types\/product"}],"replies":[{"embeddable":true,"href":"https:\/\/baralivres.ma\/index.php?rest_route=%2Fwp%2Fv2%2Fcomments&post=15595"}],"version-history":[{"count":1,"href":"https:\/\/baralivres.ma\/index.php?rest_route=\/wp\/v2\/product\/15595\/revisions"}],"predecessor-version":[{"id":15615,"href":"https:\/\/baralivres.ma\/index.php?rest_route=\/wp\/v2\/product\/15595\/revisions\/15615"}],"wp:featuredmedia":[{"embeddable":true,"href":"https:\/\/baralivres.ma\/index.php?rest_route=\/wp\/v2\/media\/15612"}],"wp:attachment":[{"href":"https:\/\/baralivres.ma\/index.php?rest_route=%2Fwp%2Fv2%2Fmedia&parent=15595"}],"wp:term":[{"taxonomy":"product_cat","embeddable":true,"href":"https:\/\/baralivres.ma\/index.php?rest_route=%2Fwp%2Fv2%2Fproduct_cat&post=15595"},{"taxonomy":"product_tag","embeddable":true,"href":"https:\/\/baralivres.ma\/index.php?rest_route=%2Fwp%2Fv2%2Fproduct_tag&post=15595"}],"curies":[{"name":"wp","href":"https:\/\/api.w.org\/{rel}","templated":true}]}}