{"id":15591,"date":"2023-10-30T10:24:18","date_gmt":"2023-10-30T09:24:18","guid":{"rendered":"https:\/\/baralivres.ma\/?post_type=product&#038;p=15591"},"modified":"2023-10-30T10:25:04","modified_gmt":"2023-10-30T09:25:04","slug":"la-valse-aux-adieux","status":"publish","type":"product","link":"https:\/\/baralivres.ma\/?product=la-valse-aux-adieux","title":{"rendered":"La valse aux adieux"},"content":{"rendered":"<p>Dans une charmante ville thermale au charme r\u00e9tro, huit individus s&rsquo;entrelacent au rythme d&rsquo;une valse de plus en plus rapide : une charmante infirmi\u00e8re, un gyn\u00e9cologue excentrique, un riche am\u00e9ricain, \u00e0 la fois saint et s\u00e9ducteur, un c\u00e9l\u00e8bre trompettiste, un ancien d\u00e9tenu pers\u00e9cut\u00e9 par les purges et sur le point de quitter son pays&#8230; C&rsquo;est un m\u00e9lange entre un r\u00eave d&rsquo;\u00e9t\u00e9 et une farce sombre, o\u00f9 les questions les plus s\u00e9rieuses sont abord\u00e9es avec une l\u00e9g\u00e8ret\u00e9 provocatrice, soulignant comment le monde moderne semble nous priver m\u00eame du droit au tragique.<\/p>\n","protected":false},"excerpt":{"rendered":"<p>Huit personnages se m\u00ealent dans une valse d\u00e9concertante posant des questions graves avec l\u00e9g\u00e8ret\u00e9.<\/p>\n","protected":false},"featured_media":15597,"comment_status":"open","ping_status":"closed","template":"","meta":{"inline_featured_image":false},"product_cat":[204,143],"product_tag":[],"class_list":{"0":"post-15591","1":"product","2":"type-product","3":"status-publish","4":"has-post-thumbnail","6":"product_cat-francais","7":"product_cat-roman","8":"pa_auteurs-milan-kundera","10":"first","11":"instock","12":"shipping-taxable","13":"purchasable","14":"product-type-simple"},"_links":{"self":[{"href":"https:\/\/baralivres.ma\/index.php?rest_route=\/wp\/v2\/product\/15591","targetHints":{"allow":["GET"]}}],"collection":[{"href":"https:\/\/baralivres.ma\/index.php?rest_route=\/wp\/v2\/product"}],"about":[{"href":"https:\/\/baralivres.ma\/index.php?rest_route=\/wp\/v2\/types\/product"}],"replies":[{"embeddable":true,"href":"https:\/\/baralivres.ma\/index.php?rest_route=%2Fwp%2Fv2%2Fcomments&post=15591"}],"version-history":[{"count":1,"href":"https:\/\/baralivres.ma\/index.php?rest_route=\/wp\/v2\/product\/15591\/revisions"}],"predecessor-version":[{"id":15598,"href":"https:\/\/baralivres.ma\/index.php?rest_route=\/wp\/v2\/product\/15591\/revisions\/15598"}],"wp:featuredmedia":[{"embeddable":true,"href":"https:\/\/baralivres.ma\/index.php?rest_route=\/wp\/v2\/media\/15597"}],"wp:attachment":[{"href":"https:\/\/baralivres.ma\/index.php?rest_route=%2Fwp%2Fv2%2Fmedia&parent=15591"}],"wp:term":[{"taxonomy":"product_cat","embeddable":true,"href":"https:\/\/baralivres.ma\/index.php?rest_route=%2Fwp%2Fv2%2Fproduct_cat&post=15591"},{"taxonomy":"product_tag","embeddable":true,"href":"https:\/\/baralivres.ma\/index.php?rest_route=%2Fwp%2Fv2%2Fproduct_tag&post=15591"}],"curies":[{"name":"wp","href":"https:\/\/api.w.org\/{rel}","templated":true}]}}